{"id":8139,"date":"2023-09-19T11:10:16","date_gmt":"2023-09-19T09:10:16","guid":{"rendered":"https:\/\/www.thepaddlesportshow.com\/?page_id=8139"},"modified":"2023-10-17T10:57:59","modified_gmt":"2023-10-17T08:57:59","slug":"conference-programme","status":"publish","type":"page","link":"https:\/\/thepaddlesportshow.com\/fr\/conference-programme\/","title":{"rendered":"Programme Conf\u00e9rence"},"content":{"rendered":"<div data-elementor-type=\"wp-page\" data-elementor-id=\"8139\" class=\"elementor elementor-8139\" data-elementor-post-type=\"page\">\n\t\t\t\t\t\t<section class=\"elementor-section elementor-top-section elementor-element elementor-element-f606fbf elementor-section-full_width elementor-section-stretched elementor-section-height-default elementor-section-height-default\" data-id=\"f606fbf\" data-element_type=\"section\" data-e-type=\"section\" data-settings=\"{&quot;stretch_section&quot;:&quot;section-stretched&quot;}\">\n\t\t\t\t\t\t<div class=\"elementor-container elementor-column-gap-default\">\n\t\t\t\t\t<div class=\"elementor-column elementor-col-100 elementor-top-column elementor-element elementor-element-1e29873\" data-id=\"1e29873\" data-element_type=\"column\" data-e-type=\"column\">\n\t\t\t<div class=\"elementor-widget-wrap\">\n\t\t\t\t\t\t\t<\/div>\n\t\t<\/div>\n\t\t\t\t\t<\/div>\n\t\t<\/section>\n\t\t\t\t<section class=\"elementor-section elementor-top-section elementor-element elementor-element-b149c3c elementor-section-stretched elementor-section-boxed elementor-section-height-default elementor-section-height-default\" data-id=\"b149c3c\" data-element_type=\"section\" data-e-type=\"section\" data-settings=\"{&quot;stretch_section&quot;:&quot;section-stretched&quot;}\">\n\t\t\t\t\t\t<div class=\"elementor-container elementor-column-gap-default\">\n\t\t\t\t\t<div class=\"elementor-column elementor-col-100 elementor-top-column elementor-element elementor-element-f2e2c72\" data-id=\"f2e2c72\" data-element_type=\"column\" data-e-type=\"column\">\n\t\t\t<div class=\"elementor-widget-wrap elementor-element-populated\">\n\t\t\t\t\t\t<div class=\"elementor-element elementor-element-a588c6b elementor-widget elementor-widget-image\" data-id=\"a588c6b\" data-element_type=\"widget\" data-e-type=\"widget\" data-settings=\"{&quot;ekit_we_effect_on&quot;:&quot;none&quot;}\" data-widget_type=\"image.default\">\n\t\t\t\t<div class=\"elementor-widget-container\">\n\t\t\t\t\t\t\t\t\t\t\t\t\t\t\t<img fetchpriority=\"high\" decoding=\"async\" width=\"1536\" height=\"669\" src=\"https:\/\/thepaddlesportshow.com\/wp-content\/uploads\/2023\/09\/Raoul-Getraud-5006-1536x669.jpg\" class=\"attachment-1536x1536 size-1536x1536 wp-image-8394\" alt=\"\" srcset=\"https:\/\/thepaddlesportshow.com\/wp-content\/uploads\/2023\/09\/Raoul-Getraud-5006-1536x669.jpg 1536w, https:\/\/thepaddlesportshow.com\/wp-content\/uploads\/2023\/09\/Raoul-Getraud-5006-300x131.jpg 300w, https:\/\/thepaddlesportshow.com\/wp-content\/uploads\/2023\/09\/Raoul-Getraud-5006-1024x446.jpg 1024w, https:\/\/thepaddlesportshow.com\/wp-content\/uploads\/2023\/09\/Raoul-Getraud-5006-768x334.jpg 768w, https:\/\/thepaddlesportshow.com\/wp-content\/uploads\/2023\/09\/Raoul-Getraud-5006-18x8.jpg 18w, https:\/\/thepaddlesportshow.com\/wp-content\/uploads\/2023\/09\/Raoul-Getraud-5006.jpg 1920w\" sizes=\"(max-width: 1536px) 100vw, 1536px\" \/>\t\t\t\t\t\t\t\t\t\t\t\t\t\t\t<\/div>\n\t\t\t\t<\/div>\n\t\t\t\t\t<\/div>\n\t\t<\/div>\n\t\t\t\t\t<\/div>\n\t\t<\/section>\n\t\t\t\t<section class=\"elementor-section elementor-top-section elementor-element elementor-element-b526e94 elementor-section-boxed elementor-section-height-default elementor-section-height-default\" data-id=\"b526e94\" data-element_type=\"section\" data-e-type=\"section\" data-settings=\"{&quot;background_background&quot;:&quot;classic&quot;}\">\n\t\t\t\t\t\t<div class=\"elementor-container elementor-column-gap-default\">\n\t\t\t\t\t<div class=\"elementor-column elementor-col-100 elementor-top-column elementor-element elementor-element-6a8ad76\" data-id=\"6a8ad76\" data-element_type=\"column\" data-e-type=\"column\">\n\t\t\t<div class=\"elementor-widget-wrap elementor-element-populated\">\n\t\t\t\t\t\t<div class=\"elementor-element elementor-element-ae858a1 elementor-widget elementor-widget-text-editor\" data-id=\"ae858a1\" data-element_type=\"widget\" data-e-type=\"widget\" data-settings=\"{&quot;ekit_we_effect_on&quot;:&quot;none&quot;}\" data-widget_type=\"text-editor.default\">\n\t\t\t\t<div class=\"elementor-widget-container\">\n\t\t\t\t\t\t\t\t\t<h1><strong><span style=\"color: #ffd55e;\">PROGRAMME CONF\u00c9RENCES 2023<br \/><\/span><\/strong><\/h1><p><strong>Cette ann\u00e9e encore, le Paddle Sports Show organise une s\u00e9rie de conf\u00e9rences et de d\u00e9bats autour de th\u00e8mes r\u00e9f\u00e9rents \u00e0 l'industrie des sports de pagaie ;  anim\u00e9es parJoel Doux (Outdoor \u00c9ditions)&amp; Canoe Kayak magazine) etJean-Yves Lapeyr\u00e8re (Pr\u00e9sident EC-OE, European Confederation of Outdoor Employer), et leurs nombreux intervenants, ces conf\u00e9rences seront multilingues et bas\u00e9es sur l\u2019\u00e9change et la discussion.<\/strong><\/p><h2><span style=\"color: #ffd55e;\"><strong>Mercredi 27 Septembre<sup>th<\/sup><br \/><\/strong><\/span><\/h2><h3><span style=\"color: #ffd55e;\"><strong>14h00<br \/><\/strong><\/span><span style=\"color: #ffffff;\">D\u00e9bat  \u00ab Les kids, march\u00e9 d\u2019avenir pour les Paddle Sports \u00bb<\/span><\/h3><p>C\u2019est le probl\u00e8me num\u00e9ro 1 des sports aujourd\u2019hui : comment devenir et rester attractifs pour les enfants, qui sont les clients de demain.<\/p><p>La m\u00e9diatisation et le marketing jouent dans ce domaine un r\u00f4le d\u00e9terminant. Mais on oublie aussi souvent la base : le mat\u00e9riel, qui lui aussi doit \u00eatre attractif et adapt\u00e9 aux enfants. D\u2019autres disciplines ont su jouer de quelques codes marketing mais aussi de vraies adaptations techniques pour arriver \u00e0 faire \u00e9voluer les choses. En s\u2019appuyant sur ces exemples nous essaierons de comprendre les ressorts et les actions qui permettront demain plus de pratique pour les plus jeunes\u2026qui constitue vraiment par d\u00e9finition  l\u2019avenir des Sports de pagaie.<\/p><h3><span style=\"color: #ffd55e;\"><strong>16h30<br \/><\/strong><\/span><span style=\"color: #ffffff;\">D\u00e9bat \u00ab Quel avenir pour le march\u00e9 du Stand Up Paddle \u00bb <\/span><\/h3><p>Dans un contexte un peu morose du march\u00e9 actuel, quels sont les ressorts de la pratique du SUP qui semble marquer un peu le pas apr\u00e8s un d\u00e9veloppement tr\u00e8s rapide a cours des derni\u00e8res ann\u00e9es. Quel r\u00f4le jouera d\u00e9sormais le SUP dans la dynamique des sports de pagaie, quelle synergie-ou pas avec le kayak.<\/p><p>T\u00e9moignage des marques pr\u00e9sentes et d\u00e9bat autour des nouvelles tendances de pratiques : foil, e-foil, surfski.<\/p>\t\t\t\t\t\t\t\t<\/div>\n\t\t\t\t<\/div>\n\t\t\t\t\t<\/div>\n\t\t<\/div>\n\t\t\t\t\t<\/div>\n\t\t<\/section>\n\t\t\t\t<section class=\"elementor-section elementor-top-section elementor-element elementor-element-8bf00ec elementor-section-boxed elementor-section-height-default elementor-section-height-default\" data-id=\"8bf00ec\" data-element_type=\"section\" data-e-type=\"section\" data-settings=\"{&quot;background_background&quot;:&quot;classic&quot;}\">\n\t\t\t\t\t\t<div class=\"elementor-container elementor-column-gap-default\">\n\t\t\t\t\t<div class=\"elementor-column elementor-col-100 elementor-top-column elementor-element elementor-element-dfbb149\" data-id=\"dfbb149\" data-element_type=\"column\" data-e-type=\"column\">\n\t\t\t<div class=\"elementor-widget-wrap elementor-element-populated\">\n\t\t\t\t\t\t<div class=\"elementor-element elementor-element-b30ebef elementor-widget elementor-widget-text-editor\" data-id=\"b30ebef\" data-element_type=\"widget\" data-e-type=\"widget\" data-settings=\"{&quot;ekit_we_effect_on&quot;:&quot;none&quot;}\" data-widget_type=\"text-editor.default\">\n\t\t\t\t<div class=\"elementor-widget-container\">\n\t\t\t\t\t\t\t\t\t<h2><span style=\"color: #ffd55e;\"><strong>Jeudi 28 Septembre<sup>th<\/sup><br \/><\/strong><\/span><\/h2><h3><span style=\"color: #ffd55e;\"><strong>11h00<br \/><\/strong><\/span><span style=\"color: #ffffff;\">Surf-ski, Pirogue, et m\u00eame Sea Kayaking pour pagayer fitness<\/span><\/h3><p>Le surf-ski et la pirogue sont des engins qui permettent d\u2019aborder les spots de pagaie sous un angle nouveau, celui du  fitness grand public. Plus ludiques, plus sexy,  plus rassurants, ils donnent envie de monter \u00e0 bord et de pratiquer autrement. Une image plus glamour pour le sport ? Un v\u00e9ritable march\u00e9 en devenir ? En tout cas, une offre encore trop souvent manquante dans la famille des sports de pagaies.<\/p><h3><span style=\"color: #ffd55e;\"><strong>14h00<br \/><\/strong><\/span><span style=\"color: #ffffff;\">Prot\u00e9ger les rivi\u00e8res ensemble !<br \/><\/span><span style=\"color: #ffffff;\">Pr\u00e9sent\u00e9 par les ONG \"Free Rivers Fund\" et \"Save the Austari J\u00f6kuls\u00e1\". <\/span><\/h3><p>Tout le monde est invit\u00e9 \u00e0 participer et \u00e0 (re)d\u00e9couvrir les actions positives qui ont \u00e9t\u00e9 men\u00e9es au sein des communaut\u00e9s de d\u00e9fense de nos rivi\u00e8res. Des id\u00e9es et des questions seront pos\u00e9es pour aider \u00e0 comprendre comment nous pouvons tous participer \u00e0 la protection des rivi\u00e8res \u00e0 \u00e9coulement libre.<\/p><h3><span style=\"color: #ffd55e;\"><strong>16h00<br \/><\/strong><\/span><span style=\"color: #ffffff;\">D\u00e9bat  \u00ab Au fait, on fait comment pour vendre un kayak ? (pr\u00e9sentation)<\/span><\/h3><p>Vendre un kayak ce n\u2019est jamais simple ; que l\u2019on soit un sp\u00e9cialiste ou pas, mais c\u2019est encore plus difficile quand on n\u2019est pas un sp\u00e9cialiste, car il existe une multiplicit\u00e9 de types de produits en fonction des milieux, niveaux, et pratiques. En s\u2019appuyant sur des exemples pr\u00e9cis et des retours d\u2019exp\u00e9rience, on abordera les sp\u00e9cificit\u00e9s des produits et la mani\u00e8re de les aborder au cours d\u2019une vente. Avec les t\u00e9moignages de diff\u00e9rents acteurs du circuit de distribution et des marques.<\/p>\t\t\t\t\t\t\t\t<\/div>\n\t\t\t\t<\/div>\n\t\t\t\t\t<\/div>\n\t\t<\/div>\n\t\t\t\t\t<\/div>\n\t\t<\/section>\n\t\t\t\t<section class=\"elementor-section elementor-top-section elementor-element elementor-element-0d9ff99 elementor-section-boxed elementor-section-height-default elementor-section-height-default\" data-id=\"0d9ff99\" data-element_type=\"section\" data-e-type=\"section\" data-settings=\"{&quot;background_background&quot;:&quot;classic&quot;}\">\n\t\t\t\t\t\t<div class=\"elementor-container elementor-column-gap-default\">\n\t\t\t\t\t<div class=\"elementor-column elementor-col-100 elementor-top-column elementor-element elementor-element-84717f7\" data-id=\"84717f7\" data-element_type=\"column\" data-e-type=\"column\">\n\t\t\t<div class=\"elementor-widget-wrap elementor-element-populated\">\n\t\t\t\t\t\t<div class=\"elementor-element elementor-element-b055b48 elementor-widget elementor-widget-text-editor\" data-id=\"b055b48\" data-element_type=\"widget\" data-e-type=\"widget\" data-settings=\"{&quot;ekit_we_effect_on&quot;:&quot;none&quot;}\" data-widget_type=\"text-editor.default\">\n\t\t\t\t<div class=\"elementor-widget-container\">\n\t\t\t\t\t\t\t\t\t<h2><span style=\"color: #ffd55e;\"><strong>Vendredi 29 Septembre<sup>th<\/sup><br \/><\/strong><\/span><\/h2><h3><span style=\"color: #ffd55e;\"><strong>10h30<br \/><\/strong><\/span><span style=\"color: #ffffff;\">&#8220;The Virtuous Paddle <\/span><span style=\"color: #ffffff;\">Sports<\/span><span style=\"color: #ffffff;\"> Recycling Chain<br \/><\/span><span style=\"color: #ffffff;\">Le recyclage des produits paddle sports<br \/><\/span><span style=\"color: #ffffff;\">Et si les shops devenaient des points de collecte et le chainon essentiel du process de recyclage?<\/span><\/h3><p>Que faire de nos \u00e9quipements en fin de vie? Comment l\u2019industrie et le circuit de distribution des sports de pagaie peuvent-ils s\u2019impliquer et jouer un r\u00f4le d\u00e9terminant pour le cycle des produits ? Bob Tims anime une discussion qui pr\u00e9sente un programme de collecte et de recyclage de produits, dans lequel les shops sont au centre d\u2019un dispositif ambitieux, entre le pratiquant et le fabriquant. \u00c9changes et r\u00e9flexions autour d\u2019une id\u00e9e vertueuse et peut \u00eatre pas si difficile \u00e0 mettre en place.<\/p>\t\t\t\t\t\t\t\t<\/div>\n\t\t\t\t<\/div>\n\t\t\t\t\t<\/div>\n\t\t<\/div>\n\t\t\t\t\t<\/div>\n\t\t<\/section>\n\t\t\t\t<\/div>","protected":false},"excerpt":{"rendered":"<p>CONFERENCE PROGRAM 2023 Once again this year, the Paddle Sports Show is organising a series of conferences and debates on themes relating to the paddle sports industry. Hosted by Joel Doux (Outdoor Editions &amp; Canoe Kayak magazine) and Jean-Yves Lapeyr\u00e8re (President EC-OE, European Confederation of Outdoor Employer), and their numerous speakers, these conferences will be [&hellip;]<\/p>\n","protected":false},"author":1,"featured_media":0,"parent":0,"menu_order":0,"comment_status":"closed","ping_status":"closed","template":"","meta":{"footnotes":""},"categories":[],"tags":[],"class_list":["post-8139","page","type-page","status-publish","hentry"],"yoast_head":"<!-- This site is optimized with the Yoast SEO plugin v27.1.1 - https:\/\/yoast.com\/product\/yoast-seo-wordpress\/ -->\n<title>Conference Program - The Paddle Sport Show<\/title>\n<meta name=\"robots\" content=\"index, follow, max-snippet:-1, max-image-preview:large, max-video-preview:-1\" \/>\n<link rel=\"canonical\" href=\"https:\/\/thepaddlesportshow.com\/fr\/conference-programme\/\" \/>\n<meta property=\"og:locale\" content=\"fr_FR\" \/>\n<meta property=\"og:type\" content=\"article\" \/>\n<meta property=\"og:title\" content=\"Conference Program - The Paddle Sport Show\" \/>\n<meta property=\"og:description\" content=\"CONFERENCE PROGRAM 2023 Once again this year, the Paddle Sports Show is organising a series of conferences and debates on themes relating to the paddle sports industry. Hosted by Joel Doux (Outdoor Editions &amp; Canoe Kayak magazine) and Jean-Yves Lapeyr\u00e8re (President EC-OE, European Confederation of Outdoor Employer), and their numerous speakers, these conferences will be [&hellip;]\" \/>\n<meta property=\"og:url\" content=\"https:\/\/thepaddlesportshow.com\/fr\/conference-programme\/\" \/>\n<meta property=\"og:site_name\" content=\"The Paddle Sport Show\" \/>\n<meta property=\"article:publisher\" content=\"https:\/\/facebook.com\/paddlesportshow\/\" \/>\n<meta property=\"article:modified_time\" content=\"2023-10-17T08:57:59+00:00\" \/>\n<meta property=\"og:image\" content=\"https:\/\/www.thepaddlesportshow.com\/wp-content\/uploads\/2023\/09\/Raoul-Getraud-5006-1536x669.jpg\" \/>\n<meta name=\"twitter:card\" content=\"summary_large_image\" \/>\n<meta name=\"twitter:label1\" content=\"Dur\u00e9e de lecture estim\u00e9e\" \/>\n\t<meta name=\"twitter:data1\" content=\"3 minutes\" \/>\n<script type=\"application\/ld+json\" class=\"yoast-schema-graph\">{\"@context\":\"https:\/\/schema.org\",\"@graph\":[{\"@type\":\"WebPage\",\"@id\":\"https:\/\/thepaddlesportshow.com\/conference-programme\/\",\"url\":\"https:\/\/thepaddlesportshow.com\/conference-programme\/\",\"name\":\"Conference Program - The Paddle Sport Show\",\"isPartOf\":{\"@id\":\"https:\/\/thepaddlesportshow.com\/#website\"},\"primaryImageOfPage\":{\"@id\":\"https:\/\/thepaddlesportshow.com\/conference-programme\/#primaryimage\"},\"image\":{\"@id\":\"https:\/\/thepaddlesportshow.com\/conference-programme\/#primaryimage\"},\"thumbnailUrl\":\"https:\/\/www.thepaddlesportshow.com\/wp-content\/uploads\/2023\/09\/Raoul-Getraud-5006-1536x669.jpg\",\"datePublished\":\"2023-09-19T09:10:16+00:00\",\"dateModified\":\"2023-10-17T08:57:59+00:00\",\"breadcrumb\":{\"@id\":\"https:\/\/thepaddlesportshow.com\/conference-programme\/#breadcrumb\"},\"inLanguage\":\"fr-FR\",\"potentialAction\":[{\"@type\":\"ReadAction\",\"target\":[\"https:\/\/thepaddlesportshow.com\/conference-programme\/\"]}]},{\"@type\":\"ImageObject\",\"inLanguage\":\"fr-FR\",\"@id\":\"https:\/\/thepaddlesportshow.com\/conference-programme\/#primaryimage\",\"url\":\"https:\/\/www.thepaddlesportshow.com\/wp-content\/uploads\/2023\/09\/Raoul-Getraud-5006-1536x669.jpg\",\"contentUrl\":\"https:\/\/www.thepaddlesportshow.com\/wp-content\/uploads\/2023\/09\/Raoul-Getraud-5006-1536x669.jpg\"},{\"@type\":\"BreadcrumbList\",\"@id\":\"https:\/\/thepaddlesportshow.com\/conference-programme\/#breadcrumb\",\"itemListElement\":[{\"@type\":\"ListItem\",\"position\":1,\"name\":\"Home\",\"item\":\"https:\/\/thepaddlesportshow.com\/\"},{\"@type\":\"ListItem\",\"position\":2,\"name\":\"Conference Program\"}]},{\"@type\":\"WebSite\",\"@id\":\"https:\/\/thepaddlesportshow.com\/#website\",\"url\":\"https:\/\/thepaddlesportshow.com\/\",\"name\":\"The Paddle Sport Show\",\"description\":\"The international Paddle Sports industry trade show\",\"potentialAction\":[{\"@type\":\"SearchAction\",\"target\":{\"@type\":\"EntryPoint\",\"urlTemplate\":\"https:\/\/thepaddlesportshow.com\/?s={search_term_string}\"},\"query-input\":{\"@type\":\"PropertyValueSpecification\",\"valueRequired\":true,\"valueName\":\"search_term_string\"}}],\"inLanguage\":\"fr-FR\"}]}<\/script>\n<!-- \/ Yoast SEO plugin. -->","yoast_head_json":{"title":"Conference Program - The Paddle Sport Show","robots":{"index":"index","follow":"follow","max-snippet":"max-snippet:-1","max-image-preview":"max-image-preview:large","max-video-preview":"max-video-preview:-1"},"canonical":"https:\/\/thepaddlesportshow.com\/fr\/conference-programme\/","og_locale":"fr_FR","og_type":"article","og_title":"Conference Program - The Paddle Sport Show","og_description":"CONFERENCE PROGRAM 2023 Once again this year, the Paddle Sports Show is organising a series of conferences and debates on themes relating to the paddle sports industry. Hosted by Joel Doux (Outdoor Editions &amp; Canoe Kayak magazine) and Jean-Yves Lapeyr\u00e8re (President EC-OE, European Confederation of Outdoor Employer), and their numerous speakers, these conferences will be [&hellip;]","og_url":"https:\/\/thepaddlesportshow.com\/fr\/conference-programme\/","og_site_name":"The Paddle Sport Show","article_publisher":"https:\/\/facebook.com\/paddlesportshow\/","article_modified_time":"2023-10-17T08:57:59+00:00","og_image":[{"url":"https:\/\/www.thepaddlesportshow.com\/wp-content\/uploads\/2023\/09\/Raoul-Getraud-5006-1536x669.jpg","type":"","width":"","height":""}],"twitter_card":"summary_large_image","twitter_misc":{"Dur\u00e9e de lecture estim\u00e9e":"3 minutes"},"schema":{"@context":"https:\/\/schema.org","@graph":[{"@type":"WebPage","@id":"https:\/\/thepaddlesportshow.com\/conference-programme\/","url":"https:\/\/thepaddlesportshow.com\/conference-programme\/","name":"Conference Program - The Paddle Sport Show","isPartOf":{"@id":"https:\/\/thepaddlesportshow.com\/#website"},"primaryImageOfPage":{"@id":"https:\/\/thepaddlesportshow.com\/conference-programme\/#primaryimage"},"image":{"@id":"https:\/\/thepaddlesportshow.com\/conference-programme\/#primaryimage"},"thumbnailUrl":"https:\/\/www.thepaddlesportshow.com\/wp-content\/uploads\/2023\/09\/Raoul-Getraud-5006-1536x669.jpg","datePublished":"2023-09-19T09:10:16+00:00","dateModified":"2023-10-17T08:57:59+00:00","breadcrumb":{"@id":"https:\/\/thepaddlesportshow.com\/conference-programme\/#breadcrumb"},"inLanguage":"fr-FR","potentialAction":[{"@type":"ReadAction","target":["https:\/\/thepaddlesportshow.com\/conference-programme\/"]}]},{"@type":"ImageObject","inLanguage":"fr-FR","@id":"https:\/\/thepaddlesportshow.com\/conference-programme\/#primaryimage","url":"https:\/\/www.thepaddlesportshow.com\/wp-content\/uploads\/2023\/09\/Raoul-Getraud-5006-1536x669.jpg","contentUrl":"https:\/\/www.thepaddlesportshow.com\/wp-content\/uploads\/2023\/09\/Raoul-Getraud-5006-1536x669.jpg"},{"@type":"BreadcrumbList","@id":"https:\/\/thepaddlesportshow.com\/conference-programme\/#breadcrumb","itemListElement":[{"@type":"ListItem","position":1,"name":"Home","item":"https:\/\/thepaddlesportshow.com\/"},{"@type":"ListItem","position":2,"name":"Conference Program"}]},{"@type":"WebSite","@id":"https:\/\/thepaddlesportshow.com\/#website","url":"https:\/\/thepaddlesportshow.com\/","name":"The Paddle Sport Show","description":"The international Paddle Sports industry trade show","potentialAction":[{"@type":"SearchAction","target":{"@type":"EntryPoint","urlTemplate":"https:\/\/thepaddlesportshow.com\/?s={search_term_string}"},"query-input":{"@type":"PropertyValueSpecification","valueRequired":true,"valueName":"search_term_string"}}],"inLanguage":"fr-FR"}]}},"_links":{"self":[{"href":"https:\/\/thepaddlesportshow.com\/fr\/wp-json\/wp\/v2\/pages\/8139","targetHints":{"allow":["GET"]}}],"collection":[{"href":"https:\/\/thepaddlesportshow.com\/fr\/wp-json\/wp\/v2\/pages"}],"about":[{"href":"https:\/\/thepaddlesportshow.com\/fr\/wp-json\/wp\/v2\/types\/page"}],"author":[{"embeddable":true,"href":"https:\/\/thepaddlesportshow.com\/fr\/wp-json\/wp\/v2\/users\/1"}],"replies":[{"embeddable":true,"href":"https:\/\/thepaddlesportshow.com\/fr\/wp-json\/wp\/v2\/comments?post=8139"}],"version-history":[{"count":0,"href":"https:\/\/thepaddlesportshow.com\/fr\/wp-json\/wp\/v2\/pages\/8139\/revisions"}],"wp:attachment":[{"href":"https:\/\/thepaddlesportshow.com\/fr\/wp-json\/wp\/v2\/media?parent=8139"}],"wp:term":[{"taxonomy":"category","embeddable":true,"href":"https:\/\/thepaddlesportshow.com\/fr\/wp-json\/wp\/v2\/categories?post=8139"},{"taxonomy":"post_tag","embeddable":true,"href":"https:\/\/thepaddlesportshow.com\/fr\/wp-json\/wp\/v2\/tags?post=8139"}],"curies":[{"name":"wp","href":"https:\/\/api.w.org\/{rel}","templated":true}]}}