{"id":16877,"date":"2026-05-05T16:46:51","date_gmt":"2026-05-05T14:46:51","guid":{"rendered":"https:\/\/thepaddlesportshow.com\/?page_id=16877"},"modified":"2026-05-05T16:52:38","modified_gmt":"2026-05-05T14:52:38","slug":"where-to-stay-2026","status":"publish","type":"page","link":"https:\/\/thepaddlesportshow.com\/fr\/where-to-stay-2026\/","title":{"rendered":"O\u00f9 se loger"},"content":{"rendered":"<div data-elementor-type=\"wp-page\" data-elementor-id=\"16877\" class=\"elementor elementor-16877\" data-elementor-post-type=\"page\">\n\t\t\t\t\t\t<section class=\"elementor-section elementor-top-section elementor-element elementor-element-61fb221 elementor-section-content-middle elementor-section-boxed elementor-section-height-default elementor-section-height-default\" data-id=\"61fb221\" data-element_type=\"section\" data-e-type=\"section\" data-settings=\"{&quot;background_background&quot;:&quot;classic&quot;}\">\n\t\t\t\t\t\t\t<div class=\"elementor-background-overlay\"><\/div>\n\t\t\t\t\t\t\t<div class=\"elementor-container elementor-column-gap-default\">\n\t\t\t\t\t<div class=\"elementor-column elementor-col-66 elementor-top-column elementor-element elementor-element-1308023\" data-id=\"1308023\" data-element_type=\"column\" data-e-type=\"column\" data-settings=\"{&quot;background_background&quot;:&quot;classic&quot;}\">\n\t\t\t<div class=\"elementor-widget-wrap elementor-element-populated\">\n\t\t\t\t\t\t<div class=\"elementor-element elementor-element-ac136bf elementor-widget elementor-widget-text-editor\" data-id=\"ac136bf\" data-element_type=\"widget\" data-e-type=\"widget\" data-settings=\"{&quot;ekit_we_effect_on&quot;:&quot;none&quot;}\" data-widget_type=\"text-editor.default\">\n\t\t\t\t<div class=\"elementor-widget-container\">\n\t\t\t\t\t\t\t\t\t<p>TARIFS SP\u00c9CIAUX POUR LES EXPOSANTS ET LES VISITEURS<\/p>\t\t\t\t\t\t\t\t<\/div>\n\t\t\t\t<\/div>\n\t\t\t\t<div class=\"elementor-element elementor-element-73bec65 elementor-widget elementor-widget-text-editor\" data-id=\"73bec65\" data-element_type=\"widget\" data-e-type=\"widget\" data-settings=\"{&quot;ekit_we_effect_on&quot;:&quot;none&quot;}\" data-widget_type=\"text-editor.default\">\n\t\t\t\t<div class=\"elementor-widget-container\">\n\t\t\t\t\t\t\t\t\t<p><strong>Economisez 20 % sur le tarif du jour au Hilton Stasbourg (petit d\u00e9jeuner inclus!)<\/strong><\/p>\t\t\t\t\t\t\t\t<\/div>\n\t\t\t\t<\/div>\n\t\t\t\t<div class=\"elementor-element elementor-element-c785768 elementor-align-left elementor-widget elementor-widget-button\" data-id=\"c785768\" data-element_type=\"widget\" data-e-type=\"widget\" data-settings=\"{&quot;ekit_we_effect_on&quot;:&quot;none&quot;}\" data-widget_type=\"button.default\">\n\t\t\t\t<div class=\"elementor-widget-container\">\n\t\t\t\t\t\t\t\t\t<div class=\"elementor-button-wrapper\">\n\t\t\t\t\t<a class=\"elementor-button elementor-button-link elementor-size-sm\" href=\"https:\/\/www.hilton.com\/en\/book\/reservation\/flexibledates\/?ctyhocn=SXBHITW&#038;arrivalDate=2022-07-07&#038;departureDate=2022-07-08&#038;groupCode=GPREFA&#038;room1NumAdults=1&#038;fromId=HILTONLINKDIRECT&#038;cid=OH,MB,attendmyevent,MULTIPR,OfferCTA,Multipage,Book,i81912\" target=\"_blank\">\n\t\t\t\t\t\t<span class=\"elementor-button-content-wrapper\">\n\t\t\t\t\t\t\t\t\t<span class=\"elementor-button-text\">r\u00e9server<\/span>\n\t\t\t\t\t<\/span>\n\t\t\t\t\t<\/a>\n\t\t\t\t<\/div>\n\t\t\t\t\t\t\t\t<\/div>\n\t\t\t\t<\/div>\n\t\t\t\t\t<\/div>\n\t\t<\/div>\n\t\t\t\t<div class=\"elementor-column elementor-col-33 elementor-top-column elementor-element elementor-element-6c95689\" data-id=\"6c95689\" data-element_type=\"column\" data-e-type=\"column\" data-settings=\"{&quot;background_background&quot;:&quot;classic&quot;}\">\n\t\t\t<div class=\"elementor-widget-wrap elementor-element-populated\">\n\t\t\t\t\t\t<div class=\"elementor-element elementor-element-5d22351 elementor-widget elementor-widget-image\" data-id=\"5d22351\" data-element_type=\"widget\" data-e-type=\"widget\" data-settings=\"{&quot;ekit_we_effect_on&quot;:&quot;none&quot;}\" data-widget_type=\"image.default\">\n\t\t\t\t<div class=\"elementor-widget-container\">\n\t\t\t\t\t\t\t\t\t\t\t\t\t\t\t<img fetchpriority=\"high\" decoding=\"async\" width=\"648\" height=\"268\" src=\"https:\/\/thepaddlesportshow.com\/wp-content\/uploads\/2026\/05\/hilton.jpg\" class=\"attachment-large size-large wp-image-16873\" alt=\"\" srcset=\"https:\/\/thepaddlesportshow.com\/wp-content\/uploads\/2026\/05\/hilton.jpg 648w, https:\/\/thepaddlesportshow.com\/wp-content\/uploads\/2026\/05\/hilton-300x124.jpg 300w, https:\/\/thepaddlesportshow.com\/wp-content\/uploads\/2026\/05\/hilton-18x7.jpg 18w\" sizes=\"(max-width: 648px) 100vw, 648px\" \/>\t\t\t\t\t\t\t\t\t\t\t\t\t\t\t<\/div>\n\t\t\t\t<\/div>\n\t\t\t\t\t<\/div>\n\t\t<\/div>\n\t\t\t\t\t<\/div>\n\t\t<\/section>\n\t\t\t\t<section class=\"elementor-section elementor-top-section elementor-element elementor-element-15ab902 elementor-section-boxed elementor-section-height-default elementor-section-height-default\" data-id=\"15ab902\" data-element_type=\"section\" data-e-type=\"section\">\n\t\t\t\t\t\t<div class=\"elementor-container elementor-column-gap-default\">\n\t\t\t\t\t<div class=\"elementor-column elementor-col-100 elementor-top-column elementor-element elementor-element-d509a31\" data-id=\"d509a31\" data-element_type=\"column\" data-e-type=\"column\">\n\t\t\t<div class=\"elementor-widget-wrap elementor-element-populated\">\n\t\t\t\t\t\t<div class=\"elementor-element elementor-element-d7cd2fb elementor-widget elementor-widget-heading\" data-id=\"d7cd2fb\" data-element_type=\"widget\" data-e-type=\"widget\" data-settings=\"{&quot;ekit_we_effect_on&quot;:&quot;none&quot;}\" data-widget_type=\"heading.default\">\n\t\t\t\t<div class=\"elementor-widget-container\">\n\t\t\t\t\t<h2 class=\"elementor-heading-title elementor-size-default\">Paddle Sports Show Accommodations\u200b<\/h2>\t\t\t\t<\/div>\n\t\t\t\t<\/div>\n\t\t\t\t\t<\/div>\n\t\t<\/div>\n\t\t\t\t\t<\/div>\n\t\t<\/section>\n\t\t\t\t<section class=\"elementor-section elementor-top-section elementor-element elementor-element-0f66c18 elementor-section-boxed elementor-section-height-default elementor-section-height-default\" data-id=\"0f66c18\" data-element_type=\"section\" data-e-type=\"section\">\n\t\t\t\t\t\t<div class=\"elementor-container elementor-column-gap-default\">\n\t\t\t\t\t<div class=\"elementor-column elementor-col-100 elementor-top-column elementor-element elementor-element-aa03a23\" data-id=\"aa03a23\" data-element_type=\"column\" data-e-type=\"column\">\n\t\t\t<div class=\"elementor-widget-wrap elementor-element-populated\">\n\t\t\t\t\t\t<div class=\"elementor-element elementor-element-34e4b0c elementor-widget elementor-widget-text-editor\" data-id=\"34e4b0c\" data-element_type=\"widget\" data-e-type=\"widget\" data-settings=\"{&quot;ekit_we_effect_on&quot;:&quot;none&quot;}\" data-widget_type=\"text-editor.default\">\n\t\t\t\t<div class=\"elementor-widget-container\">\n\t\t\t\t\t\t\t\t\t<p>Bien que de nombreux hotels se situent \u00e0 moins de 5 minutes de marche du salon, le centre ville de Strasbourg se situe \u00e0 quelques arr\u00eats de Tram (moins de 10 min) et \u00e0 5 minutes en taxi.\u00a0<br \/><b>Le centre d'exposition se situe \u00e0 l'angle de l'avenue Herrenschmidt et de la rue Fritz Kieffer.<br \/><\/b><b><\/b><b><span style=\"color: #ff2600;\">Nous recommandons les 3 h\u00f4tels suivants, situ\u00e9s \u00e0 moins de 3 minutes \u00e0 pied du salon !<\/span><\/b><\/p>\t\t\t\t\t\t\t\t<\/div>\n\t\t\t\t<\/div>\n\t\t\t\t\t<\/div>\n\t\t<\/div>\n\t\t\t\t\t<\/div>\n\t\t<\/section>\n\t\t\t\t<section class=\"elementor-section elementor-top-section elementor-element elementor-element-26f1cdc elementor-section-boxed elementor-section-height-default elementor-section-height-default\" data-id=\"26f1cdc\" data-element_type=\"section\" data-e-type=\"section\">\n\t\t\t\t\t\t<div class=\"elementor-container elementor-column-gap-default\">\n\t\t\t\t\t<div class=\"elementor-column elementor-col-100 elementor-top-column elementor-element elementor-element-0531658\" data-id=\"0531658\" data-element_type=\"column\" data-e-type=\"column\">\n\t\t\t<div class=\"elementor-widget-wrap elementor-element-populated\">\n\t\t\t\t\t\t<div class=\"elementor-element elementor-element-031b071 elementor-widget elementor-widget-text-editor\" data-id=\"031b071\" data-element_type=\"widget\" data-e-type=\"widget\" data-settings=\"{&quot;ekit_we_effect_on&quot;:&quot;none&quot;}\" data-widget_type=\"text-editor.default\">\n\t\t\t\t<div class=\"elementor-widget-container\">\n\t\t\t\t\t\t\t\t\t<h3>Hilton Strasbourg<\/h3>\t\t\t\t\t\t\t\t<\/div>\n\t\t\t\t<\/div>\n\t\t\t\t\t<\/div>\n\t\t<\/div>\n\t\t\t\t\t<\/div>\n\t\t<\/section>\n\t\t\t\t<section class=\"elementor-section elementor-top-section elementor-element elementor-element-091a443 elementor-section-boxed elementor-section-height-default elementor-section-height-default\" data-id=\"091a443\" data-element_type=\"section\" data-e-type=\"section\">\n\t\t\t\t\t\t<div class=\"elementor-container elementor-column-gap-default\">\n\t\t\t\t\t<div class=\"elementor-column elementor-col-100 elementor-top-column elementor-element elementor-element-e95d2ab\" data-id=\"e95d2ab\" data-element_type=\"column\" data-e-type=\"column\">\n\t\t\t<div class=\"elementor-widget-wrap elementor-element-populated\">\n\t\t\t\t\t\t<div class=\"elementor-element elementor-element-c658f8e elementor-widget elementor-widget-text-editor\" data-id=\"c658f8e\" data-element_type=\"widget\" data-e-type=\"widget\" data-settings=\"{&quot;ekit_we_effect_on&quot;:&quot;none&quot;}\" data-widget_type=\"text-editor.default\">\n\t\t\t\t<div class=\"elementor-widget-container\">\n\t\t\t\t\t\t\t\t\t<h3>AC Hotel by Marriott Strasbourg<\/h3>\t\t\t\t\t\t\t\t<\/div>\n\t\t\t\t<\/div>\n\t\t\t\t\t<\/div>\n\t\t<\/div>\n\t\t\t\t\t<\/div>\n\t\t<\/section>\n\t\t\t\t<section class=\"elementor-section elementor-top-section elementor-element elementor-element-e9b758f elementor-section-boxed elementor-section-height-default elementor-section-height-default\" data-id=\"e9b758f\" data-element_type=\"section\" data-e-type=\"section\">\n\t\t\t\t\t\t<div class=\"elementor-container elementor-column-gap-default\">\n\t\t\t\t\t<div class=\"elementor-column elementor-col-100 elementor-top-column elementor-element elementor-element-150198f\" data-id=\"150198f\" data-element_type=\"column\" data-e-type=\"column\">\n\t\t\t<div class=\"elementor-widget-wrap elementor-element-populated\">\n\t\t\t\t\t\t<div class=\"elementor-element elementor-element-ab52066 elementor-widget elementor-widget-text-editor\" data-id=\"ab52066\" data-element_type=\"widget\" data-e-type=\"widget\" data-settings=\"{&quot;ekit_we_effect_on&quot;:&quot;none&quot;}\" data-widget_type=\"text-editor.default\">\n\t\t\t\t<div class=\"elementor-widget-container\">\n\t\t\t\t\t\t\t\t\t<h3>Residence Inn by Marriott Strasbourg<\/h3>\t\t\t\t\t\t\t\t<\/div>\n\t\t\t\t<\/div>\n\t\t\t\t\t<\/div>\n\t\t<\/div>\n\t\t\t\t\t<\/div>\n\t\t<\/section>\n\t\t\t\t<section class=\"elementor-section elementor-top-section elementor-element elementor-element-ff55c6b elementor-section-boxed elementor-section-height-default elementor-section-height-default\" data-id=\"ff55c6b\" data-element_type=\"section\" data-e-type=\"section\">\n\t\t\t\t\t\t<div class=\"elementor-container elementor-column-gap-default\">\n\t\t\t\t\t<div class=\"elementor-column elementor-col-100 elementor-top-column elementor-element elementor-element-4b0a7b1\" data-id=\"4b0a7b1\" data-element_type=\"column\" data-e-type=\"column\">\n\t\t\t<div class=\"elementor-widget-wrap elementor-element-populated\">\n\t\t\t\t\t\t<div class=\"elementor-element elementor-element-a7ffbc2 elementor-widget elementor-widget-image\" data-id=\"a7ffbc2\" data-element_type=\"widget\" data-e-type=\"widget\" data-settings=\"{&quot;ekit_we_effect_on&quot;:&quot;none&quot;}\" data-widget_type=\"image.default\">\n\t\t\t\t<div class=\"elementor-widget-container\">\n\t\t\t\t\t\t\t\t\t\t\t\t\t\t\t<img decoding=\"async\" width=\"1536\" height=\"1088\" src=\"https:\/\/thepaddlesportshow.com\/wp-content\/uploads\/2023\/02\/mapEN-1536x1088.jpg\" class=\"attachment-1536x1536 size-1536x1536 wp-image-5349\" alt=\"\" srcset=\"https:\/\/thepaddlesportshow.com\/wp-content\/uploads\/2023\/02\/mapEN-1536x1088.jpg 1536w, https:\/\/thepaddlesportshow.com\/wp-content\/uploads\/2023\/02\/mapEN-300x212.jpg 300w, https:\/\/thepaddlesportshow.com\/wp-content\/uploads\/2023\/02\/mapEN-1024x725.jpg 1024w, https:\/\/thepaddlesportshow.com\/wp-content\/uploads\/2023\/02\/mapEN-768x544.jpg 768w, https:\/\/thepaddlesportshow.com\/wp-content\/uploads\/2023\/02\/mapEN-18x12.jpg 18w, https:\/\/thepaddlesportshow.com\/wp-content\/uploads\/2023\/02\/mapEN.jpg 1600w\" sizes=\"(max-width: 1536px) 100vw, 1536px\" \/>\t\t\t\t\t\t\t\t\t\t\t\t\t\t\t<\/div>\n\t\t\t\t<\/div>\n\t\t\t\t\t<\/div>\n\t\t<\/div>\n\t\t\t\t\t<\/div>\n\t\t<\/section>\n\t\t\t\t<\/div>","protected":false},"excerpt":{"rendered":"<p>SPECIAL RATES FOR EXHIBITORS &amp; VISITORS Enjoy 20% off the daily rate at Hilton Strasbourg, with breakfast included. Book here Paddle Sports Show Accommodations\u200b Please take a look at the map below in order to choose the best hotel or rental place for your needs at the Paddle Sports Show in Strasbourg. Note that while [&hellip;]<\/p>\n","protected":false},"author":1,"featured_media":0,"parent":0,"menu_order":0,"comment_status":"closed","ping_status":"closed","template":"","meta":{"footnotes":""},"categories":[],"tags":[],"class_list":["post-16877","page","type-page","status-publish","hentry"],"yoast_head":"<!-- This site is optimized with the Yoast SEO plugin v27.1.1 - https:\/\/yoast.com\/product\/yoast-seo-wordpress\/ -->\n<title>Where to stay - The Paddle Sport Show<\/title>\n<meta name=\"robots\" content=\"index, follow, max-snippet:-1, max-image-preview:large, max-video-preview:-1\" \/>\n<link rel=\"canonical\" href=\"https:\/\/thepaddlesportshow.com\/fr\/where-to-stay-2026\/\" \/>\n<meta property=\"og:locale\" content=\"fr_FR\" \/>\n<meta property=\"og:type\" content=\"article\" \/>\n<meta property=\"og:title\" content=\"Where to stay - The Paddle Sport Show\" \/>\n<meta property=\"og:description\" content=\"SPECIAL RATES FOR EXHIBITORS &amp; VISITORS Enjoy 20% off the daily rate at Hilton Strasbourg, with breakfast included. Book here Paddle Sports Show Accommodations\u200b Please take a look at the map below in order to choose the best hotel or rental place for your needs at the Paddle Sports Show in Strasbourg. Note that while [&hellip;]\" \/>\n<meta property=\"og:url\" content=\"https:\/\/thepaddlesportshow.com\/fr\/where-to-stay-2026\/\" \/>\n<meta property=\"og:site_name\" content=\"The Paddle Sport Show\" \/>\n<meta property=\"article:publisher\" content=\"https:\/\/facebook.com\/paddlesportshow\/\" \/>\n<meta property=\"article:modified_time\" content=\"2026-05-05T14:52:38+00:00\" \/>\n<meta property=\"og:image\" content=\"https:\/\/thepaddlesportshow.com\/wp-content\/uploads\/2026\/05\/hilton.jpg\" \/>\n\t<meta property=\"og:image:width\" content=\"648\" \/>\n\t<meta property=\"og:image:height\" content=\"268\" \/>\n\t<meta property=\"og:image:type\" content=\"image\/jpeg\" \/>\n<meta name=\"twitter:card\" content=\"summary_large_image\" \/>\n<meta name=\"twitter:label1\" content=\"Dur\u00e9e de lecture estim\u00e9e\" \/>\n\t<meta name=\"twitter:data1\" content=\"1 minute\" \/>\n<script type=\"application\/ld+json\" class=\"yoast-schema-graph\">{\"@context\":\"https:\/\/schema.org\",\"@graph\":[{\"@type\":\"WebPage\",\"@id\":\"https:\/\/thepaddlesportshow.com\/where-to-stay-2026\/\",\"url\":\"https:\/\/thepaddlesportshow.com\/where-to-stay-2026\/\",\"name\":\"Where to stay - The Paddle Sport Show\",\"isPartOf\":{\"@id\":\"https:\/\/thepaddlesportshow.com\/#website\"},\"primaryImageOfPage\":{\"@id\":\"https:\/\/thepaddlesportshow.com\/where-to-stay-2026\/#primaryimage\"},\"image\":{\"@id\":\"https:\/\/thepaddlesportshow.com\/where-to-stay-2026\/#primaryimage\"},\"thumbnailUrl\":\"https:\/\/thepaddlesportshow.com\/wp-content\/uploads\/2026\/05\/hilton.jpg\",\"datePublished\":\"2026-05-05T14:46:51+00:00\",\"dateModified\":\"2026-05-05T14:52:38+00:00\",\"breadcrumb\":{\"@id\":\"https:\/\/thepaddlesportshow.com\/where-to-stay-2026\/#breadcrumb\"},\"inLanguage\":\"fr-FR\",\"potentialAction\":[{\"@type\":\"ReadAction\",\"target\":[\"https:\/\/thepaddlesportshow.com\/where-to-stay-2026\/\"]}]},{\"@type\":\"ImageObject\",\"inLanguage\":\"fr-FR\",\"@id\":\"https:\/\/thepaddlesportshow.com\/where-to-stay-2026\/#primaryimage\",\"url\":\"https:\/\/thepaddlesportshow.com\/wp-content\/uploads\/2026\/05\/hilton.jpg\",\"contentUrl\":\"https:\/\/thepaddlesportshow.com\/wp-content\/uploads\/2026\/05\/hilton.jpg\"},{\"@type\":\"BreadcrumbList\",\"@id\":\"https:\/\/thepaddlesportshow.com\/where-to-stay-2026\/#breadcrumb\",\"itemListElement\":[{\"@type\":\"ListItem\",\"position\":1,\"name\":\"Home\",\"item\":\"https:\/\/thepaddlesportshow.com\/\"},{\"@type\":\"ListItem\",\"position\":2,\"name\":\"Where to stay\"}]},{\"@type\":\"WebSite\",\"@id\":\"https:\/\/thepaddlesportshow.com\/#website\",\"url\":\"https:\/\/thepaddlesportshow.com\/\",\"name\":\"The Paddle Sport Show\",\"description\":\"The international Paddle Sports industry trade show\",\"potentialAction\":[{\"@type\":\"SearchAction\",\"target\":{\"@type\":\"EntryPoint\",\"urlTemplate\":\"https:\/\/thepaddlesportshow.com\/?s={search_term_string}\"},\"query-input\":{\"@type\":\"PropertyValueSpecification\",\"valueRequired\":true,\"valueName\":\"search_term_string\"}}],\"inLanguage\":\"fr-FR\"}]}<\/script>\n<!-- \/ Yoast SEO plugin. -->","yoast_head_json":{"title":"Where to stay - The Paddle Sport Show","robots":{"index":"index","follow":"follow","max-snippet":"max-snippet:-1","max-image-preview":"max-image-preview:large","max-video-preview":"max-video-preview:-1"},"canonical":"https:\/\/thepaddlesportshow.com\/fr\/where-to-stay-2026\/","og_locale":"fr_FR","og_type":"article","og_title":"Where to stay - The Paddle Sport Show","og_description":"SPECIAL RATES FOR EXHIBITORS &amp; VISITORS Enjoy 20% off the daily rate at Hilton Strasbourg, with breakfast included. Book here Paddle Sports Show Accommodations\u200b Please take a look at the map below in order to choose the best hotel or rental place for your needs at the Paddle Sports Show in Strasbourg. Note that while [&hellip;]","og_url":"https:\/\/thepaddlesportshow.com\/fr\/where-to-stay-2026\/","og_site_name":"The Paddle Sport Show","article_publisher":"https:\/\/facebook.com\/paddlesportshow\/","article_modified_time":"2026-05-05T14:52:38+00:00","og_image":[{"width":648,"height":268,"url":"https:\/\/thepaddlesportshow.com\/wp-content\/uploads\/2026\/05\/hilton.jpg","type":"image\/jpeg"}],"twitter_card":"summary_large_image","twitter_misc":{"Dur\u00e9e de lecture estim\u00e9e":"1 minute"},"schema":{"@context":"https:\/\/schema.org","@graph":[{"@type":"WebPage","@id":"https:\/\/thepaddlesportshow.com\/where-to-stay-2026\/","url":"https:\/\/thepaddlesportshow.com\/where-to-stay-2026\/","name":"Where to stay - The Paddle Sport Show","isPartOf":{"@id":"https:\/\/thepaddlesportshow.com\/#website"},"primaryImageOfPage":{"@id":"https:\/\/thepaddlesportshow.com\/where-to-stay-2026\/#primaryimage"},"image":{"@id":"https:\/\/thepaddlesportshow.com\/where-to-stay-2026\/#primaryimage"},"thumbnailUrl":"https:\/\/thepaddlesportshow.com\/wp-content\/uploads\/2026\/05\/hilton.jpg","datePublished":"2026-05-05T14:46:51+00:00","dateModified":"2026-05-05T14:52:38+00:00","breadcrumb":{"@id":"https:\/\/thepaddlesportshow.com\/where-to-stay-2026\/#breadcrumb"},"inLanguage":"fr-FR","potentialAction":[{"@type":"ReadAction","target":["https:\/\/thepaddlesportshow.com\/where-to-stay-2026\/"]}]},{"@type":"ImageObject","inLanguage":"fr-FR","@id":"https:\/\/thepaddlesportshow.com\/where-to-stay-2026\/#primaryimage","url":"https:\/\/thepaddlesportshow.com\/wp-content\/uploads\/2026\/05\/hilton.jpg","contentUrl":"https:\/\/thepaddlesportshow.com\/wp-content\/uploads\/2026\/05\/hilton.jpg"},{"@type":"BreadcrumbList","@id":"https:\/\/thepaddlesportshow.com\/where-to-stay-2026\/#breadcrumb","itemListElement":[{"@type":"ListItem","position":1,"name":"Home","item":"https:\/\/thepaddlesportshow.com\/"},{"@type":"ListItem","position":2,"name":"Where to stay"}]},{"@type":"WebSite","@id":"https:\/\/thepaddlesportshow.com\/#website","url":"https:\/\/thepaddlesportshow.com\/","name":"The Paddle Sport Show","description":"The international Paddle Sports industry trade show","potentialAction":[{"@type":"SearchAction","target":{"@type":"EntryPoint","urlTemplate":"https:\/\/thepaddlesportshow.com\/?s={search_term_string}"},"query-input":{"@type":"PropertyValueSpecification","valueRequired":true,"valueName":"search_term_string"}}],"inLanguage":"fr-FR"}]}},"_links":{"self":[{"href":"https:\/\/thepaddlesportshow.com\/fr\/wp-json\/wp\/v2\/pages\/16877","targetHints":{"allow":["GET"]}}],"collection":[{"href":"https:\/\/thepaddlesportshow.com\/fr\/wp-json\/wp\/v2\/pages"}],"about":[{"href":"https:\/\/thepaddlesportshow.com\/fr\/wp-json\/wp\/v2\/types\/page"}],"author":[{"embeddable":true,"href":"https:\/\/thepaddlesportshow.com\/fr\/wp-json\/wp\/v2\/users\/1"}],"replies":[{"embeddable":true,"href":"https:\/\/thepaddlesportshow.com\/fr\/wp-json\/wp\/v2\/comments?post=16877"}],"version-history":[{"count":2,"href":"https:\/\/thepaddlesportshow.com\/fr\/wp-json\/wp\/v2\/pages\/16877\/revisions"}],"predecessor-version":[{"id":16885,"href":"https:\/\/thepaddlesportshow.com\/fr\/wp-json\/wp\/v2\/pages\/16877\/revisions\/16885"}],"wp:attachment":[{"href":"https:\/\/thepaddlesportshow.com\/fr\/wp-json\/wp\/v2\/media?parent=16877"}],"wp:term":[{"taxonomy":"category","embeddable":true,"href":"https:\/\/thepaddlesportshow.com\/fr\/wp-json\/wp\/v2\/categories?post=16877"},{"taxonomy":"post_tag","embeddable":true,"href":"https:\/\/thepaddlesportshow.com\/fr\/wp-json\/wp\/v2\/tags?post=16877"}],"curies":[{"name":"wp","href":"https:\/\/api.w.org\/{rel}","templated":true}]}}