{"id":12302,"date":"2024-09-09T16:00:30","date_gmt":"2024-09-09T14:00:30","guid":{"rendered":"https:\/\/www.thepaddlesportshow.com\/?page_id=12302"},"modified":"2024-09-17T13:56:40","modified_gmt":"2024-09-17T11:56:40","slug":"melker-varmdo-2024","status":"publish","type":"page","link":"https:\/\/thepaddlesportshow.com\/fr\/melker-varmdo-2024\/","title":{"rendered":"MELKER &#8211; V\u00e4rmd\u00f6 2024"},"content":{"rendered":"\t\t<div data-elementor-type=\"wp-page\" data-elementor-id=\"12302\" class=\"elementor elementor-12302\" data-elementor-post-type=\"page\">\n\t\t\t\t\t\t<section class=\"elementor-section elementor-top-section elementor-element elementor-element-09f4cf1 elementor-section-boxed elementor-section-height-default elementor-section-height-default\" data-id=\"09f4cf1\" data-element_type=\"section\" data-e-type=\"section\">\n\t\t\t\t\t\t<div class=\"elementor-container elementor-column-gap-default\">\n\t\t\t\t\t<div class=\"elementor-column elementor-col-100 elementor-top-column elementor-element elementor-element-6bf0267\" data-id=\"6bf0267\" data-element_type=\"column\" data-e-type=\"column\">\n\t\t\t<div class=\"elementor-widget-wrap elementor-element-populated\">\n\t\t\t\t\t\t<div class=\"elementor-element elementor-element-ec49118 elementor-widget elementor-widget-heading\" data-id=\"ec49118\" data-element_type=\"widget\" data-e-type=\"widget\" data-settings=\"{&quot;ekit_we_effect_on&quot;:&quot;none&quot;}\" data-widget_type=\"heading.default\">\n\t\t\t\t<div class=\"elementor-widget-container\">\n\t\t\t\t\t<h2 class=\"elementor-heading-title elementor-size-default\">MELKER - V\u00e4rmd\u00f6<\/h2>\t\t\t\t<\/div>\n\t\t\t\t<\/div>\n\t\t\t\t\t<\/div>\n\t\t<\/div>\n\t\t\t\t\t<\/div>\n\t\t<\/section>\n\t\t\t\t<section class=\"elementor-section elementor-top-section elementor-element elementor-element-c104ed3 elementor-section-boxed elementor-section-height-default elementor-section-height-default\" data-id=\"c104ed3\" data-element_type=\"section\" data-e-type=\"section\">\n\t\t\t\t\t\t<div class=\"elementor-container elementor-column-gap-default\">\n\t\t\t\t\t<div class=\"elementor-column elementor-col-100 elementor-top-column elementor-element elementor-element-94b4440\" data-id=\"94b4440\" data-element_type=\"column\" data-e-type=\"column\">\n\t\t\t<div class=\"elementor-widget-wrap elementor-element-populated\">\n\t\t\t\t\t\t<div class=\"elementor-element elementor-element-48cba7b elementor-widget elementor-widget-image\" data-id=\"48cba7b\" data-element_type=\"widget\" data-e-type=\"widget\" data-settings=\"{&quot;ekit_we_effect_on&quot;:&quot;none&quot;}\" data-widget_type=\"image.default\">\n\t\t\t\t<div class=\"elementor-widget-container\">\n\t\t\t\t\t\t\t\t\t\t\t\t\t\t\t<img fetchpriority=\"high\" decoding=\"async\" width=\"1200\" height=\"1200\" src=\"https:\/\/thepaddlesportshow.com\/wp-content\/uploads\/2024\/09\/shutupandtakemymoney.jpg\" class=\"attachment-full size-full wp-image-12910\" alt=\"\" srcset=\"https:\/\/thepaddlesportshow.com\/wp-content\/uploads\/2024\/09\/shutupandtakemymoney.jpg 1200w, https:\/\/thepaddlesportshow.com\/wp-content\/uploads\/2024\/09\/shutupandtakemymoney-300x300.jpg 300w, https:\/\/thepaddlesportshow.com\/wp-content\/uploads\/2024\/09\/shutupandtakemymoney-1024x1024.jpg 1024w, https:\/\/thepaddlesportshow.com\/wp-content\/uploads\/2024\/09\/shutupandtakemymoney-150x150.jpg 150w, https:\/\/thepaddlesportshow.com\/wp-content\/uploads\/2024\/09\/shutupandtakemymoney-768x768.jpg 768w, https:\/\/thepaddlesportshow.com\/wp-content\/uploads\/2024\/09\/shutupandtakemymoney-12x12.jpg 12w\" sizes=\"(max-width: 1200px) 100vw, 1200px\" \/>\t\t\t\t\t\t\t\t\t\t\t\t\t\t\t<\/div>\n\t\t\t\t<\/div>\n\t\t\t\t<div class=\"elementor-element elementor-element-f651831 elementor-widget elementor-widget-image\" data-id=\"f651831\" data-element_type=\"widget\" data-e-type=\"widget\" data-settings=\"{&quot;ekit_we_effect_on&quot;:&quot;none&quot;}\" data-widget_type=\"image.default\">\n\t\t\t\t<div class=\"elementor-widget-container\">\n\t\t\t\t\t\t\t\t\t\t\t\t\t\t\t<img decoding=\"async\" src=\"https:\/\/www.thepaddlesportshow.com\/wp-content\/uploads\/2023\/09\/Lettmann_Biskaya_2.0-scaled.jpg\" title=\"\" alt=\"\" loading=\"lazy\" \/>\t\t\t\t\t\t\t\t\t\t\t\t\t\t\t<\/div>\n\t\t\t\t<\/div>\n\t\t\t\t\t<\/div>\n\t\t<\/div>\n\t\t\t\t\t<\/div>\n\t\t<\/section>\n\t\t\t\t<section class=\"elementor-section elementor-top-section elementor-element elementor-element-8e5ce71 elementor-section-boxed elementor-section-height-default elementor-section-height-default\" data-id=\"8e5ce71\" data-element_type=\"section\" data-e-type=\"section\">\n\t\t\t\t\t\t<div class=\"elementor-container elementor-column-gap-default\">\n\t\t\t\t\t<div class=\"elementor-column elementor-col-100 elementor-top-column elementor-element elementor-element-af6df3c\" data-id=\"af6df3c\" data-element_type=\"column\" data-e-type=\"column\">\n\t\t\t<div class=\"elementor-widget-wrap elementor-element-populated\">\n\t\t\t\t\t\t<div class=\"elementor-element elementor-element-979954d elementor-widget elementor-widget-text-editor\" data-id=\"979954d\" data-element_type=\"widget\" data-e-type=\"widget\" data-settings=\"{&quot;ekit_we_effect_on&quot;:&quot;none&quot;}\" data-widget_type=\"text-editor.default\">\n\t\t\t\t<div class=\"elementor-widget-container\">\n\t\t\t\t\t\t\t\t\t<p>With Melker V\u00e4rmd\u00f6 we introduce our next generation of lightweight, high-performance, and plant-based construction in a really comfy, and playful light touring &amp; recreational kayak.<\/p><p>V\u00e4rmd\u00f6 is targeted at savvy performance paddlers and the more recreational \u201dla dolce vita paddlers\u201d who want to feel like rockstars on the water (still being able to easily toss it up on the roof rack post paddling).<\/p><p>Sleek, forgiving, and stable for new paddlers to learn, with performance characteristics, predictability and endless playtime for surf, roll, carve, and rock gardening.<\/p><p>The adjustable skeg (optional rudder) allows for true tracking in even the most challenging waters. Melker V\u00e4rmd\u00f6 also packs well enough for your light overnight adventures, including a large inside cockpit storage with an easy access 8,5\u201d click-on cover.<\/p><p>It also comes with our all-new premium cockpit with easy sit-in adjustability for pedals, backrest and seat pan. Combined with the fully customizable &amp; padded thigh braces and hip pads, it gives you exceptional comfort &#8211; tailored just for you!<\/p><p><strong>Length (cm)<\/strong>\u00a0 411\u00a0 \/\u00a0 442<br \/><strong>Width (cm)<\/strong>\u00a0\u00a0 59,5\u00a0 \/\u00a0 62<br \/><strong>Weight (kg)<\/strong>\u00a0\u00a0 19\u00a0 \/ 20\u00a0<\/p><p>Melker V\u00e4rmd\u00f6 is designed and developed in Sweden with our proprietary plant-based, durable, and feather-light technology which revolutionizes the industry and helps protect the waters and environment we all love.<\/p><p><strong>Our all-natural, sustainable and high-performance construction combines partly plant-based resin and flax fibres with a solid cork core, which allows our kayaks to achieve the highest possible mechanical properties.<\/strong><\/p><p>Movie from prototype production \/ 3D printing; <a href=\"http:\/\/www.youtube.com\/watch?v=dbRJbWUKVNM\">www.youtube.com\/watch?v=dbRJbWUKVNM<\/a><\/p><p><a href=\"https:\/\/www.melkerofsweden.se\" target=\"_blank\" rel=\"noopener\">https:\/\/www.melkerofsweden.se<\/a><\/p>\t\t\t\t\t\t\t\t<\/div>\n\t\t\t\t<\/div>\n\t\t\t\t\t<\/div>\n\t\t<\/div>\n\t\t\t\t\t<\/div>\n\t\t<\/section>\n\t\t\t\t<section class=\"elementor-section elementor-top-section elementor-element elementor-element-a22f1de elementor-section-boxed elementor-section-height-default elementor-section-height-default\" data-id=\"a22f1de\" data-element_type=\"section\" data-e-type=\"section\">\n\t\t\t\t\t\t<div class=\"elementor-container elementor-column-gap-default\">\n\t\t\t\t\t<div class=\"elementor-column elementor-col-100 elementor-top-column elementor-element elementor-element-e96d925\" data-id=\"e96d925\" data-element_type=\"column\" data-e-type=\"column\">\n\t\t\t<div class=\"elementor-widget-wrap elementor-element-populated\">\n\t\t\t\t\t\t<div class=\"elementor-element elementor-element-ad8af3c elementor-widget-divider--view-line elementor-widget elementor-widget-divider\" data-id=\"ad8af3c\" data-element_type=\"widget\" data-e-type=\"widget\" data-settings=\"{&quot;ekit_we_effect_on&quot;:&quot;none&quot;}\" data-widget_type=\"divider.default\">\n\t\t\t\t<div class=\"elementor-widget-container\">\n\t\t\t\t\t\t\t<div class=\"elementor-divider\">\n\t\t\t<span class=\"elementor-divider-separator\">\n\t\t\t\t\t\t<\/span>\n\t\t<\/div>\n\t\t\t\t\t\t<\/div>\n\t\t\t\t<\/div>\n\t\t\t\t\t<\/div>\n\t\t<\/div>\n\t\t\t\t\t<\/div>\n\t\t<\/section>\n\t\t\t\t<section class=\"elementor-section elementor-top-section elementor-element elementor-element-7423ab4 elementor-section-boxed elementor-section-height-default elementor-section-height-default\" data-id=\"7423ab4\" data-element_type=\"section\" data-e-type=\"section\">\n\t\t\t\t\t\t<div class=\"elementor-container elementor-column-gap-default\">\n\t\t\t\t\t<div class=\"elementor-column elementor-col-100 elementor-top-column elementor-element elementor-element-a2ecc0f\" data-id=\"a2ecc0f\" data-element_type=\"column\" data-e-type=\"column\">\n\t\t\t<div class=\"elementor-widget-wrap elementor-element-populated\">\n\t\t\t\t\t\t<div class=\"elementor-element elementor-element-c6cb5aa elementor-widget elementor-widget-text-editor\" data-id=\"c6cb5aa\" data-element_type=\"widget\" data-e-type=\"widget\" data-settings=\"{&quot;_animation&quot;:&quot;none&quot;,&quot;_animation_delay&quot;:5000,&quot;ekit_we_effect_on&quot;:&quot;none&quot;}\" data-widget_type=\"text-editor.default\">\n\t\t\t\t<div class=\"elementor-widget-container\">\n\t\t\t\t\t\t\t\t\t<p>My <strong>DEALER BUZZ<\/strong> Goes to this Product<\/p>\t\t\t\t\t\t\t\t<\/div>\n\t\t\t\t<\/div>\n\t\t\t\t\t<\/div>\n\t\t<\/div>\n\t\t\t\t\t<\/div>\n\t\t<\/section>\n\t\t\t\t<section class=\"elementor-section elementor-top-section elementor-element elementor-element-ed82741 elementor-section-full_width elementor-section-height-default elementor-section-height-default\" data-id=\"ed82741\" data-element_type=\"section\" data-e-type=\"section\">\n\t\t\t\t\t\t<div class=\"elementor-container elementor-column-gap-default\">\n\t\t\t\t\t<div class=\"elementor-column elementor-col-100 elementor-top-column elementor-element elementor-element-c4b2b93\" data-id=\"c4b2b93\" data-element_type=\"column\" data-e-type=\"column\">\n\t\t\t<div class=\"elementor-widget-wrap elementor-element-populated\">\n\t\t\t\t\t\t<div class=\"elementor-element elementor-element-d242d0e elementor-button-align-start elementor-widget elementor-widget-form\" data-id=\"d242d0e\" data-element_type=\"widget\" data-e-type=\"widget\" data-settings=\"{&quot;step_next_label&quot;:&quot;Next&quot;,&quot;step_previous_label&quot;:&quot;Previous&quot;,&quot;button_width&quot;:&quot;20&quot;,&quot;step_type&quot;:&quot;number_text&quot;,&quot;step_icon_shape&quot;:&quot;circle&quot;,&quot;ekit_we_effect_on&quot;:&quot;none&quot;}\" data-widget_type=\"form.default\">\n\t\t\t\t<div class=\"elementor-widget-container\">\n\t\t\t\t\t\t\t<form class=\"elementor-form\" method=\"post\" name=\"Nouveau formulaire\" aria-label=\"Nouveau formulaire\">\n\t\t\t<input type=\"hidden\" name=\"post_id\" value=\"12302\"\/>\n\t\t\t<input type=\"hidden\" name=\"form_id\" value=\"d242d0e\"\/>\n\t\t\t<input type=\"hidden\" name=\"referer_title\" value=\"MELKER - V\u00e4rmd\u00f6 2024 - The Paddle Sport Show\" \/>\n\n\t\t\t\t\t\t\t<input type=\"hidden\" name=\"queried_id\" value=\"12302\"\/>\n\t\t\t\n\t\t\t<div class=\"elementor-form-fields-wrapper elementor-labels-above\">\n\t\t\t\t\t\t\t\t<div class=\"elementor-field-type-text elementor-field-group elementor-column elementor-field-group-name elementor-col-60 elementor-field-required elementor-mark-required\">\n\t\t\t\t\t\t\t\t\t\t\t\t<label for=\"form-field-name\" class=\"elementor-field-label\">\n\t\t\t\t\t\t\t\tName\t\t\t\t\t\t\t<\/label>\n\t\t\t\t\t\t\t\t\t\t\t\t\t\t<input size=\"1\" type=\"text\" name=\"form_fields[name]\" id=\"form-field-name\" class=\"elementor-field elementor-size-sm  elementor-field-textual\" required=\"required\">\n\t\t\t\t\t\t\t\t\t\t\t<\/div>\n\t\t\t\t\t\t\t\t<div class=\"elementor-field-type-email elementor-field-group elementor-column elementor-field-group-email elementor-col-60 elementor-field-required elementor-mark-required\">\n\t\t\t\t\t\t\t\t\t\t\t\t<label for=\"form-field-email\" class=\"elementor-field-label\">\n\t\t\t\t\t\t\t\tYour email\t\t\t\t\t\t\t<\/label>\n\t\t\t\t\t\t\t\t\t\t\t\t\t\t<input size=\"1\" type=\"email\" name=\"form_fields[email]\" id=\"form-field-email\" class=\"elementor-field elementor-size-sm  elementor-field-textual\" required=\"required\">\n\t\t\t\t\t\t\t\t\t\t\t<\/div>\n\t\t\t\t\t\t\t\t<div class=\"elementor-field-type-text elementor-field-group elementor-column elementor-field-group-field_177d0d1 elementor-col-60 elementor-field-required elementor-mark-required\">\n\t\t\t\t\t\t\t\t\t\t\t\t<label for=\"form-field-field_177d0d1\" class=\"elementor-field-label\">\n\t\t\t\t\t\t\t\tShop\/company name\t\t\t\t\t\t\t<\/label>\n\t\t\t\t\t\t\t\t\t\t\t\t\t\t<input size=\"1\" type=\"text\" name=\"form_fields[field_177d0d1]\" id=\"form-field-field_177d0d1\" class=\"elementor-field elementor-size-sm  elementor-field-textual\" required=\"required\">\n\t\t\t\t\t\t\t\t\t\t\t<\/div>\n\t\t\t\t\t\t\t\t<div class=\"elementor-field-type-recaptcha_v3 elementor-field-group elementor-column elementor-field-group-field_6b0864c elementor-col-100 recaptcha_v3-inline\">\n\t\t\t\t\t<div class=\"elementor-field\" id=\"form-field-field_6b0864c\"><div class=\"elementor-g-recaptcha\" data-sitekey=\"6LcXjuMZAAAAAP8V7-6NWnw_nJIgYeVAwiYOosk1\" data-type=\"v3\" data-action=\"Form\" data-badge=\"inline\" data-size=\"invisible\"><\/div><\/div>\t\t\t\t<\/div>\n\t\t\t\t\t\t\t\t<div class=\"elementor-field-group elementor-column elementor-field-type-submit elementor-col-20 e-form__buttons\">\n\t\t\t\t\t<button class=\"elementor-button elementor-size-sm\" type=\"submit\">\n\t\t\t\t\t\t<span class=\"elementor-button-content-wrapper\">\n\t\t\t\t\t\t\t\t\t\t\t\t\t\t\t\t\t\t\t\t\t\t<span class=\"elementor-button-text\">VOTE!<\/span>\n\t\t\t\t\t\t\t\t\t\t\t\t\t<\/span>\n\t\t\t\t\t<\/button>\n\t\t\t\t<\/div>\n\t\t\t<\/div>\n\t\t<\/form>\n\t\t\t\t\t\t<\/div>\n\t\t\t\t<\/div>\n\t\t\t\t\t<\/div>\n\t\t<\/div>\n\t\t\t\t\t<\/div>\n\t\t<\/section>\n\t\t\t\t<\/div>\n\t\t","protected":false},"excerpt":{"rendered":"<p>MELKER &#8211; V\u00e4rmd\u00f6 With Melker V\u00e4rmd\u00f6 we introduce our next generation of lightweight, high-performance, and plant-based construction in a really comfy, and playful light touring &amp; recreational kayak. V\u00e4rmd\u00f6 is targeted at savvy performance paddlers and the more recreational \u201dla dolce vita paddlers\u201d who want to feel like rockstars on the water (still being able [&hellip;]<\/p>\n","protected":false},"author":1,"featured_media":0,"parent":0,"menu_order":0,"comment_status":"closed","ping_status":"closed","template":"","meta":{"footnotes":""},"categories":[],"tags":[],"class_list":["post-12302","page","type-page","status-publish","hentry"],"yoast_head":"<!-- This site is optimized with the Yoast SEO plugin v27.1.1 - https:\/\/yoast.com\/product\/yoast-seo-wordpress\/ -->\n<title>MELKER - V\u00e4rmd\u00f6 2024 - The Paddle Sport Show<\/title>\n<meta name=\"robots\" content=\"index, follow, max-snippet:-1, max-image-preview:large, max-video-preview:-1\" \/>\n<link rel=\"canonical\" href=\"https:\/\/thepaddlesportshow.com\/fr\/melker-varmdo-2024\/\" \/>\n<meta property=\"og:locale\" content=\"fr_FR\" \/>\n<meta property=\"og:type\" content=\"article\" \/>\n<meta property=\"og:title\" content=\"MELKER - V\u00e4rmd\u00f6 2024 - The Paddle Sport Show\" \/>\n<meta property=\"og:description\" content=\"MELKER &#8211; V\u00e4rmd\u00f6 With Melker V\u00e4rmd\u00f6 we introduce our next generation of lightweight, high-performance, and plant-based construction in a really comfy, and playful light touring &amp; recreational kayak. V\u00e4rmd\u00f6 is targeted at savvy performance paddlers and the more recreational \u201dla dolce vita paddlers\u201d who want to feel like rockstars on the water (still being able [&hellip;]\" \/>\n<meta property=\"og:url\" content=\"https:\/\/thepaddlesportshow.com\/fr\/melker-varmdo-2024\/\" \/>\n<meta property=\"og:site_name\" content=\"The Paddle Sport Show\" \/>\n<meta property=\"article:publisher\" content=\"https:\/\/facebook.com\/paddlesportshow\/\" \/>\n<meta property=\"article:modified_time\" content=\"2024-09-17T11:56:40+00:00\" \/>\n<meta property=\"og:image\" content=\"https:\/\/www.thepaddlesportshow.com\/wp-content\/uploads\/2024\/09\/shutupandtakemymoney.jpg\" \/>\n<meta name=\"twitter:card\" content=\"summary_large_image\" \/>\n<meta name=\"twitter:label1\" content=\"Dur\u00e9e de lecture estim\u00e9e\" \/>\n\t<meta name=\"twitter:data1\" content=\"1 minute\" \/>\n<script type=\"application\/ld+json\" class=\"yoast-schema-graph\">{\"@context\":\"https:\/\/schema.org\",\"@graph\":[{\"@type\":\"WebPage\",\"@id\":\"https:\/\/thepaddlesportshow.com\/melker-varmdo-2024\/\",\"url\":\"https:\/\/thepaddlesportshow.com\/melker-varmdo-2024\/\",\"name\":\"MELKER - V\u00e4rmd\u00f6 2024 - The Paddle Sport Show\",\"isPartOf\":{\"@id\":\"https:\/\/thepaddlesportshow.com\/#website\"},\"primaryImageOfPage\":{\"@id\":\"https:\/\/thepaddlesportshow.com\/melker-varmdo-2024\/#primaryimage\"},\"image\":{\"@id\":\"https:\/\/thepaddlesportshow.com\/melker-varmdo-2024\/#primaryimage\"},\"thumbnailUrl\":\"https:\/\/www.thepaddlesportshow.com\/wp-content\/uploads\/2024\/09\/shutupandtakemymoney.jpg\",\"datePublished\":\"2024-09-09T14:00:30+00:00\",\"dateModified\":\"2024-09-17T11:56:40+00:00\",\"breadcrumb\":{\"@id\":\"https:\/\/thepaddlesportshow.com\/melker-varmdo-2024\/#breadcrumb\"},\"inLanguage\":\"fr-FR\",\"potentialAction\":[{\"@type\":\"ReadAction\",\"target\":[\"https:\/\/thepaddlesportshow.com\/melker-varmdo-2024\/\"]}]},{\"@type\":\"ImageObject\",\"inLanguage\":\"fr-FR\",\"@id\":\"https:\/\/thepaddlesportshow.com\/melker-varmdo-2024\/#primaryimage\",\"url\":\"https:\/\/www.thepaddlesportshow.com\/wp-content\/uploads\/2024\/09\/shutupandtakemymoney.jpg\",\"contentUrl\":\"https:\/\/www.thepaddlesportshow.com\/wp-content\/uploads\/2024\/09\/shutupandtakemymoney.jpg\"},{\"@type\":\"BreadcrumbList\",\"@id\":\"https:\/\/thepaddlesportshow.com\/melker-varmdo-2024\/#breadcrumb\",\"itemListElement\":[{\"@type\":\"ListItem\",\"position\":1,\"name\":\"Home\",\"item\":\"https:\/\/thepaddlesportshow.com\/\"},{\"@type\":\"ListItem\",\"position\":2,\"name\":\"MELKER &#8211; V\u00e4rmd\u00f6 2024\"}]},{\"@type\":\"WebSite\",\"@id\":\"https:\/\/thepaddlesportshow.com\/#website\",\"url\":\"https:\/\/thepaddlesportshow.com\/\",\"name\":\"The Paddle Sport Show\",\"description\":\"The international Paddle Sports industry trade show\",\"potentialAction\":[{\"@type\":\"SearchAction\",\"target\":{\"@type\":\"EntryPoint\",\"urlTemplate\":\"https:\/\/thepaddlesportshow.com\/?s={search_term_string}\"},\"query-input\":{\"@type\":\"PropertyValueSpecification\",\"valueRequired\":true,\"valueName\":\"search_term_string\"}}],\"inLanguage\":\"fr-FR\"}]}<\/script>\n<!-- \/ Yoast SEO plugin. -->","yoast_head_json":{"title":"MELKER - V\u00e4rmd\u00f6 2024 - The Paddle Sport Show","robots":{"index":"index","follow":"follow","max-snippet":"max-snippet:-1","max-image-preview":"max-image-preview:large","max-video-preview":"max-video-preview:-1"},"canonical":"https:\/\/thepaddlesportshow.com\/fr\/melker-varmdo-2024\/","og_locale":"fr_FR","og_type":"article","og_title":"MELKER - V\u00e4rmd\u00f6 2024 - The Paddle Sport Show","og_description":"MELKER &#8211; V\u00e4rmd\u00f6 With Melker V\u00e4rmd\u00f6 we introduce our next generation of lightweight, high-performance, and plant-based construction in a really comfy, and playful light touring &amp; recreational kayak. V\u00e4rmd\u00f6 is targeted at savvy performance paddlers and the more recreational \u201dla dolce vita paddlers\u201d who want to feel like rockstars on the water (still being able [&hellip;]","og_url":"https:\/\/thepaddlesportshow.com\/fr\/melker-varmdo-2024\/","og_site_name":"The Paddle Sport Show","article_publisher":"https:\/\/facebook.com\/paddlesportshow\/","article_modified_time":"2024-09-17T11:56:40+00:00","og_image":[{"url":"https:\/\/www.thepaddlesportshow.com\/wp-content\/uploads\/2024\/09\/shutupandtakemymoney.jpg","type":"","width":"","height":""}],"twitter_card":"summary_large_image","twitter_misc":{"Dur\u00e9e de lecture estim\u00e9e":"1 minute"},"schema":{"@context":"https:\/\/schema.org","@graph":[{"@type":"WebPage","@id":"https:\/\/thepaddlesportshow.com\/melker-varmdo-2024\/","url":"https:\/\/thepaddlesportshow.com\/melker-varmdo-2024\/","name":"MELKER - V\u00e4rmd\u00f6 2024 - The Paddle Sport Show","isPartOf":{"@id":"https:\/\/thepaddlesportshow.com\/#website"},"primaryImageOfPage":{"@id":"https:\/\/thepaddlesportshow.com\/melker-varmdo-2024\/#primaryimage"},"image":{"@id":"https:\/\/thepaddlesportshow.com\/melker-varmdo-2024\/#primaryimage"},"thumbnailUrl":"https:\/\/www.thepaddlesportshow.com\/wp-content\/uploads\/2024\/09\/shutupandtakemymoney.jpg","datePublished":"2024-09-09T14:00:30+00:00","dateModified":"2024-09-17T11:56:40+00:00","breadcrumb":{"@id":"https:\/\/thepaddlesportshow.com\/melker-varmdo-2024\/#breadcrumb"},"inLanguage":"fr-FR","potentialAction":[{"@type":"ReadAction","target":["https:\/\/thepaddlesportshow.com\/melker-varmdo-2024\/"]}]},{"@type":"ImageObject","inLanguage":"fr-FR","@id":"https:\/\/thepaddlesportshow.com\/melker-varmdo-2024\/#primaryimage","url":"https:\/\/www.thepaddlesportshow.com\/wp-content\/uploads\/2024\/09\/shutupandtakemymoney.jpg","contentUrl":"https:\/\/www.thepaddlesportshow.com\/wp-content\/uploads\/2024\/09\/shutupandtakemymoney.jpg"},{"@type":"BreadcrumbList","@id":"https:\/\/thepaddlesportshow.com\/melker-varmdo-2024\/#breadcrumb","itemListElement":[{"@type":"ListItem","position":1,"name":"Home","item":"https:\/\/thepaddlesportshow.com\/"},{"@type":"ListItem","position":2,"name":"MELKER &#8211; V\u00e4rmd\u00f6 2024"}]},{"@type":"WebSite","@id":"https:\/\/thepaddlesportshow.com\/#website","url":"https:\/\/thepaddlesportshow.com\/","name":"The Paddle Sport Show","description":"The international Paddle Sports industry trade show","potentialAction":[{"@type":"SearchAction","target":{"@type":"EntryPoint","urlTemplate":"https:\/\/thepaddlesportshow.com\/?s={search_term_string}"},"query-input":{"@type":"PropertyValueSpecification","valueRequired":true,"valueName":"search_term_string"}}],"inLanguage":"fr-FR"}]}},"_links":{"self":[{"href":"https:\/\/thepaddlesportshow.com\/fr\/wp-json\/wp\/v2\/pages\/12302","targetHints":{"allow":["GET"]}}],"collection":[{"href":"https:\/\/thepaddlesportshow.com\/fr\/wp-json\/wp\/v2\/pages"}],"about":[{"href":"https:\/\/thepaddlesportshow.com\/fr\/wp-json\/wp\/v2\/types\/page"}],"author":[{"embeddable":true,"href":"https:\/\/thepaddlesportshow.com\/fr\/wp-json\/wp\/v2\/users\/1"}],"replies":[{"embeddable":true,"href":"https:\/\/thepaddlesportshow.com\/fr\/wp-json\/wp\/v2\/comments?post=12302"}],"version-history":[{"count":0,"href":"https:\/\/thepaddlesportshow.com\/fr\/wp-json\/wp\/v2\/pages\/12302\/revisions"}],"wp:attachment":[{"href":"https:\/\/thepaddlesportshow.com\/fr\/wp-json\/wp\/v2\/media?parent=12302"}],"wp:term":[{"taxonomy":"category","embeddable":true,"href":"https:\/\/thepaddlesportshow.com\/fr\/wp-json\/wp\/v2\/categories?post=12302"},{"taxonomy":"post_tag","embeddable":true,"href":"https:\/\/thepaddlesportshow.com\/fr\/wp-json\/wp\/v2\/tags?post=12302"}],"curies":[{"name":"wp","href":"https:\/\/api.w.org\/{rel}","templated":true}]}}