{"id":11176,"date":"2024-08-26T17:01:03","date_gmt":"2024-08-26T15:01:03","guid":{"rendered":"https:\/\/www.thepaddlesportshow.com\/?page_id=11176"},"modified":"2024-09-06T10:04:34","modified_gmt":"2024-09-06T08:04:34","slug":"film-festival-tickets","status":"publish","type":"page","link":"https:\/\/thepaddlesportshow.com\/fr\/film-festival-tickets\/","title":{"rendered":"Film festival-tickets"},"content":{"rendered":"<div data-elementor-type=\"wp-page\" data-elementor-id=\"11176\" class=\"elementor elementor-11176\" data-elementor-post-type=\"page\">\n\t\t\t\t\t\t<section class=\"elementor-section elementor-top-section elementor-element elementor-element-b07f8b5 elementor-section-full_width elementor-section-height-default elementor-section-height-default\" data-id=\"b07f8b5\" data-element_type=\"section\" data-e-type=\"section\">\n\t\t\t\t\t\t<div class=\"elementor-container elementor-column-gap-default\">\n\t\t\t\t\t<div class=\"elementor-column elementor-col-100 elementor-top-column elementor-element elementor-element-b0c71f1\" data-id=\"b0c71f1\" data-element_type=\"column\" data-e-type=\"column\">\n\t\t\t<div class=\"elementor-widget-wrap elementor-element-populated\">\n\t\t\t\t\t\t<div class=\"elementor-element elementor-element-cce544a elementor-widget__width-inherit elementor-widget elementor-widget-image\" data-id=\"cce544a\" data-element_type=\"widget\" data-e-type=\"widget\" data-settings=\"{&quot;ekit_we_effect_on&quot;:&quot;none&quot;}\" data-widget_type=\"image.default\">\n\t\t\t\t<div class=\"elementor-widget-container\">\n\t\t\t\t\t\t\t\t\t\t\t\t\t\t\t<img fetchpriority=\"high\" decoding=\"async\" width=\"1536\" height=\"407\" src=\"https:\/\/thepaddlesportshow.com\/wp-content\/uploads\/2024\/04\/page-festival-1536x407.jpg\" class=\"attachment-1536x1536 size-1536x1536 wp-image-9044\" alt=\"\" srcset=\"https:\/\/thepaddlesportshow.com\/wp-content\/uploads\/2024\/04\/page-festival-1536x407.jpg 1536w, https:\/\/thepaddlesportshow.com\/wp-content\/uploads\/2024\/04\/page-festival-300x80.jpg 300w, https:\/\/thepaddlesportshow.com\/wp-content\/uploads\/2024\/04\/page-festival-1024x271.jpg 1024w, https:\/\/thepaddlesportshow.com\/wp-content\/uploads\/2024\/04\/page-festival-768x204.jpg 768w, https:\/\/thepaddlesportshow.com\/wp-content\/uploads\/2024\/04\/page-festival-18x5.jpg 18w, https:\/\/thepaddlesportshow.com\/wp-content\/uploads\/2024\/04\/page-festival.jpg 1920w\" sizes=\"(max-width: 1536px) 100vw, 1536px\" \/>\t\t\t\t\t\t\t\t\t\t\t\t\t\t\t<\/div>\n\t\t\t\t<\/div>\n\t\t\t\t\t<\/div>\n\t\t<\/div>\n\t\t\t\t\t<\/div>\n\t\t<\/section>\n\t\t\t\t<section class=\"elementor-section elementor-top-section elementor-element elementor-element-a8f74ce elementor-section-stretched registration elementor-section-boxed elementor-section-height-default elementor-section-height-default\" data-id=\"a8f74ce\" data-element_type=\"section\" data-e-type=\"section\" id=\"registration\" data-settings=\"{&quot;stretch_section&quot;:&quot;section-stretched&quot;}\">\n\t\t\t\t\t\t<div class=\"elementor-container elementor-column-gap-no\">\n\t\t\t\t\t<div class=\"elementor-column elementor-col-50 elementor-top-column elementor-element elementor-element-d96e2e8\" data-id=\"d96e2e8\" data-element_type=\"column\" data-e-type=\"column\" data-settings=\"{&quot;background_background&quot;:&quot;classic&quot;}\">\n\t\t\t<div class=\"elementor-widget-wrap elementor-element-populated\">\n\t\t\t\t\t\t<div class=\"elementor-element elementor-element-25ae6ef elementor-widget elementor-widget-text-editor\" data-id=\"25ae6ef\" data-element_type=\"widget\" data-e-type=\"widget\" data-settings=\"{&quot;ekit_we_effect_on&quot;:&quot;none&quot;}\" data-widget_type=\"text-editor.default\">\n\t\t\t\t<div class=\"elementor-widget-container\">\n\t\t\t\t\t\t\t\t\t<p><strong>PLEIN LES YEUX<\/strong><\/p>\t\t\t\t\t\t\t\t<\/div>\n\t\t\t\t<\/div>\n\t\t\t\t<div class=\"elementor-element elementor-element-3da9ac6 elementor-widget elementor-widget-text-editor\" data-id=\"3da9ac6\" data-element_type=\"widget\" data-e-type=\"widget\" data-settings=\"{&quot;ekit_we_effect_on&quot;:&quot;none&quot;}\" data-widget_type=\"text-editor.default\">\n\t\t\t\t<div class=\"elementor-widget-container\">\n\t\t\t\t\t\t\t\t\t<p>Les meilleurs films sur les sports de pagaie de l'ann\u00e9e !<\/p>\t\t\t\t\t\t\t\t<\/div>\n\t\t\t\t<\/div>\n\t\t\t\t<div class=\"elementor-element elementor-element-b050a8a elementor-widget elementor-widget-text-editor\" data-id=\"b050a8a\" data-element_type=\"widget\" data-e-type=\"widget\" data-settings=\"{&quot;ekit_we_effect_on&quot;:&quot;none&quot;}\" data-widget_type=\"text-editor.default\">\n\t\t\t\t<div class=\"elementor-widget-container\">\n\t\t\t\t\t\t\t\t\t<p>Le Paddle Sport Show Film festival fait sa premi\u00e8re apparition cette ann\u00e9e \u00e0 Strasbourg dans le cadre du Paddle Sport Show. Des sc\u00e8nes d'action  \u00e9poustouflante, des aventures passionnantes et beaucoup d'\u00e9motions vous emm\u00e8neront dans le monde merveilleux des sports de pagaies. \nLes fondateurs du festival, Philippe Doux, et Olaf Obsommer, alias Big-O, ont r\u00e9ussi \u00e0 concocter un programme passionnant. Vivez de pr\u00e8s l'aventure des sports de pagaies en kayak de mer, en foil, cano\u00eb, sup et en kayak d'eau vive.<\/p><p>Les stars de la sc\u00e8ne pr\u00e9senteront leurs derni\u00e8res aventures et leurs performances de pointe au niveau des documentaires du National Geographic.<\/p><p>Des lieux comme le Spitzberg, l'Afrique, les Alpes ou des cascades de glace parcourues en kayak garantissent des images \u00e0 couper le souffle sur un \u00e9cran XXL.<\/p><p>La premi\u00e8re mondiale du film \u00ab Gabon Uncharted : Sending Ivindo Falls \u00bb sera un moment fort de l'\u00e9v\u00e9nement. L'\u00e9quipe SEND est partie au Gabon, en Afrique centrale, pour explorer les chutes de l'Ivindo. Un chef-d'\u0153uvre sur l'amiti\u00e9, le travail d'\u00e9quipe et la passion. Ce film ne participe pas \u00e0 la c\u00e9r\u00e9monie de remise des prix. A noter la pr\u00e9sence de l'\u00e9quipe SEND Dane Jackson, Kalob Grady et Adrian Mattern!<\/p><p>Le programme du film a une dur\u00e9e totale d'environ 160 minutes et dure environ 3-4 heures avec les pauses et les interviews.<\/p><p><strong>Date : 23 septembre 2024<\/strong><\/p><p><strong>Lieu de la manifestation :<\/strong><br \/>Palais des Congr\u00e8s Strasbourg<br \/>Pl. de Bordeaux, 67000 Strasbourg<br \/>(en face de l'h\u00f4tel Hilton et du centre d'exposition o\u00f9 se d\u00e9roule le Paddle Sports Show).<br \/><strong>Entr\u00e9e :<\/strong> 18:00<br \/><strong>D\u00e9but :<\/strong> 19:00<br \/><strong>Pause :<\/strong> 20:30 &#8211; 20:50<br \/><strong>Fin :<\/strong> 22:30<\/p><p><strong>Entr\u00e9e :<\/strong> <br \/>10\u20ac adultes. <br \/>5\u20ac 14-17 ans. <br \/>Entr\u00e9e gratuite pour les moins de 13 ans. <br \/>Veuillez utiliser la pr\u00e9vente en ligne.<\/p>\t\t\t\t\t\t\t\t<\/div>\n\t\t\t\t<\/div>\n\t\t\t\t\t<\/div>\n\t\t<\/div>\n\t\t\t\t<div class=\"elementor-column elementor-col-50 elementor-top-column elementor-element elementor-element-a66fa7d\" data-id=\"a66fa7d\" data-element_type=\"column\" data-e-type=\"column\" data-settings=\"{&quot;background_background&quot;:&quot;classic&quot;}\">\n\t\t\t<div class=\"elementor-widget-wrap elementor-element-populated\">\n\t\t\t\t\t\t<div class=\"elementor-element elementor-element-5dd5f21 elementor-widget elementor-widget-image\" data-id=\"5dd5f21\" data-element_type=\"widget\" data-e-type=\"widget\" data-settings=\"{&quot;ekit_we_effect_on&quot;:&quot;none&quot;}\" data-widget_type=\"image.default\">\n\t\t\t\t<div class=\"elementor-widget-container\">\n\t\t\t\t\t\t\t\t\t\t\t\t\t\t\t\t<a href=\"https:\/\/shop.snapticket.de\/event\/paddle-sports-show-film-festival-hx235l?lang=fr\" target=\"_blank\">\n\t\t\t\t\t\t\t<img decoding=\"async\" width=\"300\" height=\"185\" src=\"https:\/\/thepaddlesportshow.com\/wp-content\/uploads\/2024\/08\/ticket-300x185.png\" class=\"attachment-medium size-medium wp-image-11208\" alt=\"\" srcset=\"https:\/\/thepaddlesportshow.com\/wp-content\/uploads\/2024\/08\/ticket-300x185.png 300w, https:\/\/thepaddlesportshow.com\/wp-content\/uploads\/2024\/08\/ticket-768x473.png 768w, https:\/\/thepaddlesportshow.com\/wp-content\/uploads\/2024\/08\/ticket-18x12.png 18w, https:\/\/thepaddlesportshow.com\/wp-content\/uploads\/2024\/08\/ticket-750x465.png 750w, https:\/\/thepaddlesportshow.com\/wp-content\/uploads\/2024\/08\/ticket.png 1023w\" sizes=\"(max-width: 300px) 100vw, 300px\" \/>\t\t\t\t\t\t\t\t<\/a>\n\t\t\t\t\t\t\t\t\t\t\t\t\t\t\t<\/div>\n\t\t\t\t<\/div>\n\t\t\t\t<div class=\"elementor-element elementor-element-80e6321 elementor-align-center elementor-widget elementor-widget-button\" data-id=\"80e6321\" data-element_type=\"widget\" data-e-type=\"widget\" data-settings=\"{&quot;ekit_we_effect_on&quot;:&quot;none&quot;}\" data-widget_type=\"button.default\">\n\t\t\t\t<div class=\"elementor-widget-container\">\n\t\t\t\t\t\t\t\t\t<div class=\"elementor-button-wrapper\">\n\t\t\t\t\t<a class=\"elementor-button elementor-button-link elementor-size-sm\" href=\"https:\/\/shop.snapticket.de\/event\/paddle-sports-show-film-festival-hx235l?lang=fr\" target=\"_blank\">\n\t\t\t\t\t\t<span class=\"elementor-button-content-wrapper\">\n\t\t\t\t\t\t\t\t\t<span class=\"elementor-button-text\">Acheter des billets pour le festival du film<\/span>\n\t\t\t\t\t<\/span>\n\t\t\t\t\t<\/a>\n\t\t\t\t<\/div>\n\t\t\t\t\t\t\t\t<\/div>\n\t\t\t\t<\/div>\n\t\t\t\t<div class=\"elementor-element elementor-element-d00647b elementor-align-center elementor-widget elementor-widget-button\" data-id=\"d00647b\" data-element_type=\"widget\" data-e-type=\"widget\" data-settings=\"{&quot;ekit_we_effect_on&quot;:&quot;none&quot;}\" data-widget_type=\"button.default\">\n\t\t\t\t<div class=\"elementor-widget-container\">\n\t\t\t\t\t\t\t\t\t<div class=\"elementor-button-wrapper\">\n\t\t\t\t\t<a class=\"elementor-button elementor-button-link elementor-size-sm\" href=\"https:\/\/thepaddlesportshow.com\/fr\/film-festival-program\/\" target=\"_blank\">\n\t\t\t\t\t\t<span class=\"elementor-button-content-wrapper\">\n\t\t\t\t\t\t\t\t\t<span class=\"elementor-button-text\">Programme du festival du film<\/span>\n\t\t\t\t\t<\/span>\n\t\t\t\t\t<\/a>\n\t\t\t\t<\/div>\n\t\t\t\t\t\t\t\t<\/div>\n\t\t\t\t<\/div>\n\t\t\t\t<div class=\"elementor-element elementor-element-0e36209 elementor-widget elementor-widget-shortcode\" data-id=\"0e36209\" data-element_type=\"widget\" data-e-type=\"widget\" data-settings=\"{&quot;ekit_we_effect_on&quot;:&quot;none&quot;}\" data-widget_type=\"shortcode.default\">\n\t\t\t\t<div class=\"elementor-widget-container\">\n\t\t\t\t\t\t\t<div class=\"elementor-shortcode\"><iframe width=\"560\" height=\"315\" src=\"https:\/\/www.youtube.com\/embed\/yrfAvWE8YyM?si=L7kJtIXV1V0vq8eH\" title=\"YouTube video player\" frameborder=\"0\" allow=\"accelerometer; autoplay; clipboard-write; encrypted-media; gyroscope; picture-in-picture; web-share\" referrerpolicy=\"strict-origin-when-cross-origin\" allowfullscreen><\/iframe><\/div>\n\t\t\t\t\t\t<\/div>\n\t\t\t\t<\/div>\n\t\t\t\t\t<\/div>\n\t\t<\/div>\n\t\t\t\t\t<\/div>\n\t\t<\/section>\n\t\t\t\t<\/div>","protected":false},"excerpt":{"rendered":"<p>SUGAR FOR THE EYES The best paddle sport films of the year! The Paddle Sport Show film festival celebrates its premiere this year in Strasbourg as part of the Paddle Sport Show. Great action, thrilling adventures and lots of emotions will take you into the wonderful world of paddle sports. Festival founders Philippe Doux, and [&hellip;]<\/p>\n","protected":false},"author":1,"featured_media":0,"parent":0,"menu_order":0,"comment_status":"closed","ping_status":"closed","template":"template\/full-width-template.php","meta":{"footnotes":""},"categories":[],"tags":[],"class_list":["post-11176","page","type-page","status-publish","hentry"],"yoast_head":"<!-- This site is optimized with the Yoast SEO plugin v27.1.1 - https:\/\/yoast.com\/product\/yoast-seo-wordpress\/ -->\n<title>Film festival-tickets - The Paddle Sport Show<\/title>\n<meta name=\"robots\" content=\"index, follow, max-snippet:-1, max-image-preview:large, max-video-preview:-1\" \/>\n<link rel=\"canonical\" href=\"https:\/\/thepaddlesportshow.com\/fr\/film-festival-tickets\/\" \/>\n<meta property=\"og:locale\" content=\"fr_FR\" \/>\n<meta property=\"og:type\" content=\"article\" \/>\n<meta property=\"og:title\" content=\"Film festival-tickets - The Paddle Sport Show\" \/>\n<meta property=\"og:description\" content=\"SUGAR FOR THE EYES The best paddle sport films of the year! The Paddle Sport Show film festival celebrates its premiere this year in Strasbourg as part of the Paddle Sport Show. Great action, thrilling adventures and lots of emotions will take you into the wonderful world of paddle sports. Festival founders Philippe Doux, and [&hellip;]\" \/>\n<meta property=\"og:url\" content=\"https:\/\/thepaddlesportshow.com\/fr\/film-festival-tickets\/\" \/>\n<meta property=\"og:site_name\" content=\"The Paddle Sport Show\" \/>\n<meta property=\"article:publisher\" content=\"https:\/\/facebook.com\/paddlesportshow\/\" \/>\n<meta property=\"article:modified_time\" content=\"2024-09-06T08:04:34+00:00\" \/>\n<meta property=\"og:image\" content=\"https:\/\/www.thepaddlesportshow.com\/wp-content\/uploads\/2024\/04\/page-festival-1536x407.jpg\" \/>\n<meta name=\"twitter:card\" content=\"summary_large_image\" \/>\n<meta name=\"twitter:label1\" content=\"Dur\u00e9e de lecture estim\u00e9e\" \/>\n\t<meta name=\"twitter:data1\" content=\"1 minute\" \/>\n<script type=\"application\/ld+json\" class=\"yoast-schema-graph\">{\"@context\":\"https:\/\/schema.org\",\"@graph\":[{\"@type\":\"WebPage\",\"@id\":\"https:\/\/thepaddlesportshow.com\/film-festival-tickets\/\",\"url\":\"https:\/\/thepaddlesportshow.com\/film-festival-tickets\/\",\"name\":\"Film festival-tickets - The Paddle Sport Show\",\"isPartOf\":{\"@id\":\"https:\/\/thepaddlesportshow.com\/#website\"},\"primaryImageOfPage\":{\"@id\":\"https:\/\/thepaddlesportshow.com\/film-festival-tickets\/#primaryimage\"},\"image\":{\"@id\":\"https:\/\/thepaddlesportshow.com\/film-festival-tickets\/#primaryimage\"},\"thumbnailUrl\":\"https:\/\/www.thepaddlesportshow.com\/wp-content\/uploads\/2024\/04\/page-festival-1536x407.jpg\",\"datePublished\":\"2024-08-26T15:01:03+00:00\",\"dateModified\":\"2024-09-06T08:04:34+00:00\",\"breadcrumb\":{\"@id\":\"https:\/\/thepaddlesportshow.com\/film-festival-tickets\/#breadcrumb\"},\"inLanguage\":\"fr-FR\",\"potentialAction\":[{\"@type\":\"ReadAction\",\"target\":[\"https:\/\/thepaddlesportshow.com\/film-festival-tickets\/\"]}]},{\"@type\":\"ImageObject\",\"inLanguage\":\"fr-FR\",\"@id\":\"https:\/\/thepaddlesportshow.com\/film-festival-tickets\/#primaryimage\",\"url\":\"https:\/\/www.thepaddlesportshow.com\/wp-content\/uploads\/2024\/04\/page-festival-1536x407.jpg\",\"contentUrl\":\"https:\/\/www.thepaddlesportshow.com\/wp-content\/uploads\/2024\/04\/page-festival-1536x407.jpg\"},{\"@type\":\"BreadcrumbList\",\"@id\":\"https:\/\/thepaddlesportshow.com\/film-festival-tickets\/#breadcrumb\",\"itemListElement\":[{\"@type\":\"ListItem\",\"position\":1,\"name\":\"Home\",\"item\":\"https:\/\/thepaddlesportshow.com\/\"},{\"@type\":\"ListItem\",\"position\":2,\"name\":\"Film festival-tickets\"}]},{\"@type\":\"WebSite\",\"@id\":\"https:\/\/thepaddlesportshow.com\/#website\",\"url\":\"https:\/\/thepaddlesportshow.com\/\",\"name\":\"The Paddle Sport Show\",\"description\":\"The international Paddle Sports industry trade show\",\"potentialAction\":[{\"@type\":\"SearchAction\",\"target\":{\"@type\":\"EntryPoint\",\"urlTemplate\":\"https:\/\/thepaddlesportshow.com\/?s={search_term_string}\"},\"query-input\":{\"@type\":\"PropertyValueSpecification\",\"valueRequired\":true,\"valueName\":\"search_term_string\"}}],\"inLanguage\":\"fr-FR\"}]}<\/script>\n<!-- \/ Yoast SEO plugin. -->","yoast_head_json":{"title":"Film festival-tickets - The Paddle Sport Show","robots":{"index":"index","follow":"follow","max-snippet":"max-snippet:-1","max-image-preview":"max-image-preview:large","max-video-preview":"max-video-preview:-1"},"canonical":"https:\/\/thepaddlesportshow.com\/fr\/film-festival-tickets\/","og_locale":"fr_FR","og_type":"article","og_title":"Film festival-tickets - The Paddle Sport Show","og_description":"SUGAR FOR THE EYES The best paddle sport films of the year! The Paddle Sport Show film festival celebrates its premiere this year in Strasbourg as part of the Paddle Sport Show. Great action, thrilling adventures and lots of emotions will take you into the wonderful world of paddle sports. Festival founders Philippe Doux, and [&hellip;]","og_url":"https:\/\/thepaddlesportshow.com\/fr\/film-festival-tickets\/","og_site_name":"The Paddle Sport Show","article_publisher":"https:\/\/facebook.com\/paddlesportshow\/","article_modified_time":"2024-09-06T08:04:34+00:00","og_image":[{"url":"https:\/\/www.thepaddlesportshow.com\/wp-content\/uploads\/2024\/04\/page-festival-1536x407.jpg","type":"","width":"","height":""}],"twitter_card":"summary_large_image","twitter_misc":{"Dur\u00e9e de lecture estim\u00e9e":"1 minute"},"schema":{"@context":"https:\/\/schema.org","@graph":[{"@type":"WebPage","@id":"https:\/\/thepaddlesportshow.com\/film-festival-tickets\/","url":"https:\/\/thepaddlesportshow.com\/film-festival-tickets\/","name":"Film festival-tickets - The Paddle Sport Show","isPartOf":{"@id":"https:\/\/thepaddlesportshow.com\/#website"},"primaryImageOfPage":{"@id":"https:\/\/thepaddlesportshow.com\/film-festival-tickets\/#primaryimage"},"image":{"@id":"https:\/\/thepaddlesportshow.com\/film-festival-tickets\/#primaryimage"},"thumbnailUrl":"https:\/\/www.thepaddlesportshow.com\/wp-content\/uploads\/2024\/04\/page-festival-1536x407.jpg","datePublished":"2024-08-26T15:01:03+00:00","dateModified":"2024-09-06T08:04:34+00:00","breadcrumb":{"@id":"https:\/\/thepaddlesportshow.com\/film-festival-tickets\/#breadcrumb"},"inLanguage":"fr-FR","potentialAction":[{"@type":"ReadAction","target":["https:\/\/thepaddlesportshow.com\/film-festival-tickets\/"]}]},{"@type":"ImageObject","inLanguage":"fr-FR","@id":"https:\/\/thepaddlesportshow.com\/film-festival-tickets\/#primaryimage","url":"https:\/\/www.thepaddlesportshow.com\/wp-content\/uploads\/2024\/04\/page-festival-1536x407.jpg","contentUrl":"https:\/\/www.thepaddlesportshow.com\/wp-content\/uploads\/2024\/04\/page-festival-1536x407.jpg"},{"@type":"BreadcrumbList","@id":"https:\/\/thepaddlesportshow.com\/film-festival-tickets\/#breadcrumb","itemListElement":[{"@type":"ListItem","position":1,"name":"Home","item":"https:\/\/thepaddlesportshow.com\/"},{"@type":"ListItem","position":2,"name":"Film festival-tickets"}]},{"@type":"WebSite","@id":"https:\/\/thepaddlesportshow.com\/#website","url":"https:\/\/thepaddlesportshow.com\/","name":"The Paddle Sport Show","description":"The international Paddle Sports industry trade show","potentialAction":[{"@type":"SearchAction","target":{"@type":"EntryPoint","urlTemplate":"https:\/\/thepaddlesportshow.com\/?s={search_term_string}"},"query-input":{"@type":"PropertyValueSpecification","valueRequired":true,"valueName":"search_term_string"}}],"inLanguage":"fr-FR"}]}},"_links":{"self":[{"href":"https:\/\/thepaddlesportshow.com\/fr\/wp-json\/wp\/v2\/pages\/11176","targetHints":{"allow":["GET"]}}],"collection":[{"href":"https:\/\/thepaddlesportshow.com\/fr\/wp-json\/wp\/v2\/pages"}],"about":[{"href":"https:\/\/thepaddlesportshow.com\/fr\/wp-json\/wp\/v2\/types\/page"}],"author":[{"embeddable":true,"href":"https:\/\/thepaddlesportshow.com\/fr\/wp-json\/wp\/v2\/users\/1"}],"replies":[{"embeddable":true,"href":"https:\/\/thepaddlesportshow.com\/fr\/wp-json\/wp\/v2\/comments?post=11176"}],"version-history":[{"count":0,"href":"https:\/\/thepaddlesportshow.com\/fr\/wp-json\/wp\/v2\/pages\/11176\/revisions"}],"wp:attachment":[{"href":"https:\/\/thepaddlesportshow.com\/fr\/wp-json\/wp\/v2\/media?parent=11176"}],"wp:term":[{"taxonomy":"category","embeddable":true,"href":"https:\/\/thepaddlesportshow.com\/fr\/wp-json\/wp\/v2\/categories?post=11176"},{"taxonomy":"post_tag","embeddable":true,"href":"https:\/\/thepaddlesportshow.com\/fr\/wp-json\/wp\/v2\/tags?post=11176"}],"curies":[{"name":"wp","href":"https:\/\/api.w.org\/{rel}","templated":true}]}}