{"id":8415,"date":"2023-09-20T10:33:29","date_gmt":"2023-09-20T08:33:29","guid":{"rendered":"https:\/\/www.thepaddlesportshow.com\/?page_id=8415"},"modified":"2023-09-20T17:10:39","modified_gmt":"2023-09-20T15:10:39","slug":"exhibitors-delivery","status":"publish","type":"page","link":"https:\/\/thepaddlesportshow.com\/de\/exhibitors-delivery\/","title":{"rendered":"Exhibitors delivery"},"content":{"rendered":"<div data-elementor-type=\"wp-page\" data-elementor-id=\"8415\" class=\"elementor elementor-8415\" data-elementor-post-type=\"page\">\n\t\t\t\t\t\t<section class=\"elementor-section elementor-top-section elementor-element elementor-element-9f34861 elementor-section-boxed elementor-section-height-default elementor-section-height-default\" data-id=\"9f34861\" data-element_type=\"section\" data-e-type=\"section\" data-settings=\"{&quot;background_background&quot;:&quot;classic&quot;}\">\n\t\t\t\t\t\t<div class=\"elementor-container elementor-column-gap-narrow\">\n\t\t\t\t\t<div class=\"elementor-column elementor-col-50 elementor-top-column elementor-element elementor-element-6797362\" data-id=\"6797362\" data-element_type=\"column\" data-e-type=\"column\">\n\t\t\t<div class=\"elementor-widget-wrap elementor-element-populated\">\n\t\t\t\t\t\t<div class=\"elementor-element elementor-element-09553a4 elementor-widget elementor-widget-text-editor\" data-id=\"09553a4\" data-element_type=\"widget\" data-e-type=\"widget\" data-settings=\"{&quot;ekit_we_effect_on&quot;:&quot;none&quot;}\" data-widget_type=\"text-editor.default\">\n\t\t\t\t<div class=\"elementor-widget-container\">\n\t\t\t\t\t\t\t\t\t<h3><span style=\"color: #ffd55e;\"><strong>Prepare for your arrival and your deliveries<\/strong><\/span><\/h3><p>Only one week left before we meet in Strasbourg! You probably planned everything to make sure that all your material arrives there in time. Just in case here are a few reminders.<\/p><p>As a reminder, this is the address for deliveries and exhibitor access:<\/p><p><strong>Salon \u00ab The Paddle Sports Show \u00bb<\/strong><br \/><strong><em>Name of your company<br \/>Stand n\u00b0 and contact + phone number<\/em> <\/strong><br \/><strong>PARC DES EXPOSITIONS DE STRASBOURG RUE ALICE MOSNIER<\/strong><br \/><strong>67000 STRASBOURG<\/strong><\/p><p><strong>This address is available for deliveries and pick-ups from September Monday 25<sup>th<\/sup> at 8:00 am to Friday 29<sup>th<\/sup> at 00:00. <br \/>Your transporter needs to be autonomous on unlading your goods.<\/strong><\/p><p><strong>If you are unable to schedule your deliveries within these dates, or if you need help in your goods handling, please contact our provider ESI as soon as possible for a quotation:<\/strong> <a href=\"\/de\/pitchelu@group-esi.com\/\"><span style=\"color: #ffd55e;\">Emmanuel Pitchelu<\/span><\/a><\/p><p><strong>ESI can assist you on:<\/strong><\/p><ul><li>international shipping all types from your premises anywhere in the world or through their platform in Louvres,<\/li><li>storage prior and after the exhibition in secure warehouse,<\/li><li>unloading \/ reloading with all types of forklifts<\/li><li>heavy lifting on your booth,<\/li><li>delivery\/collection to the booth,<\/li><li>assistance for unpacking \/ repacking,<\/li><li>storage of your empty packages<\/li><\/ul><p><span style=\"color: #ff0000;\"><strong>If we need ESI to handle your delivery once it arrives, you will be billed for the service.<\/strong><\/span><\/p>\t\t\t\t\t\t\t\t<\/div>\n\t\t\t\t<\/div>\n\t\t\t\t\t<\/div>\n\t\t<\/div>\n\t\t\t\t<div class=\"elementor-column elementor-col-50 elementor-top-column elementor-element elementor-element-fe1ba3b\" data-id=\"fe1ba3b\" data-element_type=\"column\" data-e-type=\"column\">\n\t\t\t<div class=\"elementor-widget-wrap elementor-element-populated\">\n\t\t\t\t\t\t<div class=\"elementor-element elementor-element-2657003 elementor-widget elementor-widget-text-editor\" data-id=\"2657003\" data-element_type=\"widget\" data-e-type=\"widget\" data-settings=\"{&quot;ekit_we_effect_on&quot;:&quot;none&quot;}\" data-widget_type=\"text-editor.default\">\n\t\t\t\t<div class=\"elementor-widget-container\">\n\t\t\t\t\t\t\t\t\t<h3><span style=\"color: #ffd55e;\"><strong>Pr\u00e9parez votre arriv\u00e9e et vos livraisons<\/strong><\/span><\/h3><p>Plus qu\u2019une semaine avant de nous rencontrer \u00e0 Strasbourg ! Vous avez probablement d\u00e9j\u00e0 tout planifi\u00e9 afin de vous de assurer que tout votre mat\u00e9riel arrive dans les temps. Au cas ou voici quelques rappels d\u2019information.<\/p><p>Pour rappel, voici l\u2019adresse pour les livraisons et l\u2019acc\u00e8s exposant\u00a0:<\/p><p><strong>Salon \u00ab The Paddle Sports Show \u00bb<\/strong><br \/><strong><em>Nom de votre entreprise<br \/>N\u00b0 de stand et contact + num\u00e9ro de t\u00e9l\u00e9phone <\/em><\/strong><br \/><strong>PARC DES EXPOSITIONS DE STRASBOURG RUE ALICE MOSNIER<\/strong><br \/><strong>67000 STRASBOURG<\/strong><\/p><p><strong>Cette adresse est valable pour les livraisons ou enl\u00e8vements, du lundi 25 septembre \u00e0 8h au vendredi 29 septembre \u00e0 minuit.<br \/>Votre transporteur doit \u00eatre autonome pour le d\u00e9chargement.<\/strong><\/p><p style=\"text-align: left;\"><strong>Si vous ne parvenez pas \u00e0 pr\u00e9voir vos livraisons et enl\u00e8vements dans ces dates, ou si vous avez besoin d\u2019aide dans la manutention de vos colis, merci de prendre contact au plus vite avec notre partenaire ESI pour une demande de devis\u00a0:<\/strong> <span style=\"color: #ffd55e;\"><a style=\"color: #ffd55e;\" href=\"\/de\/pitchelu@group-esi.com\/\">Emmanuel Pitchelu<\/a><\/span><\/p><p><strong>ESI peut vous accompagner pour :<\/strong><\/p><ul><li>le transport national ou international tous modes au d\u00e9part de vos locaux ou de leur plateforme d\u00e9port\u00e9e de Louvres,<\/li><li>le stockage avant et apr\u00e8s le salon dans des locaux s\u00e9curis\u00e9s,<\/li><li>le d\u00e9chargement \/ rechargement sur site au chariot \u00e9l\u00e9vateur,<\/li><li>la manutention lourde sur stand,<\/li><li>la livraison et enl\u00e9vement sur stand,<\/li><li>une assistance au d\u00e9ballage \/ remballage,<\/li><li>un stockage des emballages vides<\/li><\/ul><p><span style=\"color: #ff0000;\"><strong>Si nous avons besoin de solliciter ESI pour d\u00e9charger votre livraison \u00e0 son arriv\u00e9e, vous serez factur\u00e9s pour ce service<\/strong><\/span><\/p>\t\t\t\t\t\t\t\t<\/div>\n\t\t\t\t<\/div>\n\t\t\t\t\t<\/div>\n\t\t<\/div>\n\t\t\t\t\t<\/div>\n\t\t<\/section>\n\t\t\t\t<\/div>","protected":false},"excerpt":{"rendered":"<p>Prepare for your arrival and your deliveries Only one week left before we meet in Strasbourg! You probably planned everything to make sure that all your material arrives there in time. Just in case here are a few reminders. As a reminder, this is the address for deliveries and exhibitor access: Salon \u00ab The Paddle [&hellip;]<\/p>\n","protected":false},"author":1,"featured_media":0,"parent":0,"menu_order":0,"comment_status":"closed","ping_status":"closed","template":"","meta":{"footnotes":""},"categories":[],"tags":[],"class_list":["post-8415","page","type-page","status-publish","hentry"],"yoast_head":"<!-- This site is optimized with the Yoast SEO plugin v27.1.1 - https:\/\/yoast.com\/product\/yoast-seo-wordpress\/ -->\n<title>Exhibitors delivery - The Paddle Sport Show<\/title>\n<meta name=\"robots\" content=\"index, follow, max-snippet:-1, max-image-preview:large, max-video-preview:-1\" \/>\n<link rel=\"canonical\" href=\"https:\/\/thepaddlesportshow.com\/de\/exhibitors-delivery\/\" \/>\n<meta property=\"og:locale\" content=\"de_DE\" \/>\n<meta property=\"og:type\" content=\"article\" \/>\n<meta property=\"og:title\" content=\"Exhibitors delivery - The Paddle Sport Show\" \/>\n<meta property=\"og:description\" content=\"Prepare for your arrival and your deliveries Only one week left before we meet in Strasbourg! You probably planned everything to make sure that all your material arrives there in time. Just in case here are a few reminders. As a reminder, this is the address for deliveries and exhibitor access: Salon \u00ab The Paddle [&hellip;]\" \/>\n<meta property=\"og:url\" content=\"https:\/\/thepaddlesportshow.com\/de\/exhibitors-delivery\/\" \/>\n<meta property=\"og:site_name\" content=\"The Paddle Sport Show\" \/>\n<meta property=\"article:publisher\" content=\"https:\/\/facebook.com\/paddlesportshow\/\" \/>\n<meta property=\"article:modified_time\" content=\"2023-09-20T15:10:39+00:00\" \/>\n<meta name=\"twitter:card\" content=\"summary_large_image\" \/>\n<meta name=\"twitter:label1\" content=\"Gesch\u00e4tzte Lesezeit\" \/>\n\t<meta name=\"twitter:data1\" content=\"2\u00a0Minuten\" \/>\n<script type=\"application\/ld+json\" class=\"yoast-schema-graph\">{\"@context\":\"https:\/\/schema.org\",\"@graph\":[{\"@type\":\"WebPage\",\"@id\":\"https:\/\/thepaddlesportshow.com\/exhibitors-delivery\/\",\"url\":\"https:\/\/thepaddlesportshow.com\/exhibitors-delivery\/\",\"name\":\"Exhibitors delivery - The Paddle Sport Show\",\"isPartOf\":{\"@id\":\"https:\/\/thepaddlesportshow.com\/#website\"},\"datePublished\":\"2023-09-20T08:33:29+00:00\",\"dateModified\":\"2023-09-20T15:10:39+00:00\",\"breadcrumb\":{\"@id\":\"https:\/\/thepaddlesportshow.com\/exhibitors-delivery\/#breadcrumb\"},\"inLanguage\":\"de\",\"potentialAction\":[{\"@type\":\"ReadAction\",\"target\":[\"https:\/\/thepaddlesportshow.com\/exhibitors-delivery\/\"]}]},{\"@type\":\"BreadcrumbList\",\"@id\":\"https:\/\/thepaddlesportshow.com\/exhibitors-delivery\/#breadcrumb\",\"itemListElement\":[{\"@type\":\"ListItem\",\"position\":1,\"name\":\"Home\",\"item\":\"https:\/\/thepaddlesportshow.com\/\"},{\"@type\":\"ListItem\",\"position\":2,\"name\":\"Exhibitors delivery\"}]},{\"@type\":\"WebSite\",\"@id\":\"https:\/\/thepaddlesportshow.com\/#website\",\"url\":\"https:\/\/thepaddlesportshow.com\/\",\"name\":\"The Paddle Sport Show\",\"description\":\"The international Paddle Sports industry trade show\",\"potentialAction\":[{\"@type\":\"SearchAction\",\"target\":{\"@type\":\"EntryPoint\",\"urlTemplate\":\"https:\/\/thepaddlesportshow.com\/?s={search_term_string}\"},\"query-input\":{\"@type\":\"PropertyValueSpecification\",\"valueRequired\":true,\"valueName\":\"search_term_string\"}}],\"inLanguage\":\"de\"}]}<\/script>\n<!-- \/ Yoast SEO plugin. -->","yoast_head_json":{"title":"Exhibitors delivery - The Paddle Sport Show","robots":{"index":"index","follow":"follow","max-snippet":"max-snippet:-1","max-image-preview":"max-image-preview:large","max-video-preview":"max-video-preview:-1"},"canonical":"https:\/\/thepaddlesportshow.com\/de\/exhibitors-delivery\/","og_locale":"de_DE","og_type":"article","og_title":"Exhibitors delivery - The Paddle Sport Show","og_description":"Prepare for your arrival and your deliveries Only one week left before we meet in Strasbourg! You probably planned everything to make sure that all your material arrives there in time. Just in case here are a few reminders. As a reminder, this is the address for deliveries and exhibitor access: Salon \u00ab The Paddle [&hellip;]","og_url":"https:\/\/thepaddlesportshow.com\/de\/exhibitors-delivery\/","og_site_name":"The Paddle Sport Show","article_publisher":"https:\/\/facebook.com\/paddlesportshow\/","article_modified_time":"2023-09-20T15:10:39+00:00","twitter_card":"summary_large_image","twitter_misc":{"Gesch\u00e4tzte Lesezeit":"2\u00a0Minuten"},"schema":{"@context":"https:\/\/schema.org","@graph":[{"@type":"WebPage","@id":"https:\/\/thepaddlesportshow.com\/exhibitors-delivery\/","url":"https:\/\/thepaddlesportshow.com\/exhibitors-delivery\/","name":"Exhibitors delivery - The Paddle Sport Show","isPartOf":{"@id":"https:\/\/thepaddlesportshow.com\/#website"},"datePublished":"2023-09-20T08:33:29+00:00","dateModified":"2023-09-20T15:10:39+00:00","breadcrumb":{"@id":"https:\/\/thepaddlesportshow.com\/exhibitors-delivery\/#breadcrumb"},"inLanguage":"de","potentialAction":[{"@type":"ReadAction","target":["https:\/\/thepaddlesportshow.com\/exhibitors-delivery\/"]}]},{"@type":"BreadcrumbList","@id":"https:\/\/thepaddlesportshow.com\/exhibitors-delivery\/#breadcrumb","itemListElement":[{"@type":"ListItem","position":1,"name":"Home","item":"https:\/\/thepaddlesportshow.com\/"},{"@type":"ListItem","position":2,"name":"Exhibitors delivery"}]},{"@type":"WebSite","@id":"https:\/\/thepaddlesportshow.com\/#website","url":"https:\/\/thepaddlesportshow.com\/","name":"The Paddle Sport Show","description":"The international Paddle Sports industry trade show","potentialAction":[{"@type":"SearchAction","target":{"@type":"EntryPoint","urlTemplate":"https:\/\/thepaddlesportshow.com\/?s={search_term_string}"},"query-input":{"@type":"PropertyValueSpecification","valueRequired":true,"valueName":"search_term_string"}}],"inLanguage":"de"}]}},"_links":{"self":[{"href":"https:\/\/thepaddlesportshow.com\/de\/wp-json\/wp\/v2\/pages\/8415","targetHints":{"allow":["GET"]}}],"collection":[{"href":"https:\/\/thepaddlesportshow.com\/de\/wp-json\/wp\/v2\/pages"}],"about":[{"href":"https:\/\/thepaddlesportshow.com\/de\/wp-json\/wp\/v2\/types\/page"}],"author":[{"embeddable":true,"href":"https:\/\/thepaddlesportshow.com\/de\/wp-json\/wp\/v2\/users\/1"}],"replies":[{"embeddable":true,"href":"https:\/\/thepaddlesportshow.com\/de\/wp-json\/wp\/v2\/comments?post=8415"}],"version-history":[{"count":0,"href":"https:\/\/thepaddlesportshow.com\/de\/wp-json\/wp\/v2\/pages\/8415\/revisions"}],"wp:attachment":[{"href":"https:\/\/thepaddlesportshow.com\/de\/wp-json\/wp\/v2\/media?parent=8415"}],"wp:term":[{"taxonomy":"category","embeddable":true,"href":"https:\/\/thepaddlesportshow.com\/de\/wp-json\/wp\/v2\/categories?post=8415"},{"taxonomy":"post_tag","embeddable":true,"href":"https:\/\/thepaddlesportshow.com\/de\/wp-json\/wp\/v2\/tags?post=8415"}],"curies":[{"name":"wp","href":"https:\/\/api.w.org\/{rel}","templated":true}]}}