{"id":8139,"date":"2023-09-19T11:10:16","date_gmt":"2023-09-19T09:10:16","guid":{"rendered":"https:\/\/www.thepaddlesportshow.com\/?page_id=8139"},"modified":"2023-10-17T10:57:59","modified_gmt":"2023-10-17T08:57:59","slug":"conference-programme","status":"publish","type":"page","link":"https:\/\/thepaddlesportshow.com\/de\/conference-programme\/","title":{"rendered":"Programm Konferenz"},"content":{"rendered":"<div data-elementor-type=\"wp-page\" data-elementor-id=\"8139\" class=\"elementor elementor-8139\" data-elementor-post-type=\"page\">\n\t\t\t\t\t\t<section class=\"elementor-section elementor-top-section elementor-element elementor-element-f606fbf elementor-section-full_width elementor-section-stretched elementor-section-height-default elementor-section-height-default\" data-id=\"f606fbf\" data-element_type=\"section\" data-e-type=\"section\" data-settings=\"{&quot;stretch_section&quot;:&quot;section-stretched&quot;}\">\n\t\t\t\t\t\t<div class=\"elementor-container elementor-column-gap-default\">\n\t\t\t\t\t<div class=\"elementor-column elementor-col-100 elementor-top-column elementor-element elementor-element-1e29873\" data-id=\"1e29873\" data-element_type=\"column\" data-e-type=\"column\">\n\t\t\t<div class=\"elementor-widget-wrap\">\n\t\t\t\t\t\t\t<\/div>\n\t\t<\/div>\n\t\t\t\t\t<\/div>\n\t\t<\/section>\n\t\t\t\t<section class=\"elementor-section elementor-top-section elementor-element elementor-element-b149c3c elementor-section-stretched elementor-section-boxed elementor-section-height-default elementor-section-height-default\" data-id=\"b149c3c\" data-element_type=\"section\" data-e-type=\"section\" data-settings=\"{&quot;stretch_section&quot;:&quot;section-stretched&quot;}\">\n\t\t\t\t\t\t<div class=\"elementor-container elementor-column-gap-default\">\n\t\t\t\t\t<div class=\"elementor-column elementor-col-100 elementor-top-column elementor-element elementor-element-f2e2c72\" data-id=\"f2e2c72\" data-element_type=\"column\" data-e-type=\"column\">\n\t\t\t<div class=\"elementor-widget-wrap elementor-element-populated\">\n\t\t\t\t\t\t<div class=\"elementor-element elementor-element-a588c6b elementor-widget elementor-widget-image\" data-id=\"a588c6b\" data-element_type=\"widget\" data-e-type=\"widget\" data-settings=\"{&quot;ekit_we_effect_on&quot;:&quot;none&quot;}\" data-widget_type=\"image.default\">\n\t\t\t\t<div class=\"elementor-widget-container\">\n\t\t\t\t\t\t\t\t\t\t\t\t\t\t\t<img fetchpriority=\"high\" decoding=\"async\" width=\"1536\" height=\"669\" src=\"https:\/\/thepaddlesportshow.com\/wp-content\/uploads\/2023\/09\/Raoul-Getraud-5006-1536x669.jpg\" class=\"attachment-1536x1536 size-1536x1536 wp-image-8394\" alt=\"\" srcset=\"https:\/\/thepaddlesportshow.com\/wp-content\/uploads\/2023\/09\/Raoul-Getraud-5006-1536x669.jpg 1536w, https:\/\/thepaddlesportshow.com\/wp-content\/uploads\/2023\/09\/Raoul-Getraud-5006-300x131.jpg 300w, https:\/\/thepaddlesportshow.com\/wp-content\/uploads\/2023\/09\/Raoul-Getraud-5006-1024x446.jpg 1024w, https:\/\/thepaddlesportshow.com\/wp-content\/uploads\/2023\/09\/Raoul-Getraud-5006-768x334.jpg 768w, https:\/\/thepaddlesportshow.com\/wp-content\/uploads\/2023\/09\/Raoul-Getraud-5006-18x8.jpg 18w, https:\/\/thepaddlesportshow.com\/wp-content\/uploads\/2023\/09\/Raoul-Getraud-5006.jpg 1920w\" sizes=\"(max-width: 1536px) 100vw, 1536px\" \/>\t\t\t\t\t\t\t\t\t\t\t\t\t\t\t<\/div>\n\t\t\t\t<\/div>\n\t\t\t\t\t<\/div>\n\t\t<\/div>\n\t\t\t\t\t<\/div>\n\t\t<\/section>\n\t\t\t\t<section class=\"elementor-section elementor-top-section elementor-element elementor-element-b526e94 elementor-section-boxed elementor-section-height-default elementor-section-height-default\" data-id=\"b526e94\" data-element_type=\"section\" data-e-type=\"section\" data-settings=\"{&quot;background_background&quot;:&quot;classic&quot;}\">\n\t\t\t\t\t\t<div class=\"elementor-container elementor-column-gap-default\">\n\t\t\t\t\t<div class=\"elementor-column elementor-col-100 elementor-top-column elementor-element elementor-element-6a8ad76\" data-id=\"6a8ad76\" data-element_type=\"column\" data-e-type=\"column\">\n\t\t\t<div class=\"elementor-widget-wrap elementor-element-populated\">\n\t\t\t\t\t\t<div class=\"elementor-element elementor-element-ae858a1 elementor-widget elementor-widget-text-editor\" data-id=\"ae858a1\" data-element_type=\"widget\" data-e-type=\"widget\" data-settings=\"{&quot;ekit_we_effect_on&quot;:&quot;none&quot;}\" data-widget_type=\"text-editor.default\">\n\t\t\t\t<div class=\"elementor-widget-container\">\n\t\t\t\t\t\t\t\t\t<h1><strong><span style=\"color: #ffd55e;\">PROGRAMM KONFERENZ 2023<br \/><\/span><\/strong><\/h1><p><strong>Auch in diesem Jahr organisiert die Paddle Sports Show eine Reihe von Konferenzen und Debatten zu Themen, die f\u00fcr die Paddelsportindustrie relevant sind. Die Konferenzen werden von Joel Doux (Outdoor \u00c9ditions)&amp; Canoe Kayak Magazine) und Jean-Yves Lapeyr\u00e8re (Pr\u00e4sident EC-OE, European Confederation of Outdoor Employer) und ihren zahlreichen Referenten geleitet und sind mehrsprachig und basieren auf Austausch und Diskussion.<\/strong><\/p><h2><span style=\"color: #ffd55e;\"><strong>Mittwoch, 27. September<sup>th<\/sup><br \/><\/strong><\/span><\/h2><h3><span style=\"color: #ffd55e;\"><strong>14h00<br \/><\/strong><\/span><span style=\"color: #ffffff;\">Debatte \"Kids, der Zukunftsmarkt f\u00fcr Paddelsportarten\".<\/span><\/h3><p>Es ist das Problem Nr. 1 der Sportarten heutzutage: Wie kann man f\u00fcr Kinder, die Kunden von morgen, attraktiv werden und bleiben.<\/p><p>Medienpr\u00e4senz und Marketing spielen in diesem Bereich eine entscheidende Rolle. Oft wird aber auch die Basis vergessen: die Ausr\u00fcstung, die ebenfalls attraktiv und kindgerecht sein muss. Andere Disziplinen haben es verstanden, mit einigen Marketingcodes, aber auch mit echten technischen Anpassungen zu spielen, um zu erreichen, dass sich die Dinge weiterentwickeln. Anhand dieser Beispiele werden wir versuchen, die Triebfedern und Ma\u00dfnahmen zu verstehen, die es erm\u00f6glichen, dass in Zukunft mehr Kinder paddeln gehen.<\/p><h3><span style=\"color: #ffd55e;\"><strong>16h30<br \/><\/strong><\/span><span style=\"color: #ffffff;\">Debatte \"Welche Zukunft hat der Markt f\u00fcr Stand Up Paddle? <\/span><\/h3><p>Was sind die Triebfedern der SUP-Praxis, die nach einer sehr schnellen Entwicklung in den letzten Jahren etwas ins Stocken geraten ist, vor dem Hintergrund eines etwas d\u00fcsteren Marktumfelds? Welche Rolle wird SUP k\u00fcnftig in der Dynamik der Paddelsportarten spielen, welche Synergien gibt es mit dem Kajak oder nicht?<\/p><p>Die anwesenden Marken berichten von ihren Erfahrungen und diskutieren \u00fcber neue Trends: Foil, E-Foil, Surfski.<\/p>\t\t\t\t\t\t\t\t<\/div>\n\t\t\t\t<\/div>\n\t\t\t\t\t<\/div>\n\t\t<\/div>\n\t\t\t\t\t<\/div>\n\t\t<\/section>\n\t\t\t\t<section class=\"elementor-section elementor-top-section elementor-element elementor-element-8bf00ec elementor-section-boxed elementor-section-height-default elementor-section-height-default\" data-id=\"8bf00ec\" data-element_type=\"section\" data-e-type=\"section\" data-settings=\"{&quot;background_background&quot;:&quot;classic&quot;}\">\n\t\t\t\t\t\t<div class=\"elementor-container elementor-column-gap-default\">\n\t\t\t\t\t<div class=\"elementor-column elementor-col-100 elementor-top-column elementor-element elementor-element-dfbb149\" data-id=\"dfbb149\" data-element_type=\"column\" data-e-type=\"column\">\n\t\t\t<div class=\"elementor-widget-wrap elementor-element-populated\">\n\t\t\t\t\t\t<div class=\"elementor-element elementor-element-b30ebef elementor-widget elementor-widget-text-editor\" data-id=\"b30ebef\" data-element_type=\"widget\" data-e-type=\"widget\" data-settings=\"{&quot;ekit_we_effect_on&quot;:&quot;none&quot;}\" data-widget_type=\"text-editor.default\">\n\t\t\t\t<div class=\"elementor-widget-container\">\n\t\t\t\t\t\t\t\t\t<h2><span style=\"color: #ffd55e;\"><strong>Donnerstag, 28. September<sup>th<\/sup><br \/><\/strong><\/span><\/h2><h3><span style=\"color: #ffd55e;\"><strong>11h00<br \/><\/strong><\/span><span style=\"color: #ffffff;\">Debatte \u201cSurfski, Einbaum und sogar Sea Kayaking zum Fitness-Paddeln.\u201d<\/span><\/h3><p>Surf-Ski und Piroge sind Ger\u00e4te, die es erm\u00f6glichen, die Paddelspots aus einem neuen Blickwinkel zu betrachten, n\u00e4mlich dem der Fitness f\u00fcr die breite \u00d6ffentlichkeit. Sie sind spielerischer, sexyer und beruhigender und machen Lust darauf, an Bord zu gehen und auf andere Weise zu praktizieren. Ein glamour\u00f6seres Image f\u00fcr den Sport? Ein echter Markt im Entstehen? Auf jeden Fall ein Angebot, das in der Familie der Paddelsportarten noch allzu oft fehlt.<\/p><h3><span style=\"color: #ffd55e;\"><strong>14h00<br \/><\/strong><\/span><span style=\"color: #ffffff;\">Gemeinsam die Fl\u00fcsse sch\u00fctzen!<br \/><\/span><span style=\"color: #ffffff;\">Pr\u00e4sentiert von den NGOs \"Free Rivers Fund\" und \"Save the Austari J\u00f6kuls\u00e1\". <\/span><\/h3><p>Jeder ist eingeladen, teilzunehmen und die positiven Aktionen (wieder) zu entdecken, die in den Gemeinschaften zur Verteidigung unserer Fl\u00fcsse durchgef\u00fchrt wurden. Es werden Ideen und Fragen gestellt, die dabei helfen sollen zu verstehen, wie wir alle zum Schutz frei flie\u00dfender Fl\u00fcsse beitragen k\u00f6nnen.<\/p><h3><span style=\"color: #ffd55e;\"><strong>16h00<br \/><\/strong><\/span><span style=\"color: #ffffff;\">Debatte \"\u00dcbrigens, wie verkauft man ein Kajak?<\/span><\/h3><p>Ein Kajak zu verkaufen ist nie einfach, egal ob man ein Spezialist ist oder nicht, aber es ist noch schwieriger, wenn man kein Spezialist ist, denn es gibt eine Vielzahl von Produkttypen je nach Umgebung, Niveau und Praxis. Anhand von pr\u00e4zisen Beispielen und Erfahrungsberichten werden die Besonderheiten der Produkte und die Art und Weise, wie sie w\u00e4hrend eines Verkaufs angesprochen werden, behandelt. Mit Erfahrungsberichten von verschiedenen Akteuren des Vertriebswegs und der Marken.<\/p>\t\t\t\t\t\t\t\t<\/div>\n\t\t\t\t<\/div>\n\t\t\t\t\t<\/div>\n\t\t<\/div>\n\t\t\t\t\t<\/div>\n\t\t<\/section>\n\t\t\t\t<section class=\"elementor-section elementor-top-section elementor-element elementor-element-0d9ff99 elementor-section-boxed elementor-section-height-default elementor-section-height-default\" data-id=\"0d9ff99\" data-element_type=\"section\" data-e-type=\"section\" data-settings=\"{&quot;background_background&quot;:&quot;classic&quot;}\">\n\t\t\t\t\t\t<div class=\"elementor-container elementor-column-gap-default\">\n\t\t\t\t\t<div class=\"elementor-column elementor-col-100 elementor-top-column elementor-element elementor-element-84717f7\" data-id=\"84717f7\" data-element_type=\"column\" data-e-type=\"column\">\n\t\t\t<div class=\"elementor-widget-wrap elementor-element-populated\">\n\t\t\t\t\t\t<div class=\"elementor-element elementor-element-b055b48 elementor-widget elementor-widget-text-editor\" data-id=\"b055b48\" data-element_type=\"widget\" data-e-type=\"widget\" data-settings=\"{&quot;ekit_we_effect_on&quot;:&quot;none&quot;}\" data-widget_type=\"text-editor.default\">\n\t\t\t\t<div class=\"elementor-widget-container\">\n\t\t\t\t\t\t\t\t\t<h2><span style=\"color: #ffd55e;\"><strong>Freitag, den 29. September<sup>th<\/sup><br \/><\/strong><\/span><\/h2><h3><span style=\"color: #ffd55e;\"><strong>10h30<br \/><\/strong><\/span><span style=\"color: #ffffff;\">&#8220;The Virtuous Paddle <\/span><span style=\"color: #ffffff;\">Sports<\/span><span style=\"color: #ffffff;\"> Recycling Chain<br \/><\/span><span style=\"color: #ffffff;\">Das Recycling von Paddle Sports-Produkten<br \/><\/span><span style=\"color: #ffffff;\">Was w\u00e4re, wenn Shops zu Sammelstellen und zum wichtigsten Glied im Recyclingprozess werden w\u00fcrden?<\/span><\/h3><p>Was geschieht mit unserer Ausr\u00fcstung am Ende ihrer Lebensdauer? Wie k\u00f6nnen sich die Paddelsportindustrie und der Einzelhandel einbringen und eine entscheidende Rolle im Produktzyklus spielen? Bob Tims moderiert eine Diskussion, in der er ein Programm zum Sammeln und Recyceln von Produkten vorstellt, bei dem die Shops im Mittelpunkt eines ehrgeizigen Konzepts stehen, das zwischen den Sportlern und den Herstellern angesiedelt ist. Austausch und \u00dcberlegungen zu einer tugendhaften Idee, die vielleicht gar nicht so schwer umzusetzen ist.<\/p>\t\t\t\t\t\t\t\t<\/div>\n\t\t\t\t<\/div>\n\t\t\t\t\t<\/div>\n\t\t<\/div>\n\t\t\t\t\t<\/div>\n\t\t<\/section>\n\t\t\t\t<\/div>","protected":false},"excerpt":{"rendered":"<p>CONFERENCE PROGRAM 2023 Once again this year, the Paddle Sports Show is organising a series of conferences and debates on themes relating to the paddle sports industry. Hosted by Joel Doux (Outdoor Editions &amp; Canoe Kayak magazine) and Jean-Yves Lapeyr\u00e8re (President EC-OE, European Confederation of Outdoor Employer), and their numerous speakers, these conferences will be [&hellip;]<\/p>\n","protected":false},"author":1,"featured_media":0,"parent":0,"menu_order":0,"comment_status":"closed","ping_status":"closed","template":"","meta":{"footnotes":""},"categories":[],"tags":[],"class_list":["post-8139","page","type-page","status-publish","hentry"],"yoast_head":"<!-- This site is optimized with the Yoast SEO plugin v27.1.1 - https:\/\/yoast.com\/product\/yoast-seo-wordpress\/ -->\n<title>Conference Program - The Paddle Sport Show<\/title>\n<meta name=\"robots\" content=\"index, follow, max-snippet:-1, max-image-preview:large, max-video-preview:-1\" \/>\n<link rel=\"canonical\" href=\"https:\/\/thepaddlesportshow.com\/de\/conference-programme\/\" \/>\n<meta property=\"og:locale\" content=\"de_DE\" \/>\n<meta property=\"og:type\" content=\"article\" \/>\n<meta property=\"og:title\" content=\"Conference Program - The Paddle Sport Show\" \/>\n<meta property=\"og:description\" content=\"CONFERENCE PROGRAM 2023 Once again this year, the Paddle Sports Show is organising a series of conferences and debates on themes relating to the paddle sports industry. Hosted by Joel Doux (Outdoor Editions &amp; Canoe Kayak magazine) and Jean-Yves Lapeyr\u00e8re (President EC-OE, European Confederation of Outdoor Employer), and their numerous speakers, these conferences will be [&hellip;]\" \/>\n<meta property=\"og:url\" content=\"https:\/\/thepaddlesportshow.com\/de\/conference-programme\/\" \/>\n<meta property=\"og:site_name\" content=\"The Paddle Sport Show\" \/>\n<meta property=\"article:publisher\" content=\"https:\/\/facebook.com\/paddlesportshow\/\" \/>\n<meta property=\"article:modified_time\" content=\"2023-10-17T08:57:59+00:00\" \/>\n<meta property=\"og:image\" content=\"https:\/\/www.thepaddlesportshow.com\/wp-content\/uploads\/2023\/09\/Raoul-Getraud-5006-1536x669.jpg\" \/>\n<meta name=\"twitter:card\" content=\"summary_large_image\" \/>\n<meta name=\"twitter:label1\" content=\"Gesch\u00e4tzte Lesezeit\" \/>\n\t<meta name=\"twitter:data1\" content=\"3\u00a0Minuten\" \/>\n<script type=\"application\/ld+json\" class=\"yoast-schema-graph\">{\"@context\":\"https:\/\/schema.org\",\"@graph\":[{\"@type\":\"WebPage\",\"@id\":\"https:\/\/thepaddlesportshow.com\/conference-programme\/\",\"url\":\"https:\/\/thepaddlesportshow.com\/conference-programme\/\",\"name\":\"Conference Program - The Paddle Sport Show\",\"isPartOf\":{\"@id\":\"https:\/\/thepaddlesportshow.com\/#website\"},\"primaryImageOfPage\":{\"@id\":\"https:\/\/thepaddlesportshow.com\/conference-programme\/#primaryimage\"},\"image\":{\"@id\":\"https:\/\/thepaddlesportshow.com\/conference-programme\/#primaryimage\"},\"thumbnailUrl\":\"https:\/\/www.thepaddlesportshow.com\/wp-content\/uploads\/2023\/09\/Raoul-Getraud-5006-1536x669.jpg\",\"datePublished\":\"2023-09-19T09:10:16+00:00\",\"dateModified\":\"2023-10-17T08:57:59+00:00\",\"breadcrumb\":{\"@id\":\"https:\/\/thepaddlesportshow.com\/conference-programme\/#breadcrumb\"},\"inLanguage\":\"de\",\"potentialAction\":[{\"@type\":\"ReadAction\",\"target\":[\"https:\/\/thepaddlesportshow.com\/conference-programme\/\"]}]},{\"@type\":\"ImageObject\",\"inLanguage\":\"de\",\"@id\":\"https:\/\/thepaddlesportshow.com\/conference-programme\/#primaryimage\",\"url\":\"https:\/\/www.thepaddlesportshow.com\/wp-content\/uploads\/2023\/09\/Raoul-Getraud-5006-1536x669.jpg\",\"contentUrl\":\"https:\/\/www.thepaddlesportshow.com\/wp-content\/uploads\/2023\/09\/Raoul-Getraud-5006-1536x669.jpg\"},{\"@type\":\"BreadcrumbList\",\"@id\":\"https:\/\/thepaddlesportshow.com\/conference-programme\/#breadcrumb\",\"itemListElement\":[{\"@type\":\"ListItem\",\"position\":1,\"name\":\"Home\",\"item\":\"https:\/\/thepaddlesportshow.com\/\"},{\"@type\":\"ListItem\",\"position\":2,\"name\":\"Conference Program\"}]},{\"@type\":\"WebSite\",\"@id\":\"https:\/\/thepaddlesportshow.com\/#website\",\"url\":\"https:\/\/thepaddlesportshow.com\/\",\"name\":\"The Paddle Sport Show\",\"description\":\"The international Paddle Sports industry trade show\",\"potentialAction\":[{\"@type\":\"SearchAction\",\"target\":{\"@type\":\"EntryPoint\",\"urlTemplate\":\"https:\/\/thepaddlesportshow.com\/?s={search_term_string}\"},\"query-input\":{\"@type\":\"PropertyValueSpecification\",\"valueRequired\":true,\"valueName\":\"search_term_string\"}}],\"inLanguage\":\"de\"}]}<\/script>\n<!-- \/ Yoast SEO plugin. -->","yoast_head_json":{"title":"Conference Program - The Paddle Sport Show","robots":{"index":"index","follow":"follow","max-snippet":"max-snippet:-1","max-image-preview":"max-image-preview:large","max-video-preview":"max-video-preview:-1"},"canonical":"https:\/\/thepaddlesportshow.com\/de\/conference-programme\/","og_locale":"de_DE","og_type":"article","og_title":"Conference Program - The Paddle Sport Show","og_description":"CONFERENCE PROGRAM 2023 Once again this year, the Paddle Sports Show is organising a series of conferences and debates on themes relating to the paddle sports industry. Hosted by Joel Doux (Outdoor Editions &amp; Canoe Kayak magazine) and Jean-Yves Lapeyr\u00e8re (President EC-OE, European Confederation of Outdoor Employer), and their numerous speakers, these conferences will be [&hellip;]","og_url":"https:\/\/thepaddlesportshow.com\/de\/conference-programme\/","og_site_name":"The Paddle Sport Show","article_publisher":"https:\/\/facebook.com\/paddlesportshow\/","article_modified_time":"2023-10-17T08:57:59+00:00","og_image":[{"url":"https:\/\/www.thepaddlesportshow.com\/wp-content\/uploads\/2023\/09\/Raoul-Getraud-5006-1536x669.jpg","type":"","width":"","height":""}],"twitter_card":"summary_large_image","twitter_misc":{"Gesch\u00e4tzte Lesezeit":"3\u00a0Minuten"},"schema":{"@context":"https:\/\/schema.org","@graph":[{"@type":"WebPage","@id":"https:\/\/thepaddlesportshow.com\/conference-programme\/","url":"https:\/\/thepaddlesportshow.com\/conference-programme\/","name":"Conference Program - The Paddle Sport Show","isPartOf":{"@id":"https:\/\/thepaddlesportshow.com\/#website"},"primaryImageOfPage":{"@id":"https:\/\/thepaddlesportshow.com\/conference-programme\/#primaryimage"},"image":{"@id":"https:\/\/thepaddlesportshow.com\/conference-programme\/#primaryimage"},"thumbnailUrl":"https:\/\/www.thepaddlesportshow.com\/wp-content\/uploads\/2023\/09\/Raoul-Getraud-5006-1536x669.jpg","datePublished":"2023-09-19T09:10:16+00:00","dateModified":"2023-10-17T08:57:59+00:00","breadcrumb":{"@id":"https:\/\/thepaddlesportshow.com\/conference-programme\/#breadcrumb"},"inLanguage":"de","potentialAction":[{"@type":"ReadAction","target":["https:\/\/thepaddlesportshow.com\/conference-programme\/"]}]},{"@type":"ImageObject","inLanguage":"de","@id":"https:\/\/thepaddlesportshow.com\/conference-programme\/#primaryimage","url":"https:\/\/www.thepaddlesportshow.com\/wp-content\/uploads\/2023\/09\/Raoul-Getraud-5006-1536x669.jpg","contentUrl":"https:\/\/www.thepaddlesportshow.com\/wp-content\/uploads\/2023\/09\/Raoul-Getraud-5006-1536x669.jpg"},{"@type":"BreadcrumbList","@id":"https:\/\/thepaddlesportshow.com\/conference-programme\/#breadcrumb","itemListElement":[{"@type":"ListItem","position":1,"name":"Home","item":"https:\/\/thepaddlesportshow.com\/"},{"@type":"ListItem","position":2,"name":"Conference Program"}]},{"@type":"WebSite","@id":"https:\/\/thepaddlesportshow.com\/#website","url":"https:\/\/thepaddlesportshow.com\/","name":"The Paddle Sport Show","description":"The international Paddle Sports industry trade show","potentialAction":[{"@type":"SearchAction","target":{"@type":"EntryPoint","urlTemplate":"https:\/\/thepaddlesportshow.com\/?s={search_term_string}"},"query-input":{"@type":"PropertyValueSpecification","valueRequired":true,"valueName":"search_term_string"}}],"inLanguage":"de"}]}},"_links":{"self":[{"href":"https:\/\/thepaddlesportshow.com\/de\/wp-json\/wp\/v2\/pages\/8139","targetHints":{"allow":["GET"]}}],"collection":[{"href":"https:\/\/thepaddlesportshow.com\/de\/wp-json\/wp\/v2\/pages"}],"about":[{"href":"https:\/\/thepaddlesportshow.com\/de\/wp-json\/wp\/v2\/types\/page"}],"author":[{"embeddable":true,"href":"https:\/\/thepaddlesportshow.com\/de\/wp-json\/wp\/v2\/users\/1"}],"replies":[{"embeddable":true,"href":"https:\/\/thepaddlesportshow.com\/de\/wp-json\/wp\/v2\/comments?post=8139"}],"version-history":[{"count":0,"href":"https:\/\/thepaddlesportshow.com\/de\/wp-json\/wp\/v2\/pages\/8139\/revisions"}],"wp:attachment":[{"href":"https:\/\/thepaddlesportshow.com\/de\/wp-json\/wp\/v2\/media?parent=8139"}],"wp:term":[{"taxonomy":"category","embeddable":true,"href":"https:\/\/thepaddlesportshow.com\/de\/wp-json\/wp\/v2\/categories?post=8139"},{"taxonomy":"post_tag","embeddable":true,"href":"https:\/\/thepaddlesportshow.com\/de\/wp-json\/wp\/v2\/tags?post=8139"}],"curies":[{"name":"wp","href":"https:\/\/api.w.org\/{rel}","templated":true}]}}