{"id":7546,"date":"2023-09-16T15:41:12","date_gmt":"2023-09-16T13:41:12","guid":{"rendered":"https:\/\/www.thepaddlesportshow.com\/?page_id=7546"},"modified":"2023-09-18T23:52:37","modified_gmt":"2023-09-18T21:52:37","slug":"wattersport-concept-inflatable-kayak-polo-goals","status":"publish","type":"page","link":"https:\/\/thepaddlesportshow.com\/de\/wattersport-concept-inflatable-kayak-polo-goals\/","title":{"rendered":"WATTERSPORT CONCEPT &#8211; Inflatable kayak polo goals"},"content":{"rendered":"\t\t<div data-elementor-type=\"wp-page\" data-elementor-id=\"7546\" class=\"elementor elementor-7546\" data-elementor-post-type=\"page\">\n\t\t\t\t\t\t<section class=\"elementor-section elementor-top-section elementor-element elementor-element-09f4cf1 elementor-section-boxed elementor-section-height-default elementor-section-height-default\" data-id=\"09f4cf1\" data-element_type=\"section\" data-e-type=\"section\">\n\t\t\t\t\t\t<div class=\"elementor-container elementor-column-gap-default\">\n\t\t\t\t\t<div class=\"elementor-column elementor-col-100 elementor-top-column elementor-element elementor-element-6bf0267\" data-id=\"6bf0267\" data-element_type=\"column\" data-e-type=\"column\">\n\t\t\t<div class=\"elementor-widget-wrap elementor-element-populated\">\n\t\t\t\t\t\t<div class=\"elementor-element elementor-element-ec49118 elementor-widget elementor-widget-heading\" data-id=\"ec49118\" data-element_type=\"widget\" data-e-type=\"widget\" data-settings=\"{&quot;ekit_we_effect_on&quot;:&quot;none&quot;}\" data-widget_type=\"heading.default\">\n\t\t\t\t<div class=\"elementor-widget-container\">\n\t\t\t\t\t<h2 class=\"elementor-heading-title elementor-size-default\">WATTERSPORT CONCEPT - Inflatable kayak polo goals<\/h2>\t\t\t\t<\/div>\n\t\t\t\t<\/div>\n\t\t\t\t\t<\/div>\n\t\t<\/div>\n\t\t\t\t\t<\/div>\n\t\t<\/section>\n\t\t\t\t<section class=\"elementor-section elementor-top-section elementor-element elementor-element-c104ed3 elementor-section-boxed elementor-section-height-default elementor-section-height-default\" data-id=\"c104ed3\" data-element_type=\"section\" data-e-type=\"section\">\n\t\t\t\t\t\t<div class=\"elementor-container elementor-column-gap-default\">\n\t\t\t\t\t<div class=\"elementor-column elementor-col-100 elementor-top-column elementor-element elementor-element-94b4440\" data-id=\"94b4440\" data-element_type=\"column\" data-e-type=\"column\">\n\t\t\t<div class=\"elementor-widget-wrap elementor-element-populated\">\n\t\t\t\t\t\t<div class=\"elementor-element elementor-element-f651831 elementor-widget elementor-widget-image\" data-id=\"f651831\" data-element_type=\"widget\" data-e-type=\"widget\" data-settings=\"{&quot;ekit_we_effect_on&quot;:&quot;none&quot;}\" data-widget_type=\"image.default\">\n\t\t\t\t<div class=\"elementor-widget-container\">\n\t\t\t\t\t\t\t\t\t\t\t\t\t\t\t<img fetchpriority=\"high\" decoding=\"async\" width=\"1200\" height=\"800\" src=\"https:\/\/thepaddlesportshow.com\/wp-content\/uploads\/2023\/09\/Watersportconcept-kayak-polo-goal-PRO.jpg\" class=\"attachment-1536x1536 size-1536x1536 wp-image-7542\" alt=\"\" srcset=\"https:\/\/thepaddlesportshow.com\/wp-content\/uploads\/2023\/09\/Watersportconcept-kayak-polo-goal-PRO.jpg 1200w, https:\/\/thepaddlesportshow.com\/wp-content\/uploads\/2023\/09\/Watersportconcept-kayak-polo-goal-PRO-300x200.jpg 300w, https:\/\/thepaddlesportshow.com\/wp-content\/uploads\/2023\/09\/Watersportconcept-kayak-polo-goal-PRO-1024x683.jpg 1024w, https:\/\/thepaddlesportshow.com\/wp-content\/uploads\/2023\/09\/Watersportconcept-kayak-polo-goal-PRO-768x512.jpg 768w, https:\/\/thepaddlesportshow.com\/wp-content\/uploads\/2023\/09\/Watersportconcept-kayak-polo-goal-PRO-18x12.jpg 18w\" sizes=\"(max-width: 1200px) 100vw, 1200px\" \/>\t\t\t\t\t\t\t\t\t\t\t\t\t\t\t<\/div>\n\t\t\t\t<\/div>\n\t\t\t\t\t<\/div>\n\t\t<\/div>\n\t\t\t\t\t<\/div>\n\t\t<\/section>\n\t\t\t\t<section class=\"elementor-section elementor-top-section elementor-element elementor-element-8e5ce71 elementor-section-boxed elementor-section-height-default elementor-section-height-default\" data-id=\"8e5ce71\" data-element_type=\"section\" data-e-type=\"section\">\n\t\t\t\t\t\t<div class=\"elementor-container elementor-column-gap-default\">\n\t\t\t\t\t<div class=\"elementor-column elementor-col-100 elementor-top-column elementor-element elementor-element-af6df3c\" data-id=\"af6df3c\" data-element_type=\"column\" data-e-type=\"column\">\n\t\t\t<div class=\"elementor-widget-wrap elementor-element-populated\">\n\t\t\t\t\t\t<div class=\"elementor-element elementor-element-979954d elementor-widget elementor-widget-text-editor\" data-id=\"979954d\" data-element_type=\"widget\" data-e-type=\"widget\" data-settings=\"{&quot;ekit_we_effect_on&quot;:&quot;none&quot;}\" data-widget_type=\"text-editor.default\">\n\t\t\t\t<div class=\"elementor-widget-container\">\n\t\t\t\t\t\t\t\t\t<p>Kayakers at heart, we&#8217;ve been practising kayak polo for several years. With these inflatable kayak polo goals, carefully designed and developed in partnership with the F\u00e9d\u00e9ration Fran\u00e7aise de Cano\u00eb-Kayak (FFCK), we&#8217;re putting all our experience and expertise at the service of kayak clubs that don&#8217;t have the space, permission or budget for fixed goals.&nbsp;<\/p>\n<p>Our goals come in 2 different models: the Discovery and the Pro.<\/p>\n<p><b>DISCOVERY kayak polo goals<\/b><\/p>\n<p>The Discovery inflatable goal is perfect for introductory kayak polo or paddle polo! Its straight legs take up very little space. Its PVC construction and reinforced double welds give it excellent strength and durability over time. The 4 side handles make it easy to carry, even for the smallest children! Its 7 stainless steel rings provide plenty of well-balanced anchorage points. Its extremely strong net, held in place by numerous rings, is also easily interchangeable.<\/p>\n<p><b>&#8211; Available in 2 sizes: junior &amp; adult.<\/b><\/p>\n<ul>\n<li aria-level=\"1\"><b>DISCOVERY Junior :<\/b><\/li>\n<\/ul>\n<ul>\n<li aria-level=\"2\"><b>Height: 240 cm<\/b><\/li>\n<\/ul>\n<ul>\n<li aria-level=\"2\"><b>Base: 170 x 170 cm<\/b><\/li>\n<\/ul>\n<ul>\n<li aria-level=\"1\"><b>DISCOVERY Adult :<\/b><\/li>\n<\/ul>\n<ul>\n<li aria-level=\"2\"><b>Height: 295 cm<\/b><\/li>\n<\/ul>\n<ul>\n<li aria-level=\"2\"><b>Base: 200 x 200 cm<\/b><\/li>\n<\/ul>\n<p><i>Model registered and protected with the EUIPO.<\/i><\/p>\n<p><b>PRO kayak polo goal<\/b><\/p>\n<p>The PRO inflatable goal is ideal for kayak polo at training sessions or events! Its wide structure allows the goalkeeper to slide easily under the goal.<\/p>\n<p>Its PVC construction and reinforced double welds give it excellent strength and durability over time. It&#8217;s lightweight and inflates in less than 5 minutes. The 5 handles make it easy to carry. Its 7 stainless steel rings provide plenty of balanced anchorage points. Its net, held in place by numerous rings, is easily interchangeable.<\/p>\n<p><b>&#8211; Available in 2 sizes: junior &amp; adult.<\/b><\/p>\n<ul>\n<li aria-level=\"1\">DISCOVERY Junior :\n<ul>\n<li aria-level=\"2\">Height: 240 cm<\/li>\n<li aria-level=\"2\">Base: 413 x 192 cm<\/li>\n<\/ul>\n<\/li>\n<li aria-level=\"1\">DISCOVERY Adult :<\/li>\n<\/ul>\n<ul>\n<li aria-level=\"2\">Height: 295 cm<\/li>\n<li aria-level=\"2\">Base: 443 x 200 cm<\/li>\n<\/ul>\n<p><i>Model registered and protected with the EUIPO<\/i><\/p><i>\n<\/i><p><i><\/i><\/p>\n<p>We hope you like our innovations, and we&#8217;ll be delighted to show them to you in more detail in Strasbourg!<\/p>\n<p><b><i>Mikael, Lilian &amp; Christian, founders of Watersport Concept<\/i><\/b><\/p><p><a href=\"https:\/\/www.watersportconcept.com\/\" target=\"_blank\">https:\/\/www.watersportconcept.com\/<\/a><i style=\"\"><br><\/i><\/p>\n<p><\/p>\t\t\t\t\t\t\t\t<\/div>\n\t\t\t\t<\/div>\n\t\t\t\t\t<\/div>\n\t\t<\/div>\n\t\t\t\t\t<\/div>\n\t\t<\/section>\n\t\t\t\t<section class=\"elementor-section elementor-top-section elementor-element elementor-element-a22f1de elementor-section-boxed elementor-section-height-default elementor-section-height-default\" data-id=\"a22f1de\" data-element_type=\"section\" data-e-type=\"section\">\n\t\t\t\t\t\t<div class=\"elementor-container elementor-column-gap-default\">\n\t\t\t\t\t<div class=\"elementor-column elementor-col-100 elementor-top-column elementor-element elementor-element-e96d925\" data-id=\"e96d925\" data-element_type=\"column\" data-e-type=\"column\">\n\t\t\t<div class=\"elementor-widget-wrap elementor-element-populated\">\n\t\t\t\t\t\t<div class=\"elementor-element elementor-element-ad8af3c elementor-widget-divider--view-line elementor-widget elementor-widget-divider\" data-id=\"ad8af3c\" data-element_type=\"widget\" data-e-type=\"widget\" data-settings=\"{&quot;ekit_we_effect_on&quot;:&quot;none&quot;}\" data-widget_type=\"divider.default\">\n\t\t\t\t<div class=\"elementor-widget-container\">\n\t\t\t\t\t\t\t<div class=\"elementor-divider\">\n\t\t\t<span class=\"elementor-divider-separator\">\n\t\t\t\t\t\t<\/span>\n\t\t<\/div>\n\t\t\t\t\t\t<\/div>\n\t\t\t\t<\/div>\n\t\t\t\t\t<\/div>\n\t\t<\/div>\n\t\t\t\t\t<\/div>\n\t\t<\/section>\n\t\t\t\t<section class=\"elementor-section elementor-top-section elementor-element elementor-element-7423ab4 elementor-section-boxed elementor-section-height-default elementor-section-height-default\" data-id=\"7423ab4\" data-element_type=\"section\" data-e-type=\"section\">\n\t\t\t\t\t\t<div class=\"elementor-container elementor-column-gap-default\">\n\t\t\t\t\t<div class=\"elementor-column elementor-col-100 elementor-top-column elementor-element elementor-element-a2ecc0f\" data-id=\"a2ecc0f\" data-element_type=\"column\" data-e-type=\"column\">\n\t\t\t<div class=\"elementor-widget-wrap elementor-element-populated\">\n\t\t\t\t\t\t<div class=\"elementor-element elementor-element-c6cb5aa elementor-invisible elementor-widget elementor-widget-text-editor\" data-id=\"c6cb5aa\" data-element_type=\"widget\" data-e-type=\"widget\" data-settings=\"{&quot;_animation&quot;:&quot;fadeIn&quot;,&quot;_animation_delay&quot;:5000,&quot;ekit_we_effect_on&quot;:&quot;none&quot;}\" data-widget_type=\"text-editor.default\">\n\t\t\t\t<div class=\"elementor-widget-container\">\n\t\t\t\t\t\t\t\t\t<p>My Vote Goes to this Product<\/p>\t\t\t\t\t\t\t\t<\/div>\n\t\t\t\t<\/div>\n\t\t\t\t\t<\/div>\n\t\t<\/div>\n\t\t\t\t\t<\/div>\n\t\t<\/section>\n\t\t\t\t<section class=\"elementor-section elementor-top-section elementor-element elementor-element-ed82741 elementor-section-full_width elementor-section-height-default elementor-section-height-default\" data-id=\"ed82741\" data-element_type=\"section\" data-e-type=\"section\">\n\t\t\t\t\t\t<div class=\"elementor-container elementor-column-gap-default\">\n\t\t\t\t\t<div class=\"elementor-column elementor-col-100 elementor-top-column elementor-element elementor-element-c4b2b93\" data-id=\"c4b2b93\" data-element_type=\"column\" data-e-type=\"column\">\n\t\t\t<div class=\"elementor-widget-wrap elementor-element-populated\">\n\t\t\t\t\t\t<div class=\"elementor-element elementor-element-d242d0e elementor-button-align-start elementor-widget elementor-widget-form\" data-id=\"d242d0e\" data-element_type=\"widget\" data-e-type=\"widget\" data-settings=\"{&quot;step_next_label&quot;:&quot;Next&quot;,&quot;step_previous_label&quot;:&quot;Previous&quot;,&quot;button_width&quot;:&quot;20&quot;,&quot;step_type&quot;:&quot;number_text&quot;,&quot;step_icon_shape&quot;:&quot;circle&quot;,&quot;ekit_we_effect_on&quot;:&quot;none&quot;}\" data-widget_type=\"form.default\">\n\t\t\t\t<div class=\"elementor-widget-container\">\n\t\t\t\t\t\t\t<form class=\"elementor-form\" method=\"post\" name=\"Nouveau formulaire\" aria-label=\"Nouveau formulaire\">\n\t\t\t<input type=\"hidden\" name=\"post_id\" value=\"7546\"\/>\n\t\t\t<input type=\"hidden\" name=\"form_id\" value=\"d242d0e\"\/>\n\t\t\t<input type=\"hidden\" name=\"referer_title\" value=\"WATTERSPORT CONCEPT - Inflatable kayak polo goals - The Paddle Sport Show\" \/>\n\n\t\t\t\t\t\t\t<input type=\"hidden\" name=\"queried_id\" value=\"7546\"\/>\n\t\t\t\n\t\t\t<div class=\"elementor-form-fields-wrapper elementor-labels-above\">\n\t\t\t\t\t\t\t\t<div class=\"elementor-field-type-text elementor-field-group elementor-column elementor-field-group-name elementor-col-60 elementor-field-required elementor-mark-required\">\n\t\t\t\t\t\t\t\t\t\t\t\t<label for=\"form-field-name\" class=\"elementor-field-label\">\n\t\t\t\t\t\t\t\tName\t\t\t\t\t\t\t<\/label>\n\t\t\t\t\t\t\t\t\t\t\t\t\t\t<input size=\"1\" type=\"text\" name=\"form_fields[name]\" id=\"form-field-name\" class=\"elementor-field elementor-size-sm  elementor-field-textual\" required=\"required\">\n\t\t\t\t\t\t\t\t\t\t\t<\/div>\n\t\t\t\t\t\t\t\t<div class=\"elementor-field-type-email elementor-field-group elementor-column elementor-field-group-email elementor-col-60 elementor-field-required elementor-mark-required\">\n\t\t\t\t\t\t\t\t\t\t\t\t<label for=\"form-field-email\" class=\"elementor-field-label\">\n\t\t\t\t\t\t\t\tYour email\t\t\t\t\t\t\t<\/label>\n\t\t\t\t\t\t\t\t\t\t\t\t\t\t<input size=\"1\" type=\"email\" name=\"form_fields[email]\" id=\"form-field-email\" class=\"elementor-field elementor-size-sm  elementor-field-textual\" required=\"required\">\n\t\t\t\t\t\t\t\t\t\t\t<\/div>\n\t\t\t\t\t\t\t\t<div class=\"elementor-field-type-text elementor-field-group elementor-column elementor-field-group-field_177d0d1 elementor-col-60 elementor-field-required elementor-mark-required\">\n\t\t\t\t\t\t\t\t\t\t\t\t<label for=\"form-field-field_177d0d1\" class=\"elementor-field-label\">\n\t\t\t\t\t\t\t\tShop\/company name\t\t\t\t\t\t\t<\/label>\n\t\t\t\t\t\t\t\t\t\t\t\t\t\t<input size=\"1\" type=\"text\" name=\"form_fields[field_177d0d1]\" id=\"form-field-field_177d0d1\" class=\"elementor-field elementor-size-sm  elementor-field-textual\" required=\"required\">\n\t\t\t\t\t\t\t\t\t\t\t<\/div>\n\t\t\t\t\t\t\t\t<div class=\"elementor-field-type-recaptcha_v3 elementor-field-group elementor-column elementor-field-group-field_6b0864c elementor-col-100 recaptcha_v3-inline\">\n\t\t\t\t\t<div class=\"elementor-field\" id=\"form-field-field_6b0864c\"><div class=\"elementor-g-recaptcha\" data-sitekey=\"6LcXjuMZAAAAAP8V7-6NWnw_nJIgYeVAwiYOosk1\" data-type=\"v3\" data-action=\"Form\" data-badge=\"inline\" data-size=\"invisible\"><\/div><\/div>\t\t\t\t<\/div>\n\t\t\t\t\t\t\t\t<div class=\"elementor-field-group elementor-column elementor-field-type-submit elementor-col-20 e-form__buttons\">\n\t\t\t\t\t<button class=\"elementor-button elementor-size-sm\" type=\"submit\">\n\t\t\t\t\t\t<span class=\"elementor-button-content-wrapper\">\n\t\t\t\t\t\t\t\t\t\t\t\t\t\t\t\t\t\t\t\t\t\t<span class=\"elementor-button-text\">VOTE!<\/span>\n\t\t\t\t\t\t\t\t\t\t\t\t\t<\/span>\n\t\t\t\t\t<\/button>\n\t\t\t\t<\/div>\n\t\t\t<\/div>\n\t\t<\/form>\n\t\t\t\t\t\t<\/div>\n\t\t\t\t<\/div>\n\t\t\t\t\t<\/div>\n\t\t<\/div>\n\t\t\t\t\t<\/div>\n\t\t<\/section>\n\t\t\t\t<\/div>\n\t\t","protected":false},"excerpt":{"rendered":"<p>WATTERSPORT CONCEPT &#8211; Inflatable kayak polo goals Kayakers at heart, we&#8217;ve been practising kayak polo for several years. With these inflatable kayak polo goals, carefully designed and developed in partnership with the F\u00e9d\u00e9ration Fran\u00e7aise de Cano\u00eb-Kayak (FFCK), we&#8217;re putting all our experience and expertise at the service of kayak clubs that don&#8217;t have the space, [&hellip;]<\/p>\n","protected":false},"author":1,"featured_media":0,"parent":0,"menu_order":0,"comment_status":"closed","ping_status":"closed","template":"","meta":{"footnotes":""},"categories":[634],"tags":[],"class_list":["post-7546","page","type-page","status-publish","hentry","category-accessories"],"yoast_head":"<!-- This site is optimized with the Yoast SEO plugin v27.1.1 - https:\/\/yoast.com\/product\/yoast-seo-wordpress\/ -->\n<title>WATTERSPORT CONCEPT - Inflatable kayak polo goals - The Paddle Sport Show<\/title>\n<meta name=\"robots\" content=\"index, follow, max-snippet:-1, max-image-preview:large, max-video-preview:-1\" \/>\n<link rel=\"canonical\" href=\"https:\/\/thepaddlesportshow.com\/de\/wattersport-concept-inflatable-kayak-polo-goals\/\" \/>\n<meta property=\"og:locale\" content=\"de_DE\" \/>\n<meta property=\"og:type\" content=\"article\" \/>\n<meta property=\"og:title\" content=\"WATTERSPORT CONCEPT - Inflatable kayak polo goals - The Paddle Sport Show\" \/>\n<meta property=\"og:description\" content=\"WATTERSPORT CONCEPT &#8211; Inflatable kayak polo goals Kayakers at heart, we&#8217;ve been practising kayak polo for several years. With these inflatable kayak polo goals, carefully designed and developed in partnership with the F\u00e9d\u00e9ration Fran\u00e7aise de Cano\u00eb-Kayak (FFCK), we&#8217;re putting all our experience and expertise at the service of kayak clubs that don&#8217;t have the space, [&hellip;]\" \/>\n<meta property=\"og:url\" content=\"https:\/\/thepaddlesportshow.com\/de\/wattersport-concept-inflatable-kayak-polo-goals\/\" \/>\n<meta property=\"og:site_name\" content=\"The Paddle Sport Show\" \/>\n<meta property=\"article:publisher\" content=\"https:\/\/facebook.com\/paddlesportshow\/\" \/>\n<meta property=\"article:modified_time\" content=\"2023-09-18T21:52:37+00:00\" \/>\n<meta property=\"og:image\" content=\"https:\/\/www.thepaddlesportshow.com\/wp-content\/uploads\/2023\/09\/Watersportconcept-kayak-polo-goal-PRO.jpg\" \/>\n<meta name=\"twitter:card\" content=\"summary_large_image\" \/>\n<meta name=\"twitter:label1\" content=\"Gesch\u00e4tzte Lesezeit\" \/>\n\t<meta name=\"twitter:data1\" content=\"2\u00a0Minuten\" \/>\n<script type=\"application\/ld+json\" class=\"yoast-schema-graph\">{\"@context\":\"https:\/\/schema.org\",\"@graph\":[{\"@type\":\"WebPage\",\"@id\":\"https:\/\/thepaddlesportshow.com\/wattersport-concept-inflatable-kayak-polo-goals\/\",\"url\":\"https:\/\/thepaddlesportshow.com\/wattersport-concept-inflatable-kayak-polo-goals\/\",\"name\":\"WATTERSPORT CONCEPT - Inflatable kayak polo goals - The Paddle Sport Show\",\"isPartOf\":{\"@id\":\"https:\/\/thepaddlesportshow.com\/#website\"},\"primaryImageOfPage\":{\"@id\":\"https:\/\/thepaddlesportshow.com\/wattersport-concept-inflatable-kayak-polo-goals\/#primaryimage\"},\"image\":{\"@id\":\"https:\/\/thepaddlesportshow.com\/wattersport-concept-inflatable-kayak-polo-goals\/#primaryimage\"},\"thumbnailUrl\":\"https:\/\/www.thepaddlesportshow.com\/wp-content\/uploads\/2023\/09\/Watersportconcept-kayak-polo-goal-PRO.jpg\",\"datePublished\":\"2023-09-16T13:41:12+00:00\",\"dateModified\":\"2023-09-18T21:52:37+00:00\",\"breadcrumb\":{\"@id\":\"https:\/\/thepaddlesportshow.com\/wattersport-concept-inflatable-kayak-polo-goals\/#breadcrumb\"},\"inLanguage\":\"de\",\"potentialAction\":[{\"@type\":\"ReadAction\",\"target\":[\"https:\/\/thepaddlesportshow.com\/wattersport-concept-inflatable-kayak-polo-goals\/\"]}]},{\"@type\":\"ImageObject\",\"inLanguage\":\"de\",\"@id\":\"https:\/\/thepaddlesportshow.com\/wattersport-concept-inflatable-kayak-polo-goals\/#primaryimage\",\"url\":\"https:\/\/www.thepaddlesportshow.com\/wp-content\/uploads\/2023\/09\/Watersportconcept-kayak-polo-goal-PRO.jpg\",\"contentUrl\":\"https:\/\/www.thepaddlesportshow.com\/wp-content\/uploads\/2023\/09\/Watersportconcept-kayak-polo-goal-PRO.jpg\"},{\"@type\":\"BreadcrumbList\",\"@id\":\"https:\/\/thepaddlesportshow.com\/wattersport-concept-inflatable-kayak-polo-goals\/#breadcrumb\",\"itemListElement\":[{\"@type\":\"ListItem\",\"position\":1,\"name\":\"Home\",\"item\":\"https:\/\/thepaddlesportshow.com\/\"},{\"@type\":\"ListItem\",\"position\":2,\"name\":\"WATTERSPORT CONCEPT &#8211; Inflatable kayak polo goals\"}]},{\"@type\":\"WebSite\",\"@id\":\"https:\/\/thepaddlesportshow.com\/#website\",\"url\":\"https:\/\/thepaddlesportshow.com\/\",\"name\":\"The Paddle Sport Show\",\"description\":\"The international Paddle Sports industry trade show\",\"potentialAction\":[{\"@type\":\"SearchAction\",\"target\":{\"@type\":\"EntryPoint\",\"urlTemplate\":\"https:\/\/thepaddlesportshow.com\/?s={search_term_string}\"},\"query-input\":{\"@type\":\"PropertyValueSpecification\",\"valueRequired\":true,\"valueName\":\"search_term_string\"}}],\"inLanguage\":\"de\"}]}<\/script>\n<!-- \/ Yoast SEO plugin. -->","yoast_head_json":{"title":"WATTERSPORT CONCEPT - Inflatable kayak polo goals - The Paddle Sport Show","robots":{"index":"index","follow":"follow","max-snippet":"max-snippet:-1","max-image-preview":"max-image-preview:large","max-video-preview":"max-video-preview:-1"},"canonical":"https:\/\/thepaddlesportshow.com\/de\/wattersport-concept-inflatable-kayak-polo-goals\/","og_locale":"de_DE","og_type":"article","og_title":"WATTERSPORT CONCEPT - Inflatable kayak polo goals - The Paddle Sport Show","og_description":"WATTERSPORT CONCEPT &#8211; Inflatable kayak polo goals Kayakers at heart, we&#8217;ve been practising kayak polo for several years. With these inflatable kayak polo goals, carefully designed and developed in partnership with the F\u00e9d\u00e9ration Fran\u00e7aise de Cano\u00eb-Kayak (FFCK), we&#8217;re putting all our experience and expertise at the service of kayak clubs that don&#8217;t have the space, [&hellip;]","og_url":"https:\/\/thepaddlesportshow.com\/de\/wattersport-concept-inflatable-kayak-polo-goals\/","og_site_name":"The Paddle Sport Show","article_publisher":"https:\/\/facebook.com\/paddlesportshow\/","article_modified_time":"2023-09-18T21:52:37+00:00","og_image":[{"url":"https:\/\/www.thepaddlesportshow.com\/wp-content\/uploads\/2023\/09\/Watersportconcept-kayak-polo-goal-PRO.jpg","type":"","width":"","height":""}],"twitter_card":"summary_large_image","twitter_misc":{"Gesch\u00e4tzte Lesezeit":"2\u00a0Minuten"},"schema":{"@context":"https:\/\/schema.org","@graph":[{"@type":"WebPage","@id":"https:\/\/thepaddlesportshow.com\/wattersport-concept-inflatable-kayak-polo-goals\/","url":"https:\/\/thepaddlesportshow.com\/wattersport-concept-inflatable-kayak-polo-goals\/","name":"WATTERSPORT CONCEPT - Inflatable kayak polo goals - The Paddle Sport Show","isPartOf":{"@id":"https:\/\/thepaddlesportshow.com\/#website"},"primaryImageOfPage":{"@id":"https:\/\/thepaddlesportshow.com\/wattersport-concept-inflatable-kayak-polo-goals\/#primaryimage"},"image":{"@id":"https:\/\/thepaddlesportshow.com\/wattersport-concept-inflatable-kayak-polo-goals\/#primaryimage"},"thumbnailUrl":"https:\/\/www.thepaddlesportshow.com\/wp-content\/uploads\/2023\/09\/Watersportconcept-kayak-polo-goal-PRO.jpg","datePublished":"2023-09-16T13:41:12+00:00","dateModified":"2023-09-18T21:52:37+00:00","breadcrumb":{"@id":"https:\/\/thepaddlesportshow.com\/wattersport-concept-inflatable-kayak-polo-goals\/#breadcrumb"},"inLanguage":"de","potentialAction":[{"@type":"ReadAction","target":["https:\/\/thepaddlesportshow.com\/wattersport-concept-inflatable-kayak-polo-goals\/"]}]},{"@type":"ImageObject","inLanguage":"de","@id":"https:\/\/thepaddlesportshow.com\/wattersport-concept-inflatable-kayak-polo-goals\/#primaryimage","url":"https:\/\/www.thepaddlesportshow.com\/wp-content\/uploads\/2023\/09\/Watersportconcept-kayak-polo-goal-PRO.jpg","contentUrl":"https:\/\/www.thepaddlesportshow.com\/wp-content\/uploads\/2023\/09\/Watersportconcept-kayak-polo-goal-PRO.jpg"},{"@type":"BreadcrumbList","@id":"https:\/\/thepaddlesportshow.com\/wattersport-concept-inflatable-kayak-polo-goals\/#breadcrumb","itemListElement":[{"@type":"ListItem","position":1,"name":"Home","item":"https:\/\/thepaddlesportshow.com\/"},{"@type":"ListItem","position":2,"name":"WATTERSPORT CONCEPT &#8211; Inflatable kayak polo goals"}]},{"@type":"WebSite","@id":"https:\/\/thepaddlesportshow.com\/#website","url":"https:\/\/thepaddlesportshow.com\/","name":"The Paddle Sport Show","description":"The international Paddle Sports industry trade show","potentialAction":[{"@type":"SearchAction","target":{"@type":"EntryPoint","urlTemplate":"https:\/\/thepaddlesportshow.com\/?s={search_term_string}"},"query-input":{"@type":"PropertyValueSpecification","valueRequired":true,"valueName":"search_term_string"}}],"inLanguage":"de"}]}},"_links":{"self":[{"href":"https:\/\/thepaddlesportshow.com\/de\/wp-json\/wp\/v2\/pages\/7546","targetHints":{"allow":["GET"]}}],"collection":[{"href":"https:\/\/thepaddlesportshow.com\/de\/wp-json\/wp\/v2\/pages"}],"about":[{"href":"https:\/\/thepaddlesportshow.com\/de\/wp-json\/wp\/v2\/types\/page"}],"author":[{"embeddable":true,"href":"https:\/\/thepaddlesportshow.com\/de\/wp-json\/wp\/v2\/users\/1"}],"replies":[{"embeddable":true,"href":"https:\/\/thepaddlesportshow.com\/de\/wp-json\/wp\/v2\/comments?post=7546"}],"version-history":[{"count":0,"href":"https:\/\/thepaddlesportshow.com\/de\/wp-json\/wp\/v2\/pages\/7546\/revisions"}],"wp:attachment":[{"href":"https:\/\/thepaddlesportshow.com\/de\/wp-json\/wp\/v2\/media?parent=7546"}],"wp:term":[{"taxonomy":"category","embeddable":true,"href":"https:\/\/thepaddlesportshow.com\/de\/wp-json\/wp\/v2\/categories?post=7546"},{"taxonomy":"post_tag","embeddable":true,"href":"https:\/\/thepaddlesportshow.com\/de\/wp-json\/wp\/v2\/tags?post=7546"}],"curies":[{"name":"wp","href":"https:\/\/api.w.org\/{rel}","templated":true}]}}