{"id":14390,"date":"2025-08-28T11:55:40","date_gmt":"2025-08-28T09:55:40","guid":{"rendered":"https:\/\/www.thepaddlesportshow.com\/?page_id=14390"},"modified":"2025-08-28T12:17:21","modified_gmt":"2025-08-28T10:17:21","slug":"exhibitor-badge-request","status":"publish","type":"page","link":"https:\/\/thepaddlesportshow.com\/de\/exhibitor-badge-request\/","title":{"rendered":"Exhibitor Badge Request"},"content":{"rendered":"<div data-elementor-type=\"wp-page\" data-elementor-id=\"14390\" class=\"elementor elementor-14390\" data-elementor-post-type=\"page\">\n\t\t\t\t\t\t<section class=\"elementor-section elementor-top-section elementor-element elementor-element-7cfe840 elementor-section-stretched elementor-section-boxed elementor-section-height-default elementor-section-height-default\" data-id=\"7cfe840\" data-element_type=\"section\" data-e-type=\"section\" data-settings=\"{&quot;stretch_section&quot;:&quot;section-stretched&quot;}\">\n\t\t\t\t\t\t<div class=\"elementor-container elementor-column-gap-no\">\n\t\t\t\t\t<div class=\"elementor-column elementor-col-100 elementor-top-column elementor-element elementor-element-07dcbee\" data-id=\"07dcbee\" data-element_type=\"column\" data-e-type=\"column\">\n\t\t\t<div class=\"elementor-widget-wrap elementor-element-populated\">\n\t\t\t\t\t\t<div class=\"elementor-element elementor-element-ab62ffa elementor-widget elementor-widget-heading\" data-id=\"ab62ffa\" data-element_type=\"widget\" data-e-type=\"widget\" data-settings=\"{&quot;ekit_we_effect_on&quot;:&quot;none&quot;}\" data-widget_type=\"heading.default\">\n\t\t\t\t<div class=\"elementor-widget-container\">\n\t\t\t\t\t<h3 class=\"elementor-heading-title elementor-size-default\">AUSSTELLER-ABZEICHEN AUF DER MESSE PADDLE SPORTS SHOW 2025<\/h3>\t\t\t\t<\/div>\n\t\t\t\t<\/div>\n\t\t\t\t\t<\/div>\n\t\t<\/div>\n\t\t\t\t\t<\/div>\n\t\t<\/section>\n\t\t\t\t<section class=\"elementor-section elementor-top-section elementor-element elementor-element-b385253 elementor-section-stretched elementor-section-boxed elementor-section-height-default elementor-section-height-default\" data-id=\"b385253\" data-element_type=\"section\" data-e-type=\"section\" data-settings=\"{&quot;stretch_section&quot;:&quot;section-stretched&quot;}\">\n\t\t\t\t\t\t<div class=\"elementor-container elementor-column-gap-no\">\n\t\t\t\t\t<div class=\"elementor-column elementor-col-100 elementor-top-column elementor-element elementor-element-6df5ce9\" data-id=\"6df5ce9\" data-element_type=\"column\" data-e-type=\"column\">\n\t\t\t<div class=\"elementor-widget-wrap elementor-element-populated\">\n\t\t\t\t\t\t<div class=\"elementor-element elementor-element-2cf8b50 elementor-widget-divider--view-line elementor-widget elementor-widget-divider\" data-id=\"2cf8b50\" data-element_type=\"widget\" data-e-type=\"widget\" data-settings=\"{&quot;ekit_we_effect_on&quot;:&quot;none&quot;}\" data-widget_type=\"divider.default\">\n\t\t\t\t<div class=\"elementor-widget-container\">\n\t\t\t\t\t\t\t<div class=\"elementor-divider\">\n\t\t\t<span class=\"elementor-divider-separator\">\n\t\t\t\t\t\t<\/span>\n\t\t<\/div>\n\t\t\t\t\t\t<\/div>\n\t\t\t\t<\/div>\n\t\t\t\t<div class=\"elementor-element elementor-element-ea6835e elementor-align-center elementor-widget elementor-widget-button\" data-id=\"ea6835e\" data-element_type=\"widget\" data-e-type=\"widget\" data-settings=\"{&quot;ekit_we_effect_on&quot;:&quot;none&quot;}\" data-widget_type=\"button.default\">\n\t\t\t\t<div class=\"elementor-widget-container\">\n\t\t\t\t\t\t\t\t\t<div class=\"elementor-button-wrapper\">\n\t\t\t\t\t<a class=\"elementor-button elementor-button-link elementor-size-md\" href=\"https:\/\/web.prezevent.com\/6839672ea94c8b521e7a8230\/subscription\/68398100a94c8b521e7ad53a\/\" target=\"_blank\">\n\t\t\t\t\t\t<span class=\"elementor-button-content-wrapper\">\n\t\t\t\t\t\t\t\t\t<span class=\"elementor-button-text\">Senden Sie mir ein Ausstellerabzeichen<\/span>\n\t\t\t\t\t<\/span>\n\t\t\t\t\t<\/a>\n\t\t\t\t<\/div>\n\t\t\t\t\t\t\t\t<\/div>\n\t\t\t\t<\/div>\n\t\t\t\t<div class=\"elementor-element elementor-element-8ff5a2a elementor-widget elementor-widget-text-editor\" data-id=\"8ff5a2a\" data-element_type=\"widget\" data-e-type=\"widget\" data-settings=\"{&quot;ekit_we_effect_on&quot;:&quot;none&quot;}\" data-widget_type=\"text-editor.default\">\n\t\t\t\t<div class=\"elementor-widget-container\">\n\t\t\t\t\t\t\t\t\t<p><strong>Die Paddle Sports Show findet in Stra\u00dfburg (Frankreich) vom 30. September bis 02. Oktober 2025 statt.<\/strong>\u00a0Die P2S, die internationale Fachmesse der Paddelsportbranche, ist den Fachleuten der Branche <em>(Eink\u00e4ufern, Einzelh\u00e4ndlern, Ausr\u00fcstern, Verleihern, Distributoren, Fachleuten der gesamten Branche) vorbehalten..<\/em><\/p><p>Der Eintritt ist f\u00fcr Fachbesucher kostenlos.<\/p>\t\t\t\t\t\t\t\t<\/div>\n\t\t\t\t<\/div>\n\t\t\t\t\t<\/div>\n\t\t<\/div>\n\t\t\t\t\t<\/div>\n\t\t<\/section>\n\t\t\t\t<\/div>","protected":false},"excerpt":{"rendered":"<p>EXHIBITOR BADGE AT THE PADDLE SPORTS SHOW 2025 Please send my exhibitor show entry pass The Paddle Sports Show will take place in Strasbourg (France) September 30th-October 02nd 2025\u00a0\u2013\u00a0P2S, the international paddle sports industry trade show, is reserved for the industry professional (buyers, retailers, outfitters, rental stations, distributors, industry professionals at large). Attendance is free [&hellip;]<\/p>\n","protected":false},"author":1,"featured_media":0,"parent":0,"menu_order":0,"comment_status":"closed","ping_status":"closed","template":"","meta":{"footnotes":""},"categories":[],"tags":[],"class_list":["post-14390","page","type-page","status-publish","hentry"],"yoast_head":"<!-- This site is optimized with the Yoast SEO plugin v27.1.1 - https:\/\/yoast.com\/product\/yoast-seo-wordpress\/ -->\n<title>Exhibitor Badge Request - The Paddle Sport Show<\/title>\n<meta name=\"robots\" content=\"index, follow, max-snippet:-1, max-image-preview:large, max-video-preview:-1\" \/>\n<link rel=\"canonical\" href=\"https:\/\/thepaddlesportshow.com\/de\/exhibitor-badge-request\/\" \/>\n<meta property=\"og:locale\" content=\"de_DE\" \/>\n<meta property=\"og:type\" content=\"article\" \/>\n<meta property=\"og:title\" content=\"Exhibitor Badge Request - The Paddle Sport Show\" \/>\n<meta property=\"og:description\" content=\"EXHIBITOR BADGE AT THE PADDLE SPORTS SHOW 2025 Please send my exhibitor show entry pass The Paddle Sports Show will take place in Strasbourg (France) September 30th-October 02nd 2025\u00a0\u2013\u00a0P2S, the international paddle sports industry trade show, is reserved for the industry professional (buyers, retailers, outfitters, rental stations, distributors, industry professionals at large). Attendance is free [&hellip;]\" \/>\n<meta property=\"og:url\" content=\"https:\/\/thepaddlesportshow.com\/de\/exhibitor-badge-request\/\" \/>\n<meta property=\"og:site_name\" content=\"The Paddle Sport Show\" \/>\n<meta property=\"article:publisher\" content=\"https:\/\/facebook.com\/paddlesportshow\/\" \/>\n<meta property=\"article:modified_time\" content=\"2025-08-28T10:17:21+00:00\" \/>\n<meta name=\"twitter:card\" content=\"summary_large_image\" \/>\n<script type=\"application\/ld+json\" class=\"yoast-schema-graph\">{\"@context\":\"https:\/\/schema.org\",\"@graph\":[{\"@type\":\"WebPage\",\"@id\":\"https:\/\/thepaddlesportshow.com\/exhibitor-badge-request\/\",\"url\":\"https:\/\/thepaddlesportshow.com\/exhibitor-badge-request\/\",\"name\":\"Exhibitor Badge Request - The Paddle Sport Show\",\"isPartOf\":{\"@id\":\"https:\/\/thepaddlesportshow.com\/#website\"},\"datePublished\":\"2025-08-28T09:55:40+00:00\",\"dateModified\":\"2025-08-28T10:17:21+00:00\",\"breadcrumb\":{\"@id\":\"https:\/\/thepaddlesportshow.com\/exhibitor-badge-request\/#breadcrumb\"},\"inLanguage\":\"de\",\"potentialAction\":[{\"@type\":\"ReadAction\",\"target\":[\"https:\/\/thepaddlesportshow.com\/exhibitor-badge-request\/\"]}]},{\"@type\":\"BreadcrumbList\",\"@id\":\"https:\/\/thepaddlesportshow.com\/exhibitor-badge-request\/#breadcrumb\",\"itemListElement\":[{\"@type\":\"ListItem\",\"position\":1,\"name\":\"Home\",\"item\":\"https:\/\/thepaddlesportshow.com\/\"},{\"@type\":\"ListItem\",\"position\":2,\"name\":\"Exhibitor Badge Request\"}]},{\"@type\":\"WebSite\",\"@id\":\"https:\/\/thepaddlesportshow.com\/#website\",\"url\":\"https:\/\/thepaddlesportshow.com\/\",\"name\":\"The Paddle Sport Show\",\"description\":\"The international Paddle Sports industry trade show\",\"potentialAction\":[{\"@type\":\"SearchAction\",\"target\":{\"@type\":\"EntryPoint\",\"urlTemplate\":\"https:\/\/thepaddlesportshow.com\/?s={search_term_string}\"},\"query-input\":{\"@type\":\"PropertyValueSpecification\",\"valueRequired\":true,\"valueName\":\"search_term_string\"}}],\"inLanguage\":\"de\"}]}<\/script>\n<!-- \/ Yoast SEO plugin. -->","yoast_head_json":{"title":"Exhibitor Badge Request - The Paddle Sport Show","robots":{"index":"index","follow":"follow","max-snippet":"max-snippet:-1","max-image-preview":"max-image-preview:large","max-video-preview":"max-video-preview:-1"},"canonical":"https:\/\/thepaddlesportshow.com\/de\/exhibitor-badge-request\/","og_locale":"de_DE","og_type":"article","og_title":"Exhibitor Badge Request - The Paddle Sport Show","og_description":"EXHIBITOR BADGE AT THE PADDLE SPORTS SHOW 2025 Please send my exhibitor show entry pass The Paddle Sports Show will take place in Strasbourg (France) September 30th-October 02nd 2025\u00a0\u2013\u00a0P2S, the international paddle sports industry trade show, is reserved for the industry professional (buyers, retailers, outfitters, rental stations, distributors, industry professionals at large). Attendance is free [&hellip;]","og_url":"https:\/\/thepaddlesportshow.com\/de\/exhibitor-badge-request\/","og_site_name":"The Paddle Sport Show","article_publisher":"https:\/\/facebook.com\/paddlesportshow\/","article_modified_time":"2025-08-28T10:17:21+00:00","twitter_card":"summary_large_image","schema":{"@context":"https:\/\/schema.org","@graph":[{"@type":"WebPage","@id":"https:\/\/thepaddlesportshow.com\/exhibitor-badge-request\/","url":"https:\/\/thepaddlesportshow.com\/exhibitor-badge-request\/","name":"Exhibitor Badge Request - The Paddle Sport Show","isPartOf":{"@id":"https:\/\/thepaddlesportshow.com\/#website"},"datePublished":"2025-08-28T09:55:40+00:00","dateModified":"2025-08-28T10:17:21+00:00","breadcrumb":{"@id":"https:\/\/thepaddlesportshow.com\/exhibitor-badge-request\/#breadcrumb"},"inLanguage":"de","potentialAction":[{"@type":"ReadAction","target":["https:\/\/thepaddlesportshow.com\/exhibitor-badge-request\/"]}]},{"@type":"BreadcrumbList","@id":"https:\/\/thepaddlesportshow.com\/exhibitor-badge-request\/#breadcrumb","itemListElement":[{"@type":"ListItem","position":1,"name":"Home","item":"https:\/\/thepaddlesportshow.com\/"},{"@type":"ListItem","position":2,"name":"Exhibitor Badge Request"}]},{"@type":"WebSite","@id":"https:\/\/thepaddlesportshow.com\/#website","url":"https:\/\/thepaddlesportshow.com\/","name":"The Paddle Sport Show","description":"The international Paddle Sports industry trade show","potentialAction":[{"@type":"SearchAction","target":{"@type":"EntryPoint","urlTemplate":"https:\/\/thepaddlesportshow.com\/?s={search_term_string}"},"query-input":{"@type":"PropertyValueSpecification","valueRequired":true,"valueName":"search_term_string"}}],"inLanguage":"de"}]}},"_links":{"self":[{"href":"https:\/\/thepaddlesportshow.com\/de\/wp-json\/wp\/v2\/pages\/14390","targetHints":{"allow":["GET"]}}],"collection":[{"href":"https:\/\/thepaddlesportshow.com\/de\/wp-json\/wp\/v2\/pages"}],"about":[{"href":"https:\/\/thepaddlesportshow.com\/de\/wp-json\/wp\/v2\/types\/page"}],"author":[{"embeddable":true,"href":"https:\/\/thepaddlesportshow.com\/de\/wp-json\/wp\/v2\/users\/1"}],"replies":[{"embeddable":true,"href":"https:\/\/thepaddlesportshow.com\/de\/wp-json\/wp\/v2\/comments?post=14390"}],"version-history":[{"count":0,"href":"https:\/\/thepaddlesportshow.com\/de\/wp-json\/wp\/v2\/pages\/14390\/revisions"}],"wp:attachment":[{"href":"https:\/\/thepaddlesportshow.com\/de\/wp-json\/wp\/v2\/media?parent=14390"}],"wp:term":[{"taxonomy":"category","embeddable":true,"href":"https:\/\/thepaddlesportshow.com\/de\/wp-json\/wp\/v2\/categories?post=14390"},{"taxonomy":"post_tag","embeddable":true,"href":"https:\/\/thepaddlesportshow.com\/de\/wp-json\/wp\/v2\/tags?post=14390"}],"curies":[{"name":"wp","href":"https:\/\/api.w.org\/{rel}","templated":true}]}}