{"id":13358,"date":"2025-03-10T15:55:59","date_gmt":"2025-03-10T14:55:59","guid":{"rendered":"https:\/\/www.thepaddlesportshow.com\/?page_id=13358"},"modified":"2025-03-11T17:16:28","modified_gmt":"2025-03-11T16:16:28","slug":"2025-paddlers-guide","status":"publish","type":"page","link":"https:\/\/thepaddlesportshow.com\/de\/2025-paddlers-guide\/","title":{"rendered":"2025 Paddler&#8217;s Guide"},"content":{"rendered":"<div data-elementor-type=\"wp-page\" data-elementor-id=\"13358\" class=\"elementor elementor-13358\" data-elementor-post-type=\"page\">\n\t\t\t\t\t\t<section class=\"elementor-section elementor-top-section elementor-element elementor-element-6342eb6 elementor-section-full_width elementor-section-content-middle elementor-section-stretched elementor-section-height-default elementor-section-height-default\" data-id=\"6342eb6\" data-element_type=\"section\" data-e-type=\"section\" data-settings=\"{&quot;stretch_section&quot;:&quot;section-stretched&quot;}\">\n\t\t\t\t\t\t<div class=\"elementor-container elementor-column-gap-default\">\n\t\t\t\t\t<div class=\"elementor-column elementor-col-33 elementor-top-column elementor-element elementor-element-641ce53\" data-id=\"641ce53\" data-element_type=\"column\" data-e-type=\"column\" data-settings=\"{&quot;background_background&quot;:&quot;classic&quot;}\">\n\t\t\t<div class=\"elementor-widget-wrap elementor-element-populated\">\n\t\t\t\t\t\t<div class=\"elementor-element elementor-element-c0a2e98 elementor-widget elementor-widget-heading\" data-id=\"c0a2e98\" data-element_type=\"widget\" data-e-type=\"widget\" data-settings=\"{&quot;ekit_we_effect_on&quot;:&quot;none&quot;}\" data-widget_type=\"heading.default\">\n\t\t\t\t<div class=\"elementor-widget-container\">\n\t\t\t\t\t<h2 class=\"elementor-heading-title elementor-size-default\">\u00dcber die Paddle Sports Show Annual Paddler's Guide<\/h2>\t\t\t\t<\/div>\n\t\t\t\t<\/div>\n\t\t\t\t<div class=\"elementor-element elementor-element-dfa754f elementor-widget-divider--view-line elementor-widget elementor-widget-divider\" data-id=\"dfa754f\" data-element_type=\"widget\" data-e-type=\"widget\" data-settings=\"{&quot;ekit_we_effect_on&quot;:&quot;none&quot;}\" data-widget_type=\"divider.default\">\n\t\t\t\t<div class=\"elementor-widget-container\">\n\t\t\t\t\t\t\t<div class=\"elementor-divider\">\n\t\t\t<span class=\"elementor-divider-separator\">\n\t\t\t\t\t\t<\/span>\n\t\t<\/div>\n\t\t\t\t\t\t<\/div>\n\t\t\t\t<\/div>\n\t\t\t\t<div class=\"elementor-element elementor-element-9748c9d elementor-widget elementor-widget-text-editor\" data-id=\"9748c9d\" data-element_type=\"widget\" data-e-type=\"widget\" data-settings=\"{&quot;ekit_we_effect_on&quot;:&quot;none&quot;}\" data-widget_type=\"text-editor.default\">\n\t\t\t\t<div class=\"elementor-widget-container\">\n\t\t\t\t\t\t\t\t\tWillkommen auf der 2024 Paddle Sports Show Paddler's Guide FREE Download Seite - basierend auf dem, was auf der 2023 Edition der Show f\u00fcr die 2024 Saison gesehen wurde. Sie haben die M\u00f6glichkeit, den 2024 Paddler's Guide entweder \u00fcber unser Flipbook auf dieser Seite anzusehen oder ihn herunterzuladen. Wenn Sie sich f\u00fcr den <a href=\"https:\/\/www.thepaddlesportshow.com\/wp-content\/uploads\/2025\/03\/Paddlers-Guide_2025.pdf\" target=\"_blank\" rel=\"noopener\"><span style=\"color: #000;\"><strong>Download entscheiden<\/strong><\/span><\/a>, beachten Sie bitte, dass Sie entweder den gesamten Leitfaden herunterladen k\u00f6nnen oder die einzelnen Kategorien (in diesem Fall klicken Sie auf die Bilder der Kategorie, die Sie herunterladen m\u00f6chten, unten).\t\t\t\t\t\t\t\t<\/div>\n\t\t\t\t<\/div>\n\t\t\t\t\t<\/div>\n\t\t<\/div>\n\t\t\t\t<div class=\"elementor-column elementor-col-66 elementor-top-column elementor-element elementor-element-c71b612\" data-id=\"c71b612\" data-element_type=\"column\" data-e-type=\"column\">\n\t\t\t<div class=\"elementor-widget-wrap elementor-element-populated\">\n\t\t\t\t\t\t<div class=\"elementor-element elementor-element-a73a2bd elementor-widget elementor-widget-shortcode\" data-id=\"a73a2bd\" data-element_type=\"widget\" data-e-type=\"widget\" data-settings=\"{&quot;ekit_we_effect_on&quot;:&quot;none&quot;}\" data-widget_type=\"shortcode.default\">\n\t\t\t\t<div class=\"elementor-widget-container\">\n\t\t\t\t\t\t\t<div class=\"elementor-shortcode\"><iframe src=\"https:\/\/player.flipsnack.com?hash=RkQ5OTlEOUM1QTgrMTNhZDhsOGNqbA==\" width=\"100%\" height=\"480\" seamless=\"seamless\" scrolling=\"no\" frameborder=\"0\" allowfullscreen allow=\"autoplay; clipboard-read; clipboard-write\"><\/iframe><\/div>\n\t\t\t\t\t\t<\/div>\n\t\t\t\t<\/div>\n\t\t\t\t\t<\/div>\n\t\t<\/div>\n\t\t\t\t\t<\/div>\n\t\t<\/section>\n\t\t\t\t<section class=\"elementor-section elementor-top-section elementor-element elementor-element-614779c elementor-section-full_width elementor-section-stretched elementor-hidden-tablet elementor-section-height-default elementor-section-height-default\" data-id=\"614779c\" data-element_type=\"section\" data-e-type=\"section\" data-settings=\"{&quot;stretch_section&quot;:&quot;section-stretched&quot;}\">\n\t\t\t\t\t\t<div class=\"elementor-container elementor-column-gap-extended\">\n\t\t\t\t\t<div class=\"elementor-column elementor-col-50 elementor-top-column elementor-element elementor-element-2537241\" data-id=\"2537241\" data-element_type=\"column\" data-e-type=\"column\">\n\t\t\t<div class=\"elementor-widget-wrap elementor-element-populated\">\n\t\t\t\t\t\t<div class=\"elementor-element elementor-element-c439d90 elementor-widget elementor-widget-image\" data-id=\"c439d90\" data-element_type=\"widget\" data-e-type=\"widget\" data-settings=\"{&quot;ekit_we_effect_on&quot;:&quot;none&quot;}\" data-widget_type=\"image.default\">\n\t\t\t\t<div class=\"elementor-widget-container\">\n\t\t\t\t\t\t\t\t\t\t\t\t\t\t\t\t<a href=\"https:\/\/www.thepaddlesportshow.com\/wp-content\/uploads\/2025\/03\/Paddlers-Guide_2025_Boats-combine.pdf\" target=\"_blank\">\n\t\t\t\t\t\t\t<img fetchpriority=\"high\" decoding=\"async\" width=\"800\" height=\"226\" src=\"https:\/\/thepaddlesportshow.com\/wp-content\/uploads\/2025\/03\/PG2025-bandeau-boats-1024x289.jpg\" class=\"attachment-large size-large wp-image-13391\" alt=\"\" srcset=\"https:\/\/thepaddlesportshow.com\/wp-content\/uploads\/2025\/03\/PG2025-bandeau-boats-1024x289.jpg 1024w, https:\/\/thepaddlesportshow.com\/wp-content\/uploads\/2025\/03\/PG2025-bandeau-boats-300x85.jpg 300w, https:\/\/thepaddlesportshow.com\/wp-content\/uploads\/2025\/03\/PG2025-bandeau-boats-768x217.jpg 768w, https:\/\/thepaddlesportshow.com\/wp-content\/uploads\/2025\/03\/PG2025-bandeau-boats-18x5.jpg 18w, https:\/\/thepaddlesportshow.com\/wp-content\/uploads\/2025\/03\/PG2025-bandeau-boats.jpg 1240w\" sizes=\"(max-width: 800px) 100vw, 800px\" \/>\t\t\t\t\t\t\t\t<\/a>\n\t\t\t\t\t\t\t\t\t\t\t\t\t\t\t<\/div>\n\t\t\t\t<\/div>\n\t\t\t\t\t<\/div>\n\t\t<\/div>\n\t\t\t\t<div class=\"elementor-column elementor-col-50 elementor-top-column elementor-element elementor-element-cb5c385\" data-id=\"cb5c385\" data-element_type=\"column\" data-e-type=\"column\">\n\t\t\t<div class=\"elementor-widget-wrap elementor-element-populated\">\n\t\t\t\t\t\t<div class=\"elementor-element elementor-element-eb8687c elementor-widget elementor-widget-image\" data-id=\"eb8687c\" data-element_type=\"widget\" data-e-type=\"widget\" data-settings=\"{&quot;ekit_we_effect_on&quot;:&quot;none&quot;}\" data-widget_type=\"image.default\">\n\t\t\t\t<div class=\"elementor-widget-container\">\n\t\t\t\t\t\t\t\t\t\t\t\t\t\t\t\t<a href=\"https:\/\/www.thepaddlesportshow.com\/wp-content\/uploads\/2025\/03\/Paddlers-Guide_2025_Equipment-combine.pdf\" target=\"_blank\">\n\t\t\t\t\t\t\t<img decoding=\"async\" width=\"800\" height=\"226\" src=\"https:\/\/thepaddlesportshow.com\/wp-content\/uploads\/2025\/03\/PG2025-bandeau-equipment-1024x289.jpg\" class=\"attachment-large size-large wp-image-13392\" alt=\"\" srcset=\"https:\/\/thepaddlesportshow.com\/wp-content\/uploads\/2025\/03\/PG2025-bandeau-equipment-1024x289.jpg 1024w, https:\/\/thepaddlesportshow.com\/wp-content\/uploads\/2025\/03\/PG2025-bandeau-equipment-300x85.jpg 300w, https:\/\/thepaddlesportshow.com\/wp-content\/uploads\/2025\/03\/PG2025-bandeau-equipment-768x217.jpg 768w, https:\/\/thepaddlesportshow.com\/wp-content\/uploads\/2025\/03\/PG2025-bandeau-equipment-18x5.jpg 18w, https:\/\/thepaddlesportshow.com\/wp-content\/uploads\/2025\/03\/PG2025-bandeau-equipment.jpg 1240w\" sizes=\"(max-width: 800px) 100vw, 800px\" \/>\t\t\t\t\t\t\t\t<\/a>\n\t\t\t\t\t\t\t\t\t\t\t\t\t\t\t<\/div>\n\t\t\t\t<\/div>\n\t\t\t\t\t<\/div>\n\t\t<\/div>\n\t\t\t\t\t<\/div>\n\t\t<\/section>\n\t\t\t\t<section class=\"elementor-section elementor-top-section elementor-element elementor-element-483e0d1 elementor-section-full_width elementor-section-stretched elementor-hidden-desktop elementor-hidden-phone elementor-section-height-default elementor-section-height-default\" data-id=\"483e0d1\" data-element_type=\"section\" data-e-type=\"section\" data-settings=\"{&quot;stretch_section&quot;:&quot;section-stretched&quot;}\">\n\t\t\t\t\t\t<div class=\"elementor-container elementor-column-gap-extended\">\n\t\t\t\t\t<div class=\"elementor-column elementor-col-50 elementor-top-column elementor-element elementor-element-444f523\" data-id=\"444f523\" data-element_type=\"column\" data-e-type=\"column\">\n\t\t\t<div class=\"elementor-widget-wrap elementor-element-populated\">\n\t\t\t\t\t\t<div class=\"elementor-element elementor-element-61a256d elementor-widget elementor-widget-image\" data-id=\"61a256d\" data-element_type=\"widget\" data-e-type=\"widget\" data-settings=\"{&quot;ekit_we_effect_on&quot;:&quot;none&quot;}\" data-widget_type=\"image.default\">\n\t\t\t\t<div class=\"elementor-widget-container\">\n\t\t\t\t\t\t\t\t\t\t\t\t\t\t\t\t<a href=\"https:\/\/www.kayaksession.com\/wp-content\/uploads\/2022\/02\/paddlers-guide-2022_boats.pdf\">\n\t\t\t\t\t\t\t<img decoding=\"async\" width=\"620\" height=\"350\" src=\"https:\/\/thepaddlesportshow.com\/wp-content\/uploads\/2022\/01\/PG2022-vignette-boats.jpg\" class=\"attachment-large size-large wp-image-2899\" alt=\"\" srcset=\"https:\/\/thepaddlesportshow.com\/wp-content\/uploads\/2022\/01\/PG2022-vignette-boats.jpg 620w, https:\/\/thepaddlesportshow.com\/wp-content\/uploads\/2022\/01\/PG2022-vignette-boats-300x169.jpg 300w, https:\/\/thepaddlesportshow.com\/wp-content\/uploads\/2022\/01\/PG2022-vignette-boats-18x10.jpg 18w\" sizes=\"(max-width: 620px) 100vw, 620px\" \/>\t\t\t\t\t\t\t\t<\/a>\n\t\t\t\t\t\t\t\t\t\t\t\t\t\t\t<\/div>\n\t\t\t\t<\/div>\n\t\t\t\t<div class=\"elementor-element elementor-element-13f22a6 elementor-widget elementor-widget-image\" data-id=\"13f22a6\" data-element_type=\"widget\" data-e-type=\"widget\" data-settings=\"{&quot;ekit_we_effect_on&quot;:&quot;none&quot;}\" data-widget_type=\"image.default\">\n\t\t\t\t<div class=\"elementor-widget-container\">\n\t\t\t\t\t\t\t\t\t\t\t\t\t\t\t\t<a href=\"https:\/\/www.kayaksession.com\/wp-content\/uploads\/2022\/02\/paddlers-guide-2022_boards.pdf\">\n\t\t\t\t\t\t\t<img loading=\"lazy\" decoding=\"async\" width=\"620\" height=\"350\" src=\"https:\/\/thepaddlesportshow.com\/wp-content\/uploads\/2022\/01\/PG2022-vignette-boards.jpg\" class=\"attachment-large size-large wp-image-2897\" alt=\"\" srcset=\"https:\/\/thepaddlesportshow.com\/wp-content\/uploads\/2022\/01\/PG2022-vignette-boards.jpg 620w, https:\/\/thepaddlesportshow.com\/wp-content\/uploads\/2022\/01\/PG2022-vignette-boards-300x169.jpg 300w, https:\/\/thepaddlesportshow.com\/wp-content\/uploads\/2022\/01\/PG2022-vignette-boards-18x10.jpg 18w\" sizes=\"(max-width: 620px) 100vw, 620px\" \/>\t\t\t\t\t\t\t\t<\/a>\n\t\t\t\t\t\t\t\t\t\t\t\t\t\t\t<\/div>\n\t\t\t\t<\/div>\n\t\t\t\t\t<\/div>\n\t\t<\/div>\n\t\t\t\t<div class=\"elementor-column elementor-col-50 elementor-top-column elementor-element elementor-element-afafd5b\" data-id=\"afafd5b\" data-element_type=\"column\" data-e-type=\"column\">\n\t\t\t<div class=\"elementor-widget-wrap elementor-element-populated\">\n\t\t\t\t\t\t<div class=\"elementor-element elementor-element-7332439 elementor-widget elementor-widget-image\" data-id=\"7332439\" data-element_type=\"widget\" data-e-type=\"widget\" data-settings=\"{&quot;ekit_we_effect_on&quot;:&quot;none&quot;}\" data-widget_type=\"image.default\">\n\t\t\t\t<div class=\"elementor-widget-container\">\n\t\t\t\t\t\t\t\t\t\t\t\t\t\t\t\t<a href=\"https:\/\/www.kayaksession.com\/wp-content\/uploads\/2022\/02\/paddlers-guide-2022_paddles.pdf\">\n\t\t\t\t\t\t\t<img loading=\"lazy\" decoding=\"async\" width=\"620\" height=\"350\" src=\"https:\/\/thepaddlesportshow.com\/wp-content\/uploads\/2022\/01\/PG2022-vignette-paddles.jpg\" class=\"attachment-large size-large wp-image-2903\" alt=\"\" srcset=\"https:\/\/thepaddlesportshow.com\/wp-content\/uploads\/2022\/01\/PG2022-vignette-paddles.jpg 620w, https:\/\/thepaddlesportshow.com\/wp-content\/uploads\/2022\/01\/PG2022-vignette-paddles-300x169.jpg 300w, https:\/\/thepaddlesportshow.com\/wp-content\/uploads\/2022\/01\/PG2022-vignette-paddles-18x10.jpg 18w\" sizes=\"(max-width: 620px) 100vw, 620px\" \/>\t\t\t\t\t\t\t\t<\/a>\n\t\t\t\t\t\t\t\t\t\t\t\t\t\t\t<\/div>\n\t\t\t\t<\/div>\n\t\t\t\t<div class=\"elementor-element elementor-element-0abf9fa elementor-widget elementor-widget-image\" data-id=\"0abf9fa\" data-element_type=\"widget\" data-e-type=\"widget\" data-settings=\"{&quot;ekit_we_effect_on&quot;:&quot;none&quot;}\" data-widget_type=\"image.default\">\n\t\t\t\t<div class=\"elementor-widget-container\">\n\t\t\t\t\t\t\t\t\t\t\t\t\t\t\t\t<a href=\"https:\/\/www.kayaksession.com\/wp-content\/uploads\/2022\/02\/paddlers-guide-2022_equipment.pdf\">\n\t\t\t\t\t\t\t<img loading=\"lazy\" decoding=\"async\" width=\"620\" height=\"350\" src=\"https:\/\/thepaddlesportshow.com\/wp-content\/uploads\/2022\/01\/PG2022-vignette-equipment.jpg\" class=\"attachment-large size-large wp-image-2901\" alt=\"\" srcset=\"https:\/\/thepaddlesportshow.com\/wp-content\/uploads\/2022\/01\/PG2022-vignette-equipment.jpg 620w, https:\/\/thepaddlesportshow.com\/wp-content\/uploads\/2022\/01\/PG2022-vignette-equipment-300x169.jpg 300w, https:\/\/thepaddlesportshow.com\/wp-content\/uploads\/2022\/01\/PG2022-vignette-equipment-18x10.jpg 18w\" sizes=\"(max-width: 620px) 100vw, 620px\" \/>\t\t\t\t\t\t\t\t<\/a>\n\t\t\t\t\t\t\t\t\t\t\t\t\t\t\t<\/div>\n\t\t\t\t<\/div>\n\t\t\t\t\t<\/div>\n\t\t<\/div>\n\t\t\t\t\t<\/div>\n\t\t<\/section>\n\t\t\t\t<\/div>","protected":false},"excerpt":{"rendered":"<p>About the Paddle Sports Show Annual Paddler\u2019s Guide Welcome to the 2025 Paddle Sports Show Paddler\u2019s Guide FREE Download page &#8211; based on what was seen at the 2024 edition of the show &#8211; for the 2025 season. You have the option to either check the 2025 Paddler\u2019s Guide through our flip book on this [&hellip;]<\/p>\n","protected":false},"author":1,"featured_media":2905,"parent":0,"menu_order":0,"comment_status":"closed","ping_status":"closed","template":"elementor_header_footer","meta":{"footnotes":""},"categories":[],"tags":[],"class_list":["post-13358","page","type-page","status-publish","has-post-thumbnail","hentry"],"yoast_head":"<!-- This site is optimized with the Yoast SEO plugin v27.1.1 - https:\/\/yoast.com\/product\/yoast-seo-wordpress\/ -->\n<title>2025 Paddler&#039;s Guide - The Paddle Sport Show<\/title>\n<meta name=\"robots\" content=\"index, follow, max-snippet:-1, max-image-preview:large, max-video-preview:-1\" \/>\n<link rel=\"canonical\" href=\"https:\/\/thepaddlesportshow.com\/de\/2025-paddlers-guide\/\" \/>\n<meta property=\"og:locale\" content=\"de_DE\" \/>\n<meta property=\"og:type\" content=\"article\" \/>\n<meta property=\"og:title\" content=\"2025 Paddler&#039;s Guide - The Paddle Sport Show\" \/>\n<meta property=\"og:description\" content=\"About the Paddle Sports Show Annual Paddler\u2019s Guide Welcome to the 2025 Paddle Sports Show Paddler\u2019s Guide FREE Download page &#8211; based on what was seen at the 2024 edition of the show &#8211; for the 2025 season. You have the option to either check the 2025 Paddler\u2019s Guide through our flip book on this [&hellip;]\" \/>\n<meta property=\"og:url\" content=\"https:\/\/thepaddlesportshow.com\/de\/2025-paddlers-guide\/\" \/>\n<meta property=\"og:site_name\" content=\"The Paddle Sport Show\" \/>\n<meta property=\"article:publisher\" content=\"https:\/\/facebook.com\/paddlesportshow\/\" \/>\n<meta property=\"article:modified_time\" content=\"2025-03-11T16:16:28+00:00\" \/>\n<meta property=\"og:image\" content=\"https:\/\/thepaddlesportshow.com\/wp-content\/uploads\/2022\/01\/PG2022-vignette.jpg\" \/>\n\t<meta property=\"og:image:width\" content=\"620\" \/>\n\t<meta property=\"og:image:height\" content=\"350\" \/>\n\t<meta property=\"og:image:type\" content=\"image\/jpeg\" \/>\n<meta name=\"twitter:card\" content=\"summary_large_image\" \/>\n<script type=\"application\/ld+json\" class=\"yoast-schema-graph\">{\"@context\":\"https:\/\/schema.org\",\"@graph\":[{\"@type\":\"WebPage\",\"@id\":\"https:\/\/thepaddlesportshow.com\/2025-paddlers-guide\/\",\"url\":\"https:\/\/thepaddlesportshow.com\/2025-paddlers-guide\/\",\"name\":\"2025 Paddler's Guide - The Paddle Sport Show\",\"isPartOf\":{\"@id\":\"https:\/\/thepaddlesportshow.com\/#website\"},\"primaryImageOfPage\":{\"@id\":\"https:\/\/thepaddlesportshow.com\/2025-paddlers-guide\/#primaryimage\"},\"image\":{\"@id\":\"https:\/\/thepaddlesportshow.com\/2025-paddlers-guide\/#primaryimage\"},\"thumbnailUrl\":\"https:\/\/thepaddlesportshow.com\/wp-content\/uploads\/2022\/01\/PG2022-vignette.jpg\",\"datePublished\":\"2025-03-10T14:55:59+00:00\",\"dateModified\":\"2025-03-11T16:16:28+00:00\",\"breadcrumb\":{\"@id\":\"https:\/\/thepaddlesportshow.com\/2025-paddlers-guide\/#breadcrumb\"},\"inLanguage\":\"de\",\"potentialAction\":[{\"@type\":\"ReadAction\",\"target\":[\"https:\/\/thepaddlesportshow.com\/2025-paddlers-guide\/\"]}]},{\"@type\":\"ImageObject\",\"inLanguage\":\"de\",\"@id\":\"https:\/\/thepaddlesportshow.com\/2025-paddlers-guide\/#primaryimage\",\"url\":\"https:\/\/thepaddlesportshow.com\/wp-content\/uploads\/2022\/01\/PG2022-vignette.jpg\",\"contentUrl\":\"https:\/\/thepaddlesportshow.com\/wp-content\/uploads\/2022\/01\/PG2022-vignette.jpg\",\"width\":620,\"height\":350},{\"@type\":\"BreadcrumbList\",\"@id\":\"https:\/\/thepaddlesportshow.com\/2025-paddlers-guide\/#breadcrumb\",\"itemListElement\":[{\"@type\":\"ListItem\",\"position\":1,\"name\":\"Home\",\"item\":\"https:\/\/thepaddlesportshow.com\/\"},{\"@type\":\"ListItem\",\"position\":2,\"name\":\"2025 Paddler&#8217;s Guide\"}]},{\"@type\":\"WebSite\",\"@id\":\"https:\/\/thepaddlesportshow.com\/#website\",\"url\":\"https:\/\/thepaddlesportshow.com\/\",\"name\":\"The Paddle Sport Show\",\"description\":\"The international Paddle Sports industry trade show\",\"potentialAction\":[{\"@type\":\"SearchAction\",\"target\":{\"@type\":\"EntryPoint\",\"urlTemplate\":\"https:\/\/thepaddlesportshow.com\/?s={search_term_string}\"},\"query-input\":{\"@type\":\"PropertyValueSpecification\",\"valueRequired\":true,\"valueName\":\"search_term_string\"}}],\"inLanguage\":\"de\"}]}<\/script>\n<!-- \/ Yoast SEO plugin. -->","yoast_head_json":{"title":"2025 Paddler's Guide - The Paddle Sport Show","robots":{"index":"index","follow":"follow","max-snippet":"max-snippet:-1","max-image-preview":"max-image-preview:large","max-video-preview":"max-video-preview:-1"},"canonical":"https:\/\/thepaddlesportshow.com\/de\/2025-paddlers-guide\/","og_locale":"de_DE","og_type":"article","og_title":"2025 Paddler's Guide - The Paddle Sport Show","og_description":"About the Paddle Sports Show Annual Paddler\u2019s Guide Welcome to the 2025 Paddle Sports Show Paddler\u2019s Guide FREE Download page &#8211; based on what was seen at the 2024 edition of the show &#8211; for the 2025 season. You have the option to either check the 2025 Paddler\u2019s Guide through our flip book on this [&hellip;]","og_url":"https:\/\/thepaddlesportshow.com\/de\/2025-paddlers-guide\/","og_site_name":"The Paddle Sport Show","article_publisher":"https:\/\/facebook.com\/paddlesportshow\/","article_modified_time":"2025-03-11T16:16:28+00:00","og_image":[{"width":620,"height":350,"url":"https:\/\/thepaddlesportshow.com\/wp-content\/uploads\/2022\/01\/PG2022-vignette.jpg","type":"image\/jpeg"}],"twitter_card":"summary_large_image","schema":{"@context":"https:\/\/schema.org","@graph":[{"@type":"WebPage","@id":"https:\/\/thepaddlesportshow.com\/2025-paddlers-guide\/","url":"https:\/\/thepaddlesportshow.com\/2025-paddlers-guide\/","name":"2025 Paddler's Guide - The Paddle Sport Show","isPartOf":{"@id":"https:\/\/thepaddlesportshow.com\/#website"},"primaryImageOfPage":{"@id":"https:\/\/thepaddlesportshow.com\/2025-paddlers-guide\/#primaryimage"},"image":{"@id":"https:\/\/thepaddlesportshow.com\/2025-paddlers-guide\/#primaryimage"},"thumbnailUrl":"https:\/\/thepaddlesportshow.com\/wp-content\/uploads\/2022\/01\/PG2022-vignette.jpg","datePublished":"2025-03-10T14:55:59+00:00","dateModified":"2025-03-11T16:16:28+00:00","breadcrumb":{"@id":"https:\/\/thepaddlesportshow.com\/2025-paddlers-guide\/#breadcrumb"},"inLanguage":"de","potentialAction":[{"@type":"ReadAction","target":["https:\/\/thepaddlesportshow.com\/2025-paddlers-guide\/"]}]},{"@type":"ImageObject","inLanguage":"de","@id":"https:\/\/thepaddlesportshow.com\/2025-paddlers-guide\/#primaryimage","url":"https:\/\/thepaddlesportshow.com\/wp-content\/uploads\/2022\/01\/PG2022-vignette.jpg","contentUrl":"https:\/\/thepaddlesportshow.com\/wp-content\/uploads\/2022\/01\/PG2022-vignette.jpg","width":620,"height":350},{"@type":"BreadcrumbList","@id":"https:\/\/thepaddlesportshow.com\/2025-paddlers-guide\/#breadcrumb","itemListElement":[{"@type":"ListItem","position":1,"name":"Home","item":"https:\/\/thepaddlesportshow.com\/"},{"@type":"ListItem","position":2,"name":"2025 Paddler&#8217;s Guide"}]},{"@type":"WebSite","@id":"https:\/\/thepaddlesportshow.com\/#website","url":"https:\/\/thepaddlesportshow.com\/","name":"The Paddle Sport Show","description":"The international Paddle Sports industry trade show","potentialAction":[{"@type":"SearchAction","target":{"@type":"EntryPoint","urlTemplate":"https:\/\/thepaddlesportshow.com\/?s={search_term_string}"},"query-input":{"@type":"PropertyValueSpecification","valueRequired":true,"valueName":"search_term_string"}}],"inLanguage":"de"}]}},"_links":{"self":[{"href":"https:\/\/thepaddlesportshow.com\/de\/wp-json\/wp\/v2\/pages\/13358","targetHints":{"allow":["GET"]}}],"collection":[{"href":"https:\/\/thepaddlesportshow.com\/de\/wp-json\/wp\/v2\/pages"}],"about":[{"href":"https:\/\/thepaddlesportshow.com\/de\/wp-json\/wp\/v2\/types\/page"}],"author":[{"embeddable":true,"href":"https:\/\/thepaddlesportshow.com\/de\/wp-json\/wp\/v2\/users\/1"}],"replies":[{"embeddable":true,"href":"https:\/\/thepaddlesportshow.com\/de\/wp-json\/wp\/v2\/comments?post=13358"}],"version-history":[{"count":0,"href":"https:\/\/thepaddlesportshow.com\/de\/wp-json\/wp\/v2\/pages\/13358\/revisions"}],"wp:featuredmedia":[{"embeddable":true,"href":"https:\/\/thepaddlesportshow.com\/de\/wp-json\/wp\/v2\/media\/2905"}],"wp:attachment":[{"href":"https:\/\/thepaddlesportshow.com\/de\/wp-json\/wp\/v2\/media?parent=13358"}],"wp:term":[{"taxonomy":"category","embeddable":true,"href":"https:\/\/thepaddlesportshow.com\/de\/wp-json\/wp\/v2\/categories?post=13358"},{"taxonomy":"post_tag","embeddable":true,"href":"https:\/\/thepaddlesportshow.com\/de\/wp-json\/wp\/v2\/tags?post=13358"}],"curies":[{"name":"wp","href":"https:\/\/api.w.org\/{rel}","templated":true}]}}